{"id":8072,"date":"2018-08-22T15:29:47","date_gmt":"2018-08-22T13:29:47","guid":{"rendered":"https:\/\/marbellarentacar.es\/?page_id=8072"},"modified":"2023-06-03T12:07:28","modified_gmt":"2023-06-03T10:07:28","slug":"mention-legale","status":"publish","type":"page","link":"https:\/\/marbellarentacar.es\/fr\/mention-legale\/","title":{"rendered":"Avis juridique"},"content":{"rendered":"<div class=\"wpb-content-wrapper\"><div class=\"vc_row wpb_row vc_row-fluid\"><div class=\"wpb_column vc_column_container vc_col-sm-12\"><div class=\"vc_column-inner\"><div class=\"wpb_wrapper\">\n\t<div class=\"wpb_text_column wpb_content_element txt_justify\" >\n\t\t<div class=\"wpb_wrapper\">\n\t\t\t<h2>LOI SUR LES SERVICES DE LA SOCI\u00c9T\u00c9 DE L'INFORMATION (LSSI)<\/h2>\n<p>MARBELLA RENT A CAR, responsable du site web, ci-apr\u00e8s d\u00e9nomm\u00e9 le CONTR\u00d4LEUR DE DONN\u00c9ES, met \u00e0 la disposition des utilisateurs le pr\u00e9sent document, destin\u00e9 \u00e0 remplir les obligations pr\u00e9vues par la loi espagnole 34\/2002 du 11 juillet 2002 relative aux services de la soci\u00e9t\u00e9 de l'information et du commerce \u00e9lectronique (LSSICE), Journal officiel de l'\u00c9tat espagnol n\u00b0 o 166, ainsi qu'\u00e0 informer tous les utilisateurs sur les conditions d'utilisation du site web.<\/p>\n<p>Toute personne qui acc\u00e8de \u00e0 ce site web acquiert le statut d'utilisateur et, en tant que tel, s'engage \u00e0 observer et \u00e0 respecter strictement les dispositions pr\u00e9vues dans le pr\u00e9sent document, ainsi que toute autre clause l\u00e9gale applicable.<\/p>\n<p><a class=\"wpil_keyword_link\" href=\"https:\/\/marbellarentacar.es\/fr\/\"   title=\"MARBELLA RENT A CAR\" data-wpil-keyword-link=\"linked\">MARBELLA RENT A CAR<\/a> se r\u00e9serve le droit de modifier tout type d'information pouvant figurer sur le site web, sans obligation de notification ou de sensibilisation des utilisateurs, la publication sur le site web de MARBELLA RENT A CAR \u00e9tant consid\u00e9r\u00e9e comme suffisante.<\/p>\n<h3>1. DONN\u00c9ES D'IDENTIFICATION<\/h3>\n<p>Nom de domaine : www.hermanossarmientos.com \/ www.marbellarentacar.es Nom commercial : MARBELLA RENT A CAR Nom commercial : TALLER HERMANOS SARMIENTO CHAPA Y PINTURA SL Num\u00e9ro d'identification : B29667458<\/p>\n<p>Adresse du si\u00e8ge social : pol.ind. Villarosa ctra Guadalmar4-6 , 29004 MALAGA (MALAGA) T\u00e9l\u00e9phone : 952 170 664<br \/>\nCourriel : ricardo.xalma@marbellarentacar.es<br \/>\nInscrit au registre (commercial \/ public) :<\/p>\n<h3>2. DROITS DE PROPRI\u00c9T\u00c9 INTELLECTUELLE ET INDUSTRIELLE<\/h3>\n<p>Le site web, y compris, mais sans s'y limiter, sa programmation, son \u00e9dition, sa compilation et les autres \u00e9l\u00e9ments n\u00e9cessaires \u00e0 son fonctionnement, les dessins, les logos, les textes et\/ou les graphiques, sont la propri\u00e9t\u00e9 du CONTR\u00d4LEUR DE DONN\u00c9ES ou, le cas \u00e9ch\u00e9ant, il d\u00e9tient une licence expresse ou est autoris\u00e9 par les auteurs. Tous les contenus du site web sont d\u00fbment prot\u00e9g\u00e9s par les lois sur la propri\u00e9t\u00e9 intellectuelle et industrielle et sont inscrits dans les registres publics correspondants.<\/p>\n<p>Ind\u00e9pendamment de la finalit\u00e9 pour laquelle ils ont \u00e9t\u00e9 con\u00e7us, la reproduction, l'utilisation, l'exploitation, la distribution et la commercialisation, totales ou partielles, requi\u00e8rent dans tous les cas l'autorisation \u00e9crite pr\u00e9alable du CONTR\u00d4LEUR DE DONN\u00c9ES. Toute utilisation non autoris\u00e9e est consid\u00e9r\u00e9e comme une violation grave des droits de propri\u00e9t\u00e9 intellectuelle ou industrielle de l'auteur.<\/p>\n<p>Les dessins, logos, textes et\/ou graphiques qui ne sont pas la propri\u00e9t\u00e9 du CONTR\u00d4LEUR DE DONN\u00c9ES et qui peuvent appara\u00eetre sur le site web, appartiennent \u00e0 leurs propri\u00e9taires respectifs qui sont responsables de tout \u00e9ventuel litige pouvant survenir \u00e0 leur sujet. Le CONTR\u00d4LEUR DE DONN\u00c9ES autorise express\u00e9ment les tiers \u00e0 rediriger vers les contenus sp\u00e9cifiques du site web et, dans tous les cas, \u00e0 rediriger vers le site web principal \u00e0 l'adresse www.hermanossarmientos.com \/ www.marbellarentacar.es.<\/p>\n<p>Le CONTR\u00d4LEUR DE DONN\u00c9ES reconna\u00eet les droits de propri\u00e9t\u00e9 intellectuelle et industrielle correspondants en faveur de leurs propri\u00e9taires, et toute mention ou apparition sur le site web n'implique pas l'existence de droits ou d'une responsabilit\u00e9 quelconque \u00e0 leur \u00e9gard, ni une approbation, un parrainage ou une recommandation de la part du site web.<\/p>\n<p>Les commentaires concernant toute violation \u00e9ventuelle des droits de propri\u00e9t\u00e9 intellectuelle ou industrielle, ainsi que le contenu du site web, peuvent \u00eatre envoy\u00e9s par courrier \u00e9lectronique \u00e0 l'adresse suivante : ricardo.xalma@marbellarentacar.es.<\/p>\n<h3>3. EXON\u00c9RATION DE RESPONSABILIT\u00c9<\/h3>\n<p>Le CONTR\u00d4LEUR DE DONN\u00c9ES ne peut \u00eatre tenu responsable de toute information publi\u00e9e sur son site web lorsque cette information a \u00e9t\u00e9 manipul\u00e9e ou introduite par un tiers non li\u00e9 au CONTR\u00d4LEUR DE DONN\u00c9ES.<br \/>\nUtilisation des cookies<\/p>\n<p>Ce site web peut utiliser des cookies techniques (petits fichiers d'information que le serveur envoie \u00e0 l'ordinateur de la personne qui acc\u00e8de \u00e0 la page) pour ex\u00e9cuter certaines fonctions consid\u00e9r\u00e9es comme essentielles au bon fonctionnement et \u00e0 l'affichage du site. Dans tous les cas, les cookies utilis\u00e9s sont temporaires, dans le seul but de rendre la navigation sur le site plus efficace, et disparaissent \u00e0 la fin de la session de l'utilisateur. En aucun cas ces cookies ne fournissent eux-m\u00eames des donn\u00e9es personnelles et ils ne seront pas utilis\u00e9s pour la collecte de telles donn\u00e9es.<\/p>\n<p>L'utilisation de cookies permet au serveur o\u00f9 se trouve le site web de reconna\u00eetre le navigateur utilis\u00e9 par l'utilisateur afin de faciliter la navigation et de permettre, par exemple, aux utilisateurs qui se sont pr\u00e9alablement enregistr\u00e9s d'acc\u00e9der aux zones, services, promotions ou concours qui leur sont exclusivement r\u00e9serv\u00e9s sans avoir \u00e0 s'enregistrer \u00e0 chaque visite. Ils peuvent \u00e9galement \u00eatre utilis\u00e9s pour mesurer les param\u00e8tres d'audience ou de trafic, suivre l'\u00e9volution et le nombre de participations, etc. Dans ces cas, les cookies utilis\u00e9s sont techniquement non essentiels mais b\u00e9n\u00e9fiques pour l'utilisateur. Ce site web n'installera pas de cookies sans le consentement pr\u00e9alable de l'utilisateur.<\/p>\n<p>Ce site utilise des cookies analytiques (_ga ou _utm) appartenant \u00e0 Google Analytics, d'une dur\u00e9e de deux ans, afin d'activer la fonction de contr\u00f4le unique des visiteurs et de faciliter votre navigation. Tous les utilisateurs qui visitent le site sont inform\u00e9s de l'utilisation de ces cookies au moyen d'une banni\u00e8re flottante. S'il continue \u00e0 naviguer, il est consid\u00e9r\u00e9 qu'il accepte leur utilisation. Si l'utilisation est accept\u00e9e, la banni\u00e8re dispara\u00eet, bien qu'il soit possible de r\u00e9voquer le consentement et d'obtenir plus d'informations \u00e0 tout moment en consultant notre politique en mati\u00e8re de cookies.<\/p>\n<p>L'utilisateur peut configurer son navigateur pour \u00eatre alert\u00e9 de la r\u00e9ception de cookies et pour emp\u00eacher leur installation sur son ordinateur. Pour plus d'informations, veuillez consulter les instructions de votre navigateur.<\/p>\n<p>Politique de liaison<\/p>\n<p>\u00c0 partir du site web, vous pouvez \u00eatre redirig\u00e9 vers le contenu d'un site web tiers. \u00c9tant donn\u00e9 que le CONTR\u00d4LEUR DE DONN\u00c9ES ne peut pas toujours contr\u00f4ler le contenu des sites web de tiers, il ne peut pas \u00eatre tenu responsable de ce contenu. Dans tous les cas, le CONTR\u00d4LEUR DE DONN\u00c9ES supprimera imm\u00e9diatement tout contenu qui pourrait \u00eatre contraire aux lois nationales ou internationales, \u00e0 la morale ou \u00e0 l'ordre public, et supprimera imm\u00e9diatement la redirection vers ce site web, en informant les autorit\u00e9s comp\u00e9tentes du contenu en question. Le CONTR\u00d4LEUR DE DONN\u00c9ES ne peut \u00eatre tenu responsable des informations et des contenus trouv\u00e9s, y compris, mais sans s'y limiter, dans les forums, les chats, les g\u00e9n\u00e9rateurs de blogs, les commentaires, les r\u00e9seaux sociaux ou tout autre moyen permettant \u00e0 des tiers de publier de mani\u00e8re ind\u00e9pendante des contenus sur le site Web du CONTR\u00d4LEUR. Cependant, et conform\u00e9ment aux dispositions des articles 11 et 16 de la loi espagnole sur les services de la soci\u00e9t\u00e9 de l'information et le commerce \u00e9lectronique (LSSICE), il est mis \u00e0 la disposition de tous les utilisateurs, autorit\u00e9s et forces de s\u00e9curit\u00e9, collaborant activement au retrait ou, le cas \u00e9ch\u00e9ant, au blocage de tous les contenus susceptibles d'affecter ou de violer les lois nationales ou internationales, les droits des tiers ou la morale et l'ordre public. Si l'utilisateur consid\u00e8re qu'il existe sur le site un contenu pouvant \u00eatre consid\u00e9r\u00e9 comme tel, il doit en informer imm\u00e9diatement l'administrateur du site.<\/p>\n<p>Ce site web a \u00e9t\u00e9 revu et test\u00e9 afin d'en assurer le bon fonctionnement. En principe, le bon fonctionnement peut \u00eatre garanti 365 jours par an, 24 heures par jour. Toutefois, le CONTR\u00d4LEUR DE DONN\u00c9ES n'exclut pas la possibilit\u00e9 qu'il y ait certaines erreurs de programmation ou que surviennent des cas de force majeure, des catastrophes naturelles, des gr\u00e8ves ou d'autres circonstances similaires qui rendent l'acc\u00e8s au site web impossible.<\/p>\n<p>Adresses IP<\/p>\n<p>Les serveurs de sites web pourront d\u00e9tecter automatiquement l'adresse IP et le nom de domaine utilis\u00e9s par l'utilisateur. Une adresse IP est un num\u00e9ro automatiquement attribu\u00e9 \u00e0 un ordinateur lorsqu'il se connecte \u00e0 Internet. Toutes ces informations sont enregistr\u00e9es dans un fichier d'activit\u00e9 d\u00fbment enregistr\u00e9 sur le serveur qui permet le traitement ult\u00e9rieur des donn\u00e9es afin d'obtenir uniquement des mesures statistiques qui nous indiquent le nombre de pages vues, le nombre de visites effectu\u00e9es sur les serveurs web, l'ordre des visites, le point d'acc\u00e8s, etc.<\/p>\n<h3>4. DROIT APPLICABLE ET JURIDICTION<\/h3>\n<p>Tous les litiges ou questions li\u00e9s \u00e0 ce site Web ou aux activit\u00e9s qui y sont men\u00e9es seront exclusivement r\u00e9gis par la l\u00e9gislation espagnole, et les cours et tribunaux les plus proches de MALAGA seront comp\u00e9tents pour la r\u00e9solution de tous les conflits d\u00e9coulant de son utilisation ou li\u00e9s \u00e0 celle-ci.<\/p>\n\n\t\t<\/div>\n\t<\/div>\n<\/div><\/div><\/div><\/div>\n<\/div>","protected":false},"excerpt":{"rendered":"LOI SUR LES SERVICES DE LA SOCI\u00c9T\u00c9 DE L'INFORMATION (LSSI) MARBELLA RENT A CAR, responsable du site web, ci-apr\u00e8s d\u00e9nomm\u00e9 le CONTR\u00d4LEUR DE DONN\u00c9ES, \u00e9tablit le pr\u00e9sent document qui a pour but de respecter les obligations pr\u00e9vues par la loi espagnole 34\/2002 du 11 juillet 2002 sur les services de la soci\u00e9t\u00e9 de l'information et du commerce \u00e9lectronique (LSSICE), Journal officiel de l'\u00c9tat espagnol n\u00ba o 166, disponible [...].","protected":false},"author":1,"featured_media":0,"parent":0,"menu_order":0,"comment_status":"closed","ping_status":"closed","template":"","meta":{"_joinchat":[],"footnotes":""},"class_list":["post-8072","page","type-page","status-publish"],"_links":{"self":[{"href":"https:\/\/marbellarentacar.es\/fr\/wp-json\/wp\/v2\/pages\/8072","targetHints":{"allow":["GET"]}}],"collection":[{"href":"https:\/\/marbellarentacar.es\/fr\/wp-json\/wp\/v2\/pages"}],"about":[{"href":"https:\/\/marbellarentacar.es\/fr\/wp-json\/wp\/v2\/types\/page"}],"author":[{"embeddable":true,"href":"https:\/\/marbellarentacar.es\/fr\/wp-json\/wp\/v2\/users\/1"}],"replies":[{"embeddable":true,"href":"https:\/\/marbellarentacar.es\/fr\/wp-json\/wp\/v2\/comments?post=8072"}],"version-history":[{"count":0,"href":"https:\/\/marbellarentacar.es\/fr\/wp-json\/wp\/v2\/pages\/8072\/revisions"}],"wp:attachment":[{"href":"https:\/\/marbellarentacar.es\/fr\/wp-json\/wp\/v2\/media?parent=8072"}],"curies":[{"name":"wp","href":"https:\/\/api.w.org\/{rel}","templated":true}]}}