{"id":608,"date":"2017-08-20T13:41:12","date_gmt":"2017-08-20T11:41:12","guid":{"rendered":"http:\/\/grupored.inteligencia-web.com\/?page_id=608"},"modified":"2023-06-02T18:32:07","modified_gmt":"2023-06-02T16:32:07","slug":"blog","status":"publish","type":"page","link":"https:\/\/marbellarentacar.es\/fr\/blog\/","title":{"rendered":"Blog"},"content":{"rendered":"<div class=\"wpb-content-wrapper\"><div class=\"vc_row wpb_row vc_row-fluid\"><div class=\"wpb_column vc_column_container vc_col-sm-12\"><div class=\"vc_column-inner\"><div class=\"wpb_wrapper\">\n<div class=\"vc_grid-container-wrapper vc_clearfix vc_grid-animation-fadeIn\">\n\t<div class=\"vc_grid-container vc_clearfix wpb_content_element vc_basic_grid\" data-initial-loading-animation=\"fadeIn\" data-vc-grid-settings=\"{&quot;page_id&quot;:608,&quot;style&quot;:&quot;all&quot;,&quot;action&quot;:&quot;vc_get_vc_grid_data&quot;,&quot;shortcode_id&quot;:&quot;1685723511629-5b8c79a2-c00e-7&quot;,&quot;tag&quot;:&quot;vc_basic_grid&quot;}\" data-vc-request=\"https:\/\/marbellarentacar.es\/wp-admin\/admin-ajax.php\" data-vc-post-id=\"608\" data-vc-public-nonce=\"d11c31efc4\">\n\t\t<div class=\"vc_grid vc_row vc_grid-gutter-30px vc_pageable-wrapper vc_hook_hover\" data-vc-pageable-content=\"true\"><div class=\"vc_pageable-slide-wrapper vc_clearfix\" data-vc-grid-content=\"true\"><div class=\"vc_grid-item vc_clearfix vc_col-sm-6 vc_grid-item-zone-c-bottom\"><div class=\"vc_grid-item-mini vc_clearfix\"><div class=\"vc_gitem-animated-block  vc_gitem-animate vc_gitem-animate-blurOut\"  data-vc-animation=\"blurOut\"><div class=\"vc_gitem-zone vc_gitem-zone-a vc-gitem-zone-height-mode-auto vc-gitem-zone-height-mode-auto-16-9 vc_gitem-is-link\" style=\"background-image: url('https:\/\/marbellarentacar.es\/wp-content\/uploads\/2024\/09\/post-11399-1024x538.jpg') !important;\"><a href=\"https:\/\/marbellarentacar.es\/fr\/destinations-exotiques-pour-votre-prochaine-aventure\/\" title=\"Destinations exotiques pour votre prochaine aventure\" class=\"vc_gitem-link vc-zone-link\" ><\/a><img decoding=\"async\" class=\"vc_gitem-zone-img\" src=\"https:\/\/marbellarentacar.es\/wp-content\/uploads\/2024\/09\/post-11399-1024x538.jpg\" alt=\"Destinations exotiques pour votre prochaine aventure\"><div class=\"vc_gitem-zone-mini\"><\/div><\/div><\/div><div class=\"vc_gitem-zone vc_gitem-zone-c\"><div class=\"vc_gitem-zone-mini\"><div class=\"vc_gitem_row vc_row vc_gitem-row-position-top\"><div class=\"vc_col-sm-12 vc_gitem-col vc_gitem-col-align-\"><div class=\"vc_custom_heading vc_gitem-post-data vc_gitem-post-data-source-post_title\" ><h4 style=\"text-align: left\" ><a href=\"https:\/\/marbellarentacar.es\/fr\/destinations-exotiques-pour-votre-prochaine-aventure\/\" class=\"vc_gitem-link\" title=\"Destinations exotiques pour votre prochaine aventure\">Destinations exotiques pour votre prochaine aventure<\/a><\/h4><\/div><div class=\"vc_custom_heading vc_gitem-post-data vc_gitem-post-data-source-post_excerpt\" ><p style=\"text-align: left\" >D\u00e9couvrez les meilleures destinations touristiques telles que Tbilissi, Maui et Larnaca, et trouvez des soci\u00e9t\u00e9s de location de voitures pour explorer confortablement chaque r\u00e9gion.<\/p><\/div><div class=\"vc_btn3-container vc_btn3-right\"><a class=\"vc_general vc_btn3 vc_btn3-size-xs vc_btn3-shape-square vc_btn3-style-flat vc_btn3-color-primary\" a href=\"https:\/\/marbellarentacar.es\/fr\/destinations-exotiques-pour-votre-prochaine-aventure\/\" title=\"En savoir plus\">En savoir plus<\/a><\/div><\/div><\/div><\/div><\/div><\/div><div class=\"vc_clearfix\"><\/div><\/div><div class=\"vc_grid-item vc_clearfix vc_col-sm-6 vc_grid-item-zone-c-bottom\"><div class=\"vc_grid-item-mini vc_clearfix\"><div class=\"vc_gitem-animated-block  vc_gitem-animate vc_gitem-animate-blurOut\"  data-vc-animation=\"blurOut\"><div class=\"vc_gitem-zone vc_gitem-zone-a vc-gitem-zone-height-mode-auto vc-gitem-zone-height-mode-auto-16-9 vc_gitem-is-link\" style=\"background-image: url('https:\/\/marbellarentacar.es\/wp-content\/uploads\/2023\/06\/post-10542.jpg') !important;\"><a href=\"https:\/\/marbellarentacar.es\/fr\/festivals-et-evenements-accessibles-en-voiture-depuis-malaga\/\" title=\"Festivals et \u00e9v\u00e9nements accessibles en voiture depuis Malaga\" class=\"vc_gitem-link vc-zone-link\" ><\/a><img decoding=\"async\" class=\"vc_gitem-zone-img\" src=\"https:\/\/marbellarentacar.es\/wp-content\/uploads\/2023\/06\/post-10542.jpg\" alt=\"Festivals et \u00e9v\u00e9nements \u00e0 Malaga\"><div class=\"vc_gitem-zone-mini\"><\/div><\/div><\/div><div class=\"vc_gitem-zone vc_gitem-zone-c\"><div class=\"vc_gitem-zone-mini\"><div class=\"vc_gitem_row vc_row vc_gitem-row-position-top\"><div class=\"vc_col-sm-12 vc_gitem-col vc_gitem-col-align-\"><div class=\"vc_custom_heading vc_gitem-post-data vc_gitem-post-data-source-post_title\" ><h4 style=\"text-align: left\" ><a href=\"https:\/\/marbellarentacar.es\/fr\/festivals-et-evenements-accessibles-en-voiture-depuis-malaga\/\" class=\"vc_gitem-link\" title=\"Festivals et \u00e9v\u00e9nements accessibles en voiture depuis Malaga\">Festivals et \u00e9v\u00e9nements accessibles en voiture depuis Malaga<\/a><\/h4><\/div><div class=\"vc_custom_heading vc_gitem-post-data vc_gitem-post-data-source-post_excerpt\" ><p style=\"text-align: left\" >La foire de Malaga, qui se tient en ao\u00fbt, est l'un des \u00e9v\u00e9nements les plus populaires. Ce festival d'une semaine est une c\u00e9l\u00e9bration vibrante de la musique, de la danse et de la cuisine espagnole.<\/p><\/div><div class=\"vc_btn3-container vc_btn3-right\"><a class=\"vc_general vc_btn3 vc_btn3-size-xs vc_btn3-shape-square vc_btn3-style-flat vc_btn3-color-primary\" a href=\"https:\/\/marbellarentacar.es\/fr\/festivals-et-evenements-accessibles-en-voiture-depuis-malaga\/\" title=\"En savoir plus\">En savoir plus<\/a><\/div><\/div><\/div><\/div><\/div><\/div><div class=\"vc_clearfix\"><\/div><\/div><div class=\"vc_grid-item vc_clearfix vc_col-sm-6 vc_grid-item-zone-c-bottom\"><div class=\"vc_grid-item-mini vc_clearfix\"><div class=\"vc_gitem-animated-block  vc_gitem-animate vc_gitem-animate-blurOut\"  data-vc-animation=\"blurOut\"><div class=\"vc_gitem-zone vc_gitem-zone-a vc-gitem-zone-height-mode-auto vc-gitem-zone-height-mode-auto-16-9 vc_gitem-is-link\" style=\"background-image: url('https:\/\/marbellarentacar.es\/wp-content\/uploads\/2022\/11\/post-10523.jpg') !important;\"><a href=\"https:\/\/marbellarentacar.es\/fr\/que-voir-a-la-linea-de-la-concepcion\/\" title=\"Que voir \u00e0 La L\u00ednea de la Concepci\u00f3n ?\" class=\"vc_gitem-link vc-zone-link\" ><\/a><img decoding=\"async\" class=\"vc_gitem-zone-img\" src=\"https:\/\/marbellarentacar.es\/wp-content\/uploads\/2022\/11\/post-10523.jpg\" alt=\"Que voir dans la zone de conception ?\"><div class=\"vc_gitem-zone-mini\"><\/div><\/div><\/div><div class=\"vc_gitem-zone vc_gitem-zone-c\"><div class=\"vc_gitem-zone-mini\"><div class=\"vc_gitem_row vc_row vc_gitem-row-position-top\"><div class=\"vc_col-sm-12 vc_gitem-col vc_gitem-col-align-\"><div class=\"vc_custom_heading vc_gitem-post-data vc_gitem-post-data-source-post_title\" ><h4 style=\"text-align: left\" ><a href=\"https:\/\/marbellarentacar.es\/fr\/que-voir-a-la-linea-de-la-concepcion\/\" class=\"vc_gitem-link\" title=\"Que voir \u00e0 La L\u00ednea de la Concepci\u00f3n ?\">Que voir \u00e0 La L\u00ednea de la Concepci\u00f3n ?<\/a><\/h4><\/div><div class=\"vc_custom_heading vc_gitem-post-data vc_gitem-post-data-source-post_excerpt\" ><p style=\"text-align: left\" >La L\u00ednea de la Concepci\u00f3n est une petite ville c\u00f4ti\u00e8re d'Andalousie, en Espagne. La ville est strat\u00e9giquement situ\u00e9e le long de la route maritime entre Gibraltar et la mer M\u00e9diterran\u00e9e et \u00e9tait autrefois un port important pour l'exportation du sel.<\/p><\/div><div class=\"vc_btn3-container vc_btn3-right\"><a class=\"vc_general vc_btn3 vc_btn3-size-xs vc_btn3-shape-square vc_btn3-style-flat vc_btn3-color-primary\" a href=\"https:\/\/marbellarentacar.es\/fr\/que-voir-a-la-linea-de-la-concepcion\/\" title=\"En savoir plus\">En savoir plus<\/a><\/div><\/div><\/div><\/div><\/div><\/div><div class=\"vc_clearfix\"><\/div><\/div><div class=\"vc_grid-item vc_clearfix vc_col-sm-6 vc_grid-item-zone-c-bottom\"><div class=\"vc_grid-item-mini vc_clearfix\"><div class=\"vc_gitem-animated-block  vc_gitem-animate vc_gitem-animate-blurOut\"  data-vc-animation=\"blurOut\"><div class=\"vc_gitem-zone vc_gitem-zone-a vc-gitem-zone-height-mode-auto vc-gitem-zone-height-mode-auto-16-9 vc_gitem-is-link\" style=\"background-image: url('https:\/\/marbellarentacar.es\/wp-content\/uploads\/2022\/10\/7-unforgettable-places-to-visit-in-nerja.jpg') !important;\"><a href=\"https:\/\/marbellarentacar.es\/fr\/7-lieux-inoubliables-a-visiter-a-nerja\/\" title=\"7 lieux inoubliables \u00e0 visiter \u00e0 Nerja\" class=\"vc_gitem-link vc-zone-link\" ><\/a><img decoding=\"async\" class=\"vc_gitem-zone-img\" src=\"https:\/\/marbellarentacar.es\/wp-content\/uploads\/2022\/10\/7-unforgettable-places-to-visit-in-nerja.jpg\" alt=\"7 lieux inoubliables \u00e0 visiter \u00e0 Nerja\"><div class=\"vc_gitem-zone-mini\"><\/div><\/div><\/div><div class=\"vc_gitem-zone vc_gitem-zone-c\"><div class=\"vc_gitem-zone-mini\"><div class=\"vc_gitem_row vc_row vc_gitem-row-position-top\"><div class=\"vc_col-sm-12 vc_gitem-col vc_gitem-col-align-\"><div class=\"vc_custom_heading vc_gitem-post-data vc_gitem-post-data-source-post_title\" ><h4 style=\"text-align: left\" ><a href=\"https:\/\/marbellarentacar.es\/fr\/7-lieux-inoubliables-a-visiter-a-nerja\/\" class=\"vc_gitem-link\" title=\"7 lieux inoubliables \u00e0 visiter \u00e0 Nerja\">7 lieux inoubliables \u00e0 visiter \u00e0 Nerja<\/a><\/h4><\/div><div class=\"vc_custom_heading vc_gitem-post-data vc_gitem-post-data-source-post_excerpt\" ><p style=\"text-align: left\" >La ville espagnole de Nerja est une destination estivale de choix pour les voyageurs en qu\u00eate de soleil et de mer. Cette charmante ville est situ\u00e9e sur la c\u00f4te, \u00e0 environ deux heures de Malaga, et offre aux visiteurs de nombreuses activit\u00e9s pour occuper leur temps et explorer sa beaut\u00e9 naturelle.<\/p><\/div><div class=\"vc_btn3-container vc_btn3-right\"><a class=\"vc_general vc_btn3 vc_btn3-size-xs vc_btn3-shape-square vc_btn3-style-flat vc_btn3-color-primary\" a href=\"https:\/\/marbellarentacar.es\/fr\/7-lieux-inoubliables-a-visiter-a-nerja\/\" title=\"En savoir plus\">En savoir plus<\/a><\/div><\/div><\/div><\/div><\/div><\/div><div class=\"vc_clearfix\"><\/div><\/div><div class=\"vc_grid-item vc_clearfix vc_col-sm-6 vc_grid-item-zone-c-bottom\"><div class=\"vc_grid-item-mini vc_clearfix\"><div class=\"vc_gitem-animated-block  vc_gitem-animate vc_gitem-animate-blurOut\"  data-vc-animation=\"blurOut\"><div class=\"vc_gitem-zone vc_gitem-zone-a vc-gitem-zone-height-mode-auto vc-gitem-zone-height-mode-auto-16-9 vc_gitem-is-link\" style=\"background-image: url('https:\/\/marbellarentacar.es\/wp-content\/uploads\/2022\/09\/865852550_vacaciones_felizes_en_espa_a_con_mi_coche_nuevo_resultado.jpg') !important;\"><a href=\"https:\/\/marbellarentacar.es\/fr\/lespagne-et-prenez-vos-vacances-du-bon-commencement\/\" title=\"L&#039;Espagne et le bon d\u00e9part pour les vacances\" class=\"vc_gitem-link vc-zone-link\" ><\/a><img decoding=\"async\" class=\"vc_gitem-zone-img\" src=\"https:\/\/marbellarentacar.es\/wp-content\/uploads\/2022\/09\/865852550_vacaciones_felizes_en_espa_a_con_mi_coche_nuevo_resultado.jpg\" alt=\"L&#039;Espagne et le bon d\u00e9part pour les vacances\"><div class=\"vc_gitem-zone-mini\"><\/div><\/div><\/div><div class=\"vc_gitem-zone vc_gitem-zone-c\"><div class=\"vc_gitem-zone-mini\"><div class=\"vc_gitem_row vc_row vc_gitem-row-position-top\"><div class=\"vc_col-sm-12 vc_gitem-col vc_gitem-col-align-\"><div class=\"vc_custom_heading vc_gitem-post-data vc_gitem-post-data-source-post_title\" ><h4 style=\"text-align: left\" ><a href=\"https:\/\/marbellarentacar.es\/fr\/lespagne-et-prenez-vos-vacances-du-bon-commencement\/\" class=\"vc_gitem-link\" title=\"L&#039;Espagne et le bon d\u00e9part pour les vacances\">L'Espagne et le bon d\u00e9part pour les vacances<\/a><\/h4><\/div><div class=\"vc_custom_heading vc_gitem-post-data vc_gitem-post-data-source-post_excerpt\" ><p style=\"text-align: left\" >Si vous \u00eates \u00e0 la recherche d'une location de voiture \u00e0 Malaga, en Espagne, et que vous voulez d\u00e9marrer vos vacances du bon pied, sans que cela vous co\u00fbte un bras, vous \u00eates au bon endroit. Obtenez votre assurance en quelques minutes avec nos partenaires de location de voitures, choisissez parmi une gamme de voitures abordables et partez sans stress.\r\n\r\n<\/p><\/div><div class=\"vc_btn3-container vc_btn3-right\"><a class=\"vc_general vc_btn3 vc_btn3-size-xs vc_btn3-shape-square vc_btn3-style-flat vc_btn3-color-primary\" a href=\"https:\/\/marbellarentacar.es\/fr\/lespagne-et-prenez-vos-vacances-du-bon-commencement\/\" title=\"En savoir plus\">En savoir plus<\/a><\/div><\/div><\/div><\/div><\/div><\/div><div class=\"vc_clearfix\"><\/div><\/div><div class=\"vc_grid-item vc_clearfix vc_col-sm-6 vc_grid-item-zone-c-bottom\"><div class=\"vc_grid-item-mini vc_clearfix\"><div class=\"vc_gitem-animated-block  vc_gitem-animate vc_gitem-animate-blurOut\"  data-vc-animation=\"blurOut\"><div class=\"vc_gitem-zone vc_gitem-zone-a vc-gitem-zone-height-mode-auto vc-gitem-zone-height-mode-auto-16-9 vc_gitem-is-link\" style=\"background-image: url('https:\/\/marbellarentacar.es\/wp-content\/uploads\/2022\/09\/1436325580_6_Places_To_Eat_In_Nerja__Spain_That_Will_Blow_Your_Mind_resultado.jpg') !important;\"><a href=\"https:\/\/marbellarentacar.es\/fr\/6-endroits-pour-manger-a-nerja-espagne-qui-vous-epateront\/\" title=\"6 endroits o\u00f9 manger \u00e0 Nerja, en Espagne, qui vous \u00e9tonneront\" class=\"vc_gitem-link vc-zone-link\" ><\/a><img decoding=\"async\" class=\"vc_gitem-zone-img\" src=\"https:\/\/marbellarentacar.es\/wp-content\/uploads\/2022\/09\/1436325580_6_Places_To_Eat_In_Nerja__Spain_That_Will_Blow_Your_Mind_resultado.jpg\" alt=\"6 endroits pour manger \u00e0 Nerja\"><div class=\"vc_gitem-zone-mini\"><\/div><\/div><\/div><div class=\"vc_gitem-zone vc_gitem-zone-c\"><div class=\"vc_gitem-zone-mini\"><div class=\"vc_gitem_row vc_row vc_gitem-row-position-top\"><div class=\"vc_col-sm-12 vc_gitem-col vc_gitem-col-align-\"><div class=\"vc_custom_heading vc_gitem-post-data vc_gitem-post-data-source-post_title\" ><h4 style=\"text-align: left\" ><a href=\"https:\/\/marbellarentacar.es\/fr\/6-endroits-pour-manger-a-nerja-espagne-qui-vous-epateront\/\" class=\"vc_gitem-link\" title=\"6 endroits o\u00f9 manger \u00e0 Nerja, en Espagne, qui vous \u00e9tonneront\">6 endroits o\u00f9 manger \u00e0 Nerja, en Espagne, qui vous \u00e9tonneront<\/a><\/h4><\/div><div class=\"vc_custom_heading vc_gitem-post-data vc_gitem-post-data-source-post_excerpt\" ><p style=\"text-align: left\" >Vous pr\u00e9voyez de passer prochainement des vacances en Espagne ? Si c'est le cas, vous serez heureux d'apprendre qu'il existe de nombreuses zones rurales magnifiques dans tout le pays. L'une d'entre elles est la ville de Nerja, situ\u00e9e sur la c\u00f4te et peupl\u00e9e d'\u00e0 peine 10 000 habitants.<\/p><\/div><div class=\"vc_btn3-container vc_btn3-right\"><a class=\"vc_general vc_btn3 vc_btn3-size-xs vc_btn3-shape-square vc_btn3-style-flat vc_btn3-color-primary\" a href=\"https:\/\/marbellarentacar.es\/fr\/6-endroits-pour-manger-a-nerja-espagne-qui-vous-epateront\/\" title=\"En savoir plus\">En savoir plus<\/a><\/div><\/div><\/div><\/div><\/div><\/div><div class=\"vc_clearfix\"><\/div><\/div><div class=\"vc_grid-item vc_clearfix vc_col-sm-6 vc_grid-item-zone-c-bottom\"><div class=\"vc_grid-item-mini vc_clearfix\"><div class=\"vc_gitem-animated-block  vc_gitem-animate vc_gitem-animate-blurOut\"  data-vc-animation=\"blurOut\"><div class=\"vc_gitem-zone vc_gitem-zone-a vc-gitem-zone-height-mode-auto vc-gitem-zone-height-mode-auto-16-9 vc_gitem-is-link\" style=\"background-image: url('https:\/\/marbellarentacar.es\/wp-content\/uploads\/2022\/09\/415411045_vacaciones_en_Marbella_espa_a_resultado.jpg') !important;\"><a href=\"https:\/\/marbellarentacar.es\/fr\/6-raisons-pour-quoi-vous-devriez-visiter-marbella\/\" title=\"6 raisons de visiter Marbella\" class=\"vc_gitem-link vc-zone-link\" ><\/a><img decoding=\"async\" class=\"vc_gitem-zone-img\" src=\"https:\/\/marbellarentacar.es\/wp-content\/uploads\/2022\/09\/415411045_vacaciones_en_Marbella_espa_a_resultado.jpg\" alt=\"6 raisons de visiter Marbella\"><div class=\"vc_gitem-zone-mini\"><\/div><\/div><\/div><div class=\"vc_gitem-zone vc_gitem-zone-c\"><div class=\"vc_gitem-zone-mini\"><div class=\"vc_gitem_row vc_row vc_gitem-row-position-top\"><div class=\"vc_col-sm-12 vc_gitem-col vc_gitem-col-align-\"><div class=\"vc_custom_heading vc_gitem-post-data vc_gitem-post-data-source-post_title\" ><h4 style=\"text-align: left\" ><a href=\"https:\/\/marbellarentacar.es\/fr\/6-raisons-pour-quoi-vous-devriez-visiter-marbella\/\" class=\"vc_gitem-link\" title=\"6 raisons de visiter Marbella\">6 raisons de visiter Marbella<\/a><\/h4><\/div><div class=\"vc_custom_heading vc_gitem-post-data vc_gitem-post-data-source-post_excerpt\" ><p style=\"text-align: left\" >Marbella est l'une des plus belles villes du monde. Si vous cherchez une ville \u00e9l\u00e9gante et sophistiqu\u00e9e avec beaucoup d'histoire, de culture et de nature, alors ne cherchez pas plus loin que Marbella. Aujourd'hui, nous allons parler des raisons pour lesquelles vous devriez visiter Marbella en 2019. <\/p><\/div><div class=\"vc_btn3-container vc_btn3-right\"><a class=\"vc_general vc_btn3 vc_btn3-size-xs vc_btn3-shape-square vc_btn3-style-flat vc_btn3-color-primary\" a href=\"https:\/\/marbellarentacar.es\/fr\/6-raisons-pour-quoi-vous-devriez-visiter-marbella\/\" title=\"En savoir plus\">En savoir plus<\/a><\/div><\/div><\/div><\/div><\/div><\/div><div class=\"vc_clearfix\"><\/div><\/div><\/div><\/div>\n\t<\/div>\n<\/div><\/div><\/div><\/div><\/div>\n<\/div>","protected":false},"excerpt":{"rendered":"Destinations exotiques pour votre prochaine aventureD\u00e9couvrez les meilleures destinations touristiques comme Tbilissi, Maui et Larnaca, et trouvez des soci\u00e9t\u00e9s de location de voitures pour explorer chaque r\u00e9gion confortablement.Lire la suiteFestivals et \u00e9v\u00e9nements accessibles en voiture depuis MalagaLa foire de Malaga, qui se tient en ao\u00fbt, est l'un des \u00e9v\u00e9nements les plus populaires. Ce festival d'une semaine est une c\u00e9l\u00e9bration vibrante de la musique, de la danse, [...]","protected":false},"author":1,"featured_media":0,"parent":0,"menu_order":0,"comment_status":"closed","ping_status":"closed","template":"","meta":{"_joinchat":[],"footnotes":""},"class_list":["post-608","page","type-page","status-publish"],"_links":{"self":[{"href":"https:\/\/marbellarentacar.es\/fr\/wp-json\/wp\/v2\/pages\/608","targetHints":{"allow":["GET"]}}],"collection":[{"href":"https:\/\/marbellarentacar.es\/fr\/wp-json\/wp\/v2\/pages"}],"about":[{"href":"https:\/\/marbellarentacar.es\/fr\/wp-json\/wp\/v2\/types\/page"}],"author":[{"embeddable":true,"href":"https:\/\/marbellarentacar.es\/fr\/wp-json\/wp\/v2\/users\/1"}],"replies":[{"embeddable":true,"href":"https:\/\/marbellarentacar.es\/fr\/wp-json\/wp\/v2\/comments?post=608"}],"version-history":[{"count":0,"href":"https:\/\/marbellarentacar.es\/fr\/wp-json\/wp\/v2\/pages\/608\/revisions"}],"wp:attachment":[{"href":"https:\/\/marbellarentacar.es\/fr\/wp-json\/wp\/v2\/media?parent=608"}],"curies":[{"name":"wp","href":"https:\/\/api.w.org\/{rel}","templated":true}]}}