{"id":1682,"date":"2018-02-12T13:51:18","date_gmt":"2018-02-12T13:51:18","guid":{"rendered":"http:\/\/marbellarentacar.es\/cookie-policy\/"},"modified":"2019-08-13T16:09:04","modified_gmt":"2019-08-13T14:09:04","slug":"cookie-policy","status":"publish","type":"page","link":"https:\/\/marbellarentacar.es\/fr\/cookie-policy\/","title":{"rendered":"Politique en mati\u00e8re de cookies"},"content":{"rendered":"<div class=\"wpb-content-wrapper\"><div class=\"vc_row wpb_row vc_row-fluid\"><div class=\"wpb_column vc_column_container vc_col-sm-12\"><div class=\"vc_column-inner\"><div class=\"wpb_wrapper\">\n\t<div class=\"wpb_text_column wpb_content_element txt_justify\" >\n\t\t<div class=\"wpb_wrapper\">\n\t\t\t<h3>INFORMATIONS SUR LES COOKIES<\/h3>\n<p>En raison de l'entr\u00e9e en vigueur de la modification de la \"Loi sur les services de la soci\u00e9t\u00e9 de l'information\" (LSSICE) \u00e9tablie par le d\u00e9cret royal espagnol 13\/2012, il est obligatoire d'obtenir le consentement expr\u00e8s de l'utilisateur de toutes les pages web qui utilisent des cookies redondants avant de les parcourir.<\/p>\n<h3>QU'EST-CE QU'UN COOKIE ?<\/h3>\n<p>Les cookies et autres technologies similaires, telles que les objets locaux partag\u00e9s, les cookies flash ou les pixels, sont des outils utilis\u00e9s par les serveurs web<\/p>\n<p>pour stocker et r\u00e9cup\u00e9rer des informations sur leurs visiteurs, ainsi que pour permettre le bon fonctionnement du site.<\/p>\n<p>Gr\u00e2ce \u00e0 ces dispositifs, le serveur Web est en mesure de m\u00e9moriser certaines donn\u00e9es concernant l'utilisateur, telles que ses pr\u00e9f\u00e9rences en mati\u00e8re de consultation des pages du serveur, son nom et son mot de passe, les produits qui l'int\u00e9ressent le plus, etc.<\/p>\n<p>LES COOKIES CONCERN\u00c9S PAR LES R\u00c9GLEMENTATIONS ET LES COOKIES EXEMPT\u00c9S DE CELLES-CI<\/p>\n<p>Selon la directive europ\u00e9enne, les cookies qui requi\u00e8rent le consentement \u00e9clair\u00e9 de l'utilisateur sont les cookies analytiques, publicitaires et d'affiliation, tandis que les cookies techniques et ceux qui sont n\u00e9cessaires au fonctionnement du site web ou \u00e0 la fourniture de services express\u00e9ment demand\u00e9s par l'utilisateur sont exempt\u00e9s.<\/p>\n<h3>QUELS SONT LES TYPES DE BISCUITS ?<\/h3>\n<p>Il existe cinq groupes principaux de cookies :<br \/>\nCookies analytiques : ils recueillent des informations sur la mani\u00e8re dont le site web est utilis\u00e9. Cookies sociaux : ils sont n\u00e9cessaires pour les r\u00e9seaux sociaux externes.<\/p>\n<p>Cookies d'affiliation : ils vous permettent de suivre les visites par le biais de liens provenant d'autres sites web, avec lesquels le site web \u00e9tablit des accords d'affiliation (soci\u00e9t\u00e9s affili\u00e9es).<\/p>\n<p>Cookies publicitaires et comportementaux : ils recueillent des informations sur les pr\u00e9f\u00e9rences et les choix personnels de l'utilisateur (re-targeting).<\/p>\n<p>Cookies techniques et fonctionnels : ils sont strictement n\u00e9cessaires \u00e0 l'utilisation du site web et \u00e0 la fourniture du service contractuel.<\/p>\n<h3>COOKIES UTILIS\u00c9S PAR CE SITE WEB<\/h3>\n<p>PHPSESSID : cookies techniques et strictement n\u00e9cessaires qui contiennent l'identifiant de session. Ils sont supprim\u00e9s lorsque vous fermez votre navigateur.<\/p>\n<p>_lang : cookies techniques et strictement n\u00e9cessaires qui contiennent la langue de la session. Ils sont supprim\u00e9s lorsque vous fermez votre navigateur.<br \/>\nac_cookies : cookies techniques et strictement n\u00e9cessaires qui contiennent la valeur de l'acceptation de l'installation des cookies. Ils expirent un an apr\u00e8s la derni\u00e8re mise \u00e0 jour.<br \/>\n_utma : Cookie de Google Analytics qui enregistre la date de la premi\u00e8re et de la derni\u00e8re visite de l'utilisateur sur le site. Il expire deux ans apr\u00e8s la derni\u00e8re mise \u00e0 jour. Pour plus d'informations sur le traitement des donn\u00e9es effectu\u00e9 par Google Analytics, voir ici.<br \/>\n_utmb : Cookie Google Analytics qui enregistre l'heure d'entr\u00e9e sur le site. Il expire 30 minutes apr\u00e8s la derni\u00e8re mise \u00e0 jour.<br \/>\n_utmc : Cookie Google Analytics utilis\u00e9 pour l'interop\u00e9rabilit\u00e9 avec le code de suivi urchin.js. Il est supprim\u00e9 lorsque vous fermez votre navigateur.<br \/>\n_utmt : Cookie Google Analytics. Ce cookie est utilis\u00e9 pour traiter le type de demande faite par l'utilisateur. Il expire \u00e0 la fin de la session.<br \/>\n_utmv : Cookie Google Analytics. Ce cookie est utilis\u00e9 pour segmenter les donn\u00e9es d\u00e9mographiques. Il expire \u00e0 la fin de la session.<br \/>\n_utmz : cookie de Google Analytics qui stocke la source du trafic ou une campagne qui explique comment l'utilisateur a atteint le site web. Il expire 6 mois apr\u00e8s la derni\u00e8re mise \u00e0 jour.<\/p>\n<h3>R\u00c9VOQUER LE CONSENTEMENT \u00c0 L'INSTALLATION DE COOKIES COMMENT SUPPRIMER LES COOKIES DE VOTRE NAVIGATEUR<\/h3>\n<p><strong>Chrome<\/strong><\/p>\n<p>1. Cliquez sur l'ic\u00f4ne<br \/>\nmenu 2. Cliquez sur Param\u00e8tres.<br \/>\n3. Cliquez sur Afficher les options avanc\u00e9es.<br \/>\n4. Dans la section \"Confidentialit\u00e9 et s\u00e9curit\u00e9\", cliquez sur Param\u00e8tres de contenu.<\/p>\n<p>- Supprimer les cookies : Cliquez sur Voir tous les cookies et donn\u00e9es du site...<\/p>\n<p>- Ne pas autoriser le stockage de cookies. 5. Cliquez sur Supprimer tout.<br \/>\n6. Fermez et red\u00e9marrez le navigateur.<\/p>\n<p>Pour plus d'informations sur Chrome, cliquez ici : http:\/\/support.google.com\/chrome\/answer\/95647?hl=es<\/p>\n<p><strong>Internet Explorer. Version 11<\/strong><\/p>\n<p>1. S\u00e9lectionnez Outils<br \/>\n2. Cliquez sur S\u00e9curit\u00e9.<br \/>\n3. Cliquez sur Supprimer l'historique de navigation.<br \/>\n4. S\u00e9lectionnez Cookies.<br \/>\n5. S\u00e9lectionnez Fichiers Internet temporaires. 6. Cliquez sur Supprimer.<br \/>\n7. Cliquez sur OK.<br \/>\n8. Fermez et red\u00e9marrez le navigateur.<\/p>\n<p>Pour plus d'informations sur Internet Explorer, cliquez ici : https:\/\/support.microsoft.com\/es-es\/kb\/278835<\/p>\n<p><strong>Firefox. Version 18<\/strong><\/p>\n<p>1. Ouvrez le menu.<br \/>\n2. Cliquez sur Options.<br \/>\n3. S\u00e9lectionnez l'onglet Confidentialit\u00e9 et s\u00e9curit\u00e9. Sous Cookies et donn\u00e9es de site, cliquez sur Effacer les donn\u00e9es... 4. S\u00e9lectionnez Cookies et donn\u00e9es de site et Contenu Web mis en cache.<br \/>\n5. Cliquez sur Effacer.<br \/>\n6. Fermez et red\u00e9marrez le navigateur.<\/p>\n<p>Vous pouvez accepter ou refuser les cookies individuellement en cliquant sur G\u00e9rer les donn\u00e9es. Pour plus d'informations sur Mozilla Firefox, cliquez ici :<\/p>\n<p>https:\/\/support.mozilla.org\/en-US\/kb\/delete-cookies-remove-info-websites-stored<\/p>\n<p><strong>Safari version 5.1<\/strong><\/p>\n<p>1. Cliquez sur Safari.<br \/>\n2. S\u00e9lectionnez l'onglet Confidentialit\u00e9 et s\u00e9curit\u00e9. Cliquez sur Pr\u00e9f\u00e9rences, puis sur Confidentialit\u00e9. 3. Cliquez sur Supprimer les cookies et les donn\u00e9es stock\u00e9es.<br \/>\n4. Fermez et red\u00e9marrez le navigateur.<\/p>\n<p>Pour plus d'informations sur Safari, cliquez ici : https:\/\/support.apple.com\/kb\/ph21411?locale=en_ES<\/p>\n<p><strong>Op\u00e9ra<\/strong><\/p>\n<p>Options - Avanc\u00e9 - Cookies.<br \/>\nLes param\u00e8tres des cookies d\u00e9terminent la mani\u00e8re dont Opera les traite et donc s'ils sont accept\u00e9s ou rejet\u00e9s.<\/p>\n<p>Pour plus d'informations sur Opera, cliquez ici : http:\/\/help.opera.com\/Linux\/10.60\/es-ES\/cookies.html<\/p>\n<p><strong>Autres navigateurs<\/strong><\/p>\n<p>Reportez-vous \u00e0 la documentation du navigateur que vous avez install\u00e9.<\/p>\n\n\t\t<\/div>\n\t<\/div>\n\n\t<div class=\"wpb_text_column wpb_content_element txt_justify\" >\n\t\t<div class=\"wpb_wrapper\">\n\t\t\t\n\t\t<\/div>\n\t<\/div>\n<\/div><\/div><\/div><\/div>\n<\/div>","protected":false},"excerpt":{"rendered":"INFORMATIONS SUR LES COOKIES Suite \u00e0 l'entr\u00e9e en vigueur de la modification de la \"Loi sur les services de la soci\u00e9t\u00e9 de l'information\" (LSSICE) \u00e9tablie par le d\u00e9cret royal espagnol 13\/2012, il est obligatoire d'obtenir le consentement expr\u00e8s de l'utilisateur de toutes les pages web qui utilisent des cookies redondants avant de les parcourir. QU'EST-CE QU'UN COOKIE ? Les cookies et [...]","protected":false},"author":1,"featured_media":0,"parent":0,"menu_order":0,"comment_status":"closed","ping_status":"closed","template":"","meta":{"_joinchat":[],"footnotes":""},"class_list":["post-1682","page","type-page","status-publish"],"_links":{"self":[{"href":"https:\/\/marbellarentacar.es\/fr\/wp-json\/wp\/v2\/pages\/1682","targetHints":{"allow":["GET"]}}],"collection":[{"href":"https:\/\/marbellarentacar.es\/fr\/wp-json\/wp\/v2\/pages"}],"about":[{"href":"https:\/\/marbellarentacar.es\/fr\/wp-json\/wp\/v2\/types\/page"}],"author":[{"embeddable":true,"href":"https:\/\/marbellarentacar.es\/fr\/wp-json\/wp\/v2\/users\/1"}],"replies":[{"embeddable":true,"href":"https:\/\/marbellarentacar.es\/fr\/wp-json\/wp\/v2\/comments?post=1682"}],"version-history":[{"count":0,"href":"https:\/\/marbellarentacar.es\/fr\/wp-json\/wp\/v2\/pages\/1682\/revisions"}],"wp:attachment":[{"href":"https:\/\/marbellarentacar.es\/fr\/wp-json\/wp\/v2\/media?parent=1682"}],"curies":[{"name":"wp","href":"https:\/\/api.w.org\/{rel}","templated":true}]}}