{"id":1665,"date":"2018-02-12T08:57:58","date_gmt":"2018-02-12T08:57:58","guid":{"rendered":"http:\/\/marbellarentacar.es\/?page_id=1665"},"modified":"2023-06-13T09:31:06","modified_gmt":"2023-06-13T07:31:06","slug":"faq","status":"publish","type":"page","link":"https:\/\/marbellarentacar.es\/fr\/faq\/","title":{"rendered":"FAQ"},"content":{"rendered":"<div class=\"wpb-content-wrapper\"><div class=\"vc_row wpb_row vc_row-fluid\"><div class=\"wpb_column vc_column_container vc_col-sm-12\"><div class=\"vc_column-inner\"><div class=\"wpb_wrapper\">\n\t<div class=\"wpb_text_column wpb_content_element\" >\n\t\t<div class=\"wpb_wrapper\">\n\t\t\t<p>\nChez Marbella Rent a Car, nous savons que de nombreux \u00e9l\u00e9ments entrent en ligne de compte lors de la n\u00e9gociation de la location d'un v\u00e9hicule. C'est pourquoi nous avons pr\u00e9par\u00e9 ce segment, dans lequel nous souhaitons r\u00e9pondre aux questions les plus fr\u00e9quentes que se posent nos clients.<\/p>\n<p>Ainsi, vous pourrez obtenir le meilleur service possible, les avantages qu'il offre et tous ces petits d\u00e9tails qui peuvent vous int\u00e9resser, et ainsi, vous pourrez prendre la meilleure d\u00e9cision du march\u00e9 avec nous, Marbella Rent a Car, la soci\u00e9t\u00e9 de location de voitures leader sur toute la c\u00f4te du soleil.<\/p>\n\n\t\t<\/div>\n\t<\/div>\n<\/div><\/div><\/div><\/div><div class=\"vc_row wpb_row vc_row-fluid\"><div class=\"wpb_column vc_column_container vc_col-sm-12\"><div class=\"vc_column-inner\"><div class=\"wpb_wrapper\">\n\t<div class=\"wpb_text_column wpb_content_element\" >\n\t\t<div class=\"wpb_wrapper\">\n\t\t\t<p>Envoyez la r\u00e9servation par courrier \u00e9lectronique pour la modifier si vous avez besoin de faire des changements et vous pouvez payer quand vous voulez. N'oubliez pas qu'il s'agit d'une r\u00e9servation non confirm\u00e9e.<\/p>\n\n\t\t<\/div>\n\t<\/div>\n<\/div><\/div><\/div><\/div><div class=\"vc_row wpb_row vc_row-fluid\"><div class=\"wpb_column vc_column_container vc_col-sm-12\"><div class=\"vc_column-inner\"><div class=\"wpb_wrapper\"><\/div><\/div><\/div><\/div>\n<\/div>","protected":false},"excerpt":{"rendered":"In Marbella Rent a Car we understand that many things are taken into account when negotiating the rental of a vehicle for which we prepare this segment, with which we want to give answers to the most frequent questions that our customers have. With this, you can get the best possible service, the benefits it [...]","protected":false},"author":1,"featured_media":0,"parent":0,"menu_order":0,"comment_status":"closed","ping_status":"closed","template":"","meta":{"_joinchat":[],"footnotes":""},"class_list":["post-1665","page","type-page","status-publish"],"_links":{"self":[{"href":"https:\/\/marbellarentacar.es\/fr\/wp-json\/wp\/v2\/pages\/1665","targetHints":{"allow":["GET"]}}],"collection":[{"href":"https:\/\/marbellarentacar.es\/fr\/wp-json\/wp\/v2\/pages"}],"about":[{"href":"https:\/\/marbellarentacar.es\/fr\/wp-json\/wp\/v2\/types\/page"}],"author":[{"embeddable":true,"href":"https:\/\/marbellarentacar.es\/fr\/wp-json\/wp\/v2\/users\/1"}],"replies":[{"embeddable":true,"href":"https:\/\/marbellarentacar.es\/fr\/wp-json\/wp\/v2\/comments?post=1665"}],"version-history":[{"count":0,"href":"https:\/\/marbellarentacar.es\/fr\/wp-json\/wp\/v2\/pages\/1665\/revisions"}],"wp:attachment":[{"href":"https:\/\/marbellarentacar.es\/fr\/wp-json\/wp\/v2\/media?parent=1665"}],"curies":[{"name":"wp","href":"https:\/\/api.w.org\/{rel}","templated":true}]}}