{"id":1574,"date":"2018-02-07T14:37:16","date_gmt":"2018-02-07T14:37:16","guid":{"rendered":"http:\/\/marbellarentacar.es\/?page_id=1574"},"modified":"2023-06-09T20:24:54","modified_gmt":"2023-06-09T18:24:54","slug":"politique-de-confidentialite","status":"publish","type":"page","link":"https:\/\/marbellarentacar.es\/fr\/politique-de-confidentialite\/","title":{"rendered":"Politique de confidentialit\u00e9"},"content":{"rendered":"<div class=\"wpb-content-wrapper\"><div class=\"vc_row wpb_row vc_row-fluid\"><div class=\"wpb_column vc_column_container vc_col-sm-12\"><div class=\"vc_column-inner\"><div class=\"wpb_wrapper\">\n\t<div class=\"wpb_text_column wpb_content_element txt_justify\" >\n\t\t<div class=\"wpb_wrapper\">\n\t\t\t<div class=\"page\" title=\"Page 28\">\n<div class=\"layoutArea\">\n<div class=\"column\">\n<h2>1. INFORMATIONS SUR L'UTILISATEUR<\/h2>\n<\/div>\n<\/div>\n<div class=\"layoutArea\">\n<div class=\"column\">\n<p>MARBELLA RENT A CAR, ci-apr\u00e8s le CONTR\u00d4LEUR DE DONN\u00c9ES, est responsable du traitement des donn\u00e9es personnelles de l'Utilisateur et vous informe que ces donn\u00e9es seront trait\u00e9es conform\u00e9ment aux dispositions du R\u00e8glement (UE) 2016\/679 du 27 avril 2016 (GDPR) relatif \u00e0 la protection des personnes physiques \u00e0 l'\u00e9gard du traitement des donn\u00e9es \u00e0 caract\u00e8re personnel et \u00e0 la libre circulation de ces donn\u00e9es, c'est pourquoi cette information sur le traitement vous est fournie :<\/p>\n<p>Finalit\u00e9 du traitement : entretenir une relation commerciale avec l'utilisateur. Les traitements pr\u00e9vus sont les suivants :<\/p>\n<p>Envoi de communications commerciales publicitaires par courrier \u00e9lectronique, fax, SMS, MMS, r\u00e9seaux sociaux ou par tout autre moyen \u00e9lectronique ou physique, pr\u00e9sent ou futur, permettant de r\u00e9aliser des communications commerciales. Ces communications seront envoy\u00e9es par le CONTR\u00d4LEUR DE DONN\u00c9ES et seront li\u00e9es \u00e0 ses produits et services, ou \u00e0 ceux de ses partenaires ou fournisseurs avec lesquels il a conclu un accord de promotion. Dans ce cas, les tiers n'auront jamais acc\u00e8s aux donn\u00e9es personnelles.<\/p>\n<p>R\u00e9alisation d'\u00e9tudes statistiques.<\/p>\n<p>Traitement des commandes, des demandes de renseignements ou de tout autre type de demande formul\u00e9e par l'utilisateur par l'interm\u00e9diaire de l'une des m\u00e9thodes de contact disponibles.<\/p>\n<p>Envoi de la lettre d'information du site web.<br \/>\nBase juridique du traitement : consentement de l'int\u00e9ress\u00e9.<\/p>\n<p>Crit\u00e8res de conservation des donn\u00e9es : les donn\u00e9es sont conserv\u00e9es tant qu'il existe un int\u00e9r\u00eat mutuel \u00e0 maintenir la finalit\u00e9 du traitement et, lorsque cette finalit\u00e9 n'est plus n\u00e9cessaire, les donn\u00e9es sont effac\u00e9es avec les mesures de s\u00e9curit\u00e9 appropri\u00e9es pour garantir leur pseudonymisation ou leur destruction compl\u00e8te.<\/p>\n<p>Communication des donn\u00e9es : Les donn\u00e9es ne seront pas divulgu\u00e9es \u00e0 des tiers, sauf en cas d'obligation l\u00e9gale. Droits de l'utilisateur :<\/p>\n<p>Droit de retirer son consentement \u00e0 tout moment.<\/p>\n<p>Droit d'acc\u00e8s, de rectification, de portabilit\u00e9 et d'effacement de vos donn\u00e9es et de restriction ou d'opposition \u00e0 leur traitement.<\/p>\n<p>Vous avez le droit de d\u00e9poser une plainte aupr\u00e8s de l'autorit\u00e9 de surveillance espagnole (www.aepd.es) si vous estimez que le traitement n'est pas conforme \u00e0 la l\u00e9gislation en vigueur.<\/p>\n<p>Coordonn\u00e9es pour l'exercice de vos droits :<\/p>\n<p>Adresse postale : <a class=\"wpil_keyword_link\" href=\"https:\/\/marbellarentacar.es\/fr\/\"   title=\"MARBELLA RENT A CAR\" data-wpil-keyword-link=\"linked\">MARBELLA RENT A CAR<\/a> pol.ind. Villarosa ctra Guadalmar, 4-6 - 29004 MALAGA (MALAGA). Courriel : ricardo.xalma@marbellarentacar.es<\/p>\n<div class=\"page\" title=\"Page 29\">\n<div class=\"layoutArea\">\n<div class=\"column\">\n<h3>2. LE CARACT\u00c8RE OBLIGATOIRE OU FACULTATIF DES INFORMATIONS FOURNIES PAR L'UTILISATEUR<\/h3>\n<p>Les utilisateurs, en cochant les cases correspondantes et en saisissant les donn\u00e9es dans les champs marqu\u00e9s d'un ast\u00e9risque (*) dans le formulaire de contact ou de t\u00e9l\u00e9chargement, acceptent express\u00e9ment et de mani\u00e8re libre et non \u00e9quivoque que leurs donn\u00e9es soient n\u00e9cessaires pour que le fournisseur puisse r\u00e9pondre \u00e0 leur demande, en fournissant volontairement leurs donn\u00e9es dans les champs restants. L'utilisateur s'assure que les donn\u00e9es personnelles fournies au contr\u00f4leur de donn\u00e9es sont v\u00e9ridiques et il est responsable de la communication de toute modification de ces donn\u00e9es.<\/p>\n<p>Le CONTR\u00d4LEUR DE DONN\u00c9ES informe et garantit express\u00e9ment aux utilisateurs que leurs donn\u00e9es personnelles ne seront en aucun cas c\u00e9d\u00e9es \u00e0 des tiers et que, pour tout type de cession de donn\u00e9es personnelles, le consentement expr\u00e8s, \u00e9clair\u00e9 et sans \u00e9quivoque des utilisateurs sera demand\u00e9 au pr\u00e9alable. Toutes les donn\u00e9es demand\u00e9es par l'interm\u00e9diaire du site web sont obligatoires, car elles sont n\u00e9cessaires \u00e0 la fourniture d'un service optimal \u00e0 l'utilisateur. Dans le cas o\u00f9 toutes les donn\u00e9es ne seraient pas fournies, il n'est pas garanti que les informations et les services fournis soient totalement adapt\u00e9s \u00e0 vos besoins.<\/p>\n<h3>3. LES MESURES DE S\u00c9CURIT\u00c9<\/h3>\n<p>Que, conform\u00e9ment aux dispositions de la r\u00e9glementation en vigueur en mati\u00e8re de protection des donn\u00e9es \u00e0 caract\u00e8re personnel, le CONTR\u00d4LEUR DE DONN\u00c9ES respecte toutes les dispositions de la r\u00e9glementation GDPR pour le traitement des donn\u00e9es \u00e0 caract\u00e8re personnel dont il est responsable, et qu'il respecte manifestement les principes d\u00e9crits \u00e0 l'article 5 du GDPR, en vertu desquels ces donn\u00e9es sont trait\u00e9es de mani\u00e8re licite, loyale et transparente \u00e0 l'\u00e9gard de la Personne concern\u00e9e et sont appropri\u00e9es, pertinentes et limit\u00e9es \u00e0 ce qui est n\u00e9cessaire au regard des finalit\u00e9s pour lesquelles elles sont trait\u00e9es.<\/p>\n<p>Le CONTR\u00d4LEUR DE DONN\u00c9ES garantit que toutes les politiques techniques et organisationnelles appropri\u00e9es ont \u00e9t\u00e9 mises en \u0153uvre pour appliquer les mesures de s\u00e9curit\u00e9 \u00e9tablies par le GDPR afin de prot\u00e9ger les droits et libert\u00e9s des utilisateurs, et a communiqu\u00e9 les informations appropri\u00e9es pour qu'ils puissent exercer leurs droits et libert\u00e9s.<\/p>\n<\/div>\n<\/div>\n<\/div>\n<\/div>\n<\/div>\n<\/div>\n\n\t\t<\/div>\n\t<\/div>\n\n\t<div class=\"wpb_text_column wpb_content_element txt_justify\" >\n\t\t<div class=\"wpb_wrapper\">\n\t\t\t\n\t\t<\/div>\n\t<\/div>\n<\/div><\/div><\/div><\/div>\n<\/div>","protected":false},"excerpt":{"rendered":"1. INFORMATIONS SUR L'UTILISATEUR MARBELLA RENT A CAR, ci-apr\u00e8s le CONTR\u00d4LEUR DE DONN\u00c9ES, est responsable du traitement des donn\u00e9es \u00e0 caract\u00e8re personnel de l'Utilisateur et vous informe que ces donn\u00e9es seront trait\u00e9es conform\u00e9ment aux dispositions du R\u00e8glement (UE) 2016\/679 du 27 avril 2016 (GDPR) relatif \u00e0 la protection des personnes physiques \u00e0 l'\u00e9gard du traitement [...]","protected":false},"author":1,"featured_media":0,"parent":0,"menu_order":0,"comment_status":"closed","ping_status":"closed","template":"","meta":{"_joinchat":[],"footnotes":""},"class_list":["post-1574","page","type-page","status-publish"],"_links":{"self":[{"href":"https:\/\/marbellarentacar.es\/fr\/wp-json\/wp\/v2\/pages\/1574","targetHints":{"allow":["GET"]}}],"collection":[{"href":"https:\/\/marbellarentacar.es\/fr\/wp-json\/wp\/v2\/pages"}],"about":[{"href":"https:\/\/marbellarentacar.es\/fr\/wp-json\/wp\/v2\/types\/page"}],"author":[{"embeddable":true,"href":"https:\/\/marbellarentacar.es\/fr\/wp-json\/wp\/v2\/users\/1"}],"replies":[{"embeddable":true,"href":"https:\/\/marbellarentacar.es\/fr\/wp-json\/wp\/v2\/comments?post=1574"}],"version-history":[{"count":0,"href":"https:\/\/marbellarentacar.es\/fr\/wp-json\/wp\/v2\/pages\/1574\/revisions"}],"wp:attachment":[{"href":"https:\/\/marbellarentacar.es\/fr\/wp-json\/wp\/v2\/media?parent=1574"}],"curies":[{"name":"wp","href":"https:\/\/api.w.org\/{rel}","templated":true}]}}