{"id":10077,"date":"2020-10-26T11:03:53","date_gmt":"2020-10-26T10:03:53","guid":{"rendered":"https:\/\/marbellarentacar.es\/?page_id=10077"},"modified":"2023-06-23T21:34:07","modified_gmt":"2023-06-23T19:34:07","slug":"service-de-navette","status":"publish","type":"page","link":"https:\/\/marbellarentacar.es\/fr\/service-de-navette\/","title":{"rendered":"Service de navette"},"content":{"rendered":"<div class=\"wpb-content-wrapper\"><div class=\"vc_row wpb_row vc_row-fluid\"><div class=\"wpb_column vc_column_container vc_col-sm-6\"><div class=\"vc_column-inner vc_custom_1461081838715\"><div class=\"wpb_wrapper\"><div class=\"wpb_gmaps_widget wpb_content_element\"><h2 class=\"wpb_heading wpb_map_heading\">Localisation<\/h2><div class=\"wpb_wrapper\"><div class=\"wpb_map_wraper\"><iframe src=\"https:\/\/www.google.com\/maps\/embed?pb=!1m18!1m12!1m3!1d3200.0964324860233!2d-4.477837449005518!3d36.672182382496544!2m3!1f0!2f0!3f0!3m2!1i1024!2i768!4f13.1!3m3!1m2!1s0xd72fa226676d7b5%3A0x83c501999b0af897!2sMarbella+Rent+a+Car+-+Oficina+Aeropuerto+M%C3%A1laga!5e0!3m2!1ses!2ses!4v1518010405086\"  height=\"670\" frameborder=\"0\" style=\"border:0\" allowfullscreen><\/iframe><\/div><\/div><\/div><div class=\"vc_empty_space\"   style=\"height: 32px\"><span class=\"vc_empty_space_inner\"><\/span><\/div><div class=\"vc_message_box vc_message_box-standard vc_message_box-rounded vc_color-alert-info vc_do_message\" ><div class=\"vc_message_box-icon\"><i class=\"fa fa-map-marker\"><\/i><\/div><p>Politique industrielle Villarosa<br \/>\nCarretera Guadalmar, 4 y 6<br \/>\nE-29004 M\u00e1laga (zone a\u00e9roportuaire)<\/p>\n<\/div><div class=\"vc_btn3-container  botoncomollegar vc_btn3-center vc_custom_1526652705280 vc_do_btn\" ><a class=\"vc_general vc_btn3 vc_btn3-size-lg vc_btn3-shape-rounded vc_btn3-style-3d vc_btn3-block vc_btn3-icon-left vc_btn3-color-primary\" href=\"https:\/\/www.google.es\/maps\/dir\/Ctra.+Guadalmar,+36,+29004+M%C3%A1laga\/Aeropuerto,+M%C3%A1laga\/@36.671118,-4.4890702,15z\/data=!3m1!4b1!4m13!4m12!1m5!1m1!1s0xd72f98e79236757:0x6799e977aa2dca4!2m2!1d-4.4718578!2d36.6710831!1m5!1m1!1s0xd72fa3faf59669b:0xa244f8681e5b670!2m2!1d-4.4928531!2d36.6732025\" title=\"google maps\" target=\"_blank\" rel=\"noopener\"><i class=\"vc_btn3-icon fa fa-map-marker\"><\/i> Comment se rendre \u00e0 l'a\u00e9roport<\/a><\/div><\/div><\/div><\/div><div class=\"wpb_column vc_column_container vc_col-sm-6\"><div class=\"vc_column-inner\"><div class=\"wpb_wrapper\"><div class=\"vc_empty_space\"   style=\"height: 32px\"><span class=\"vc_empty_space_inner\"><\/span><\/div><div id=\"ultimate-heading-530069d025b40987e\" class=\"uvc-heading ult-adjust-bottom-margin ultimate-heading-530069d025b40987e uvc-1075\" data-hspacer=\"no_spacer\"  data-halign=\"left\" style=\"text-align:left\"><div class=\"uvc-heading-spacer no_spacer\" style=\"top\"><\/div><div class=\"uvc-main-heading ult-responsive\"  data-ultimate-target='.uvc-heading.ultimate-heading-530069d025b40987e h2'  data-responsive-json-new='{\"font-size\":\"\",\"line-height\":\"\"}' ><h2 style=\"font-weight:normal;\">RAMASSER :<\/h2><\/div><div class=\"uvc-sub-heading ult-responsive\"  data-ultimate-target='.uvc-heading.ultimate-heading-530069d025b40987e .uvc-sub-heading '  data-responsive-json-new='{\"font-size\":\"\",\"line-height\":\"\"}'  style=\"font-weight:normal;\">Sortez du hall des arriv\u00e9es par la porte principale et continuez tout droit pendant environ 20 m\u00e8tres.<br \/>\nTraversez le passage pi\u00e9ton et continuez tout droit pendant environ 30 m\u00e8tres en direction de la gare.<br \/>\nJuste derri\u00e8re la gare, vous trouverez l'arr\u00eat des minibus de courtoisie.<br \/>\nVeuillez attendre le panneau \"shuttle bus\/ courtesy bus\/ minib\u00fas de cortes\u00eda\".<br \/>\nVous reconna\u00eetrez notre bus bleu de courtoisie au logo de <a class=\"wpil_keyword_link\" href=\"https:\/\/marbellarentacar.es\/fr\/\" title=\"MARBELLA RENT A CAR\" data-wpil-keyword-link=\"linked\">MARBELLA RENT A CAR<\/a> <\/div><\/div><div class=\"vc_separator wpb_content_element vc_separator_align_center vc_sep_width_100 vc_sep_border_width_3 vc_sep_pos_align_center vc_separator_no_text vc_custom_1603706889672 wpb_content_element  vc_custom_1603706889672 wpb_content_element\" ><span class=\"vc_sep_holder vc_sep_holder_l\"><span style=\"border-color:#0073aa;\" class=\"vc_sep_line\"><\/span><\/span><span class=\"vc_sep_holder vc_sep_holder_r\"><span style=\"border-color:#0073aa;\" class=\"vc_sep_line\"><\/span><\/span>\n<\/div><div id=\"ultimate-heading-31369d025b409b45\" class=\"uvc-heading ult-adjust-bottom-margin ultimate-heading-31369d025b409b45 uvc-6575\" data-hspacer=\"no_spacer\"  data-halign=\"left\" style=\"text-align:left\"><div class=\"uvc-heading-spacer no_spacer\" style=\"top\"><\/div><div class=\"uvc-main-heading ult-responsive\"  data-ultimate-target='.uvc-heading.ultimate-heading-31369d025b409b45 h2'  data-responsive-json-new='{\"font-size\":\"\",\"line-height\":\"\"}' ><h2 style=\"font-weight:normal;\">D\u00c9CHARGE :<\/h2><\/div><div class=\"uvc-sub-heading ult-responsive\"  data-ultimate-target='.uvc-heading.ultimate-heading-31369d025b409b45 .uvc-sub-heading '  data-responsive-json-new='{\"font-size\":\"\",\"line-height\":\"\"}'  style=\"font-weight:normal;\">Le jour et l'heure de la restitution doivent \u00eatre reconfirm\u00e9s avec MARBELLA RENT A CAR \u00e0 l'arriv\u00e9e ou, si cela n'est pas possible, par t\u00e9l\u00e9phone, un jour avant le retour.<br \/>\nla voiture, le dernier. Le point de d\u00e9p\u00f4t est situ\u00e9 dans notre d\u00e9p\u00f4t \u00e0 proximit\u00e9 de l'a\u00e9roport. Une fois l'enregistrement effectu\u00e9, vous serez conduit \u00e0 l'a\u00e9roport de d\u00e9part.<br \/>\nLe terminal est \u00e0 nouveau desservi par une navette.<br \/>\nSi, pour une raison quelconque, vous ne parvenez pas \u00e0 nous trouver, appelez le (+34 685 985 728).<\/div><\/div><div class=\"vc_separator wpb_content_element vc_separator_align_center vc_sep_width_100 vc_sep_border_width_3 vc_sep_pos_align_center vc_separator_no_text vc_custom_1603706884294 wpb_content_element  vc_custom_1603706884294 wpb_content_element\" ><span class=\"vc_sep_holder vc_sep_holder_l\"><span style=\"border-color:#0073aa;\" class=\"vc_sep_line\"><\/span><\/span><span class=\"vc_sep_holder vc_sep_holder_r\"><span style=\"border-color:#0073aa;\" class=\"vc_sep_line\"><\/span><\/span>\n<\/div>\n\t<div  class=\"wpb_single_image wpb_content_element vc_align_center wpb_content_element wpb_animate_when_almost_visible wpb_fadeInRight fadeInRight\">\n\t\t\n\t\t<figure class=\"wpb_wrapper vc_figure\">\n\t\t\t<div class=\"vc_single_image-wrapper   vc_box_border_grey\"><img decoding=\"async\" width=\"533\" height=\"297\" src=\"https:\/\/marbellarentacar.es\/wp-content\/uploads\/2018\/05\/BUS-01A.jpg\" class=\"vc_single_image-img attachment-full\" alt=\"Location de voiture\" title=\"Location de voiture\" srcset=\"https:\/\/marbellarentacar.es\/wp-content\/uploads\/2018\/05\/BUS-01A.jpg 533w, https:\/\/marbellarentacar.es\/wp-content\/uploads\/2018\/05\/BUS-01A-300x167.jpg 300w\" sizes=\"(max-width: 533px) 100vw, 533px\" \/><\/div>\n\t\t<\/figure>\n\t<\/div>\n<div class=\"vc_message_box vc_message_box-standard vc_message_box-rounded vc_color-info vc_custom_1548242129520 vc_do_message\" ><div class=\"vc_message_box-icon\"><i class=\"fas fa-info-circle\"><\/i><\/div><h6>Prise en charge uniquement \u00e0 l'a\u00e9roport de Malaga AGP, ce service est enti\u00e8rement gratuit. <span style=\"color: #ff0000;\">gratuit<\/span> sauf pour les d\u00e9placements en dehors des heures d'ouverture. Plus d'informations <a style=\"text-decoration: underline;\" href=\"https:\/\/marbellarentacar.es\/fr\/supplements\/\" target=\"_blank\" rel=\"noopener noreferrer\">ici<\/a>.<\/h6>\n<\/div><\/div><\/div><\/div><\/div><div class=\"vc_row wpb_row vc_row-fluid\"><div class=\"wpb_column vc_column_container vc_col-sm-12\"><div class=\"vc_column-inner\"><div class=\"wpb_wrapper\"><div class=\"vc_empty_space\"   style=\"height: 32px\"><span class=\"vc_empty_space_inner\"><\/span><\/div><div class=\"vc_separator wpb_content_element vc_separator_align_center vc_sep_width_100 vc_sep_border_width_3 vc_sep_pos_align_center vc_separator_no_text wpb_content_element  wpb_content_element\" ><span class=\"vc_sep_holder vc_sep_holder_l\"><span style=\"border-color:#116ebf;\" class=\"vc_sep_line\"><\/span><\/span><span class=\"vc_sep_holder vc_sep_holder_r\"><span style=\"border-color:#116ebf;\" class=\"vc_sep_line\"><\/span><\/span>\n<\/div><div class=\"vc_empty_space\"   style=\"height: 32px\"><span class=\"vc_empty_space_inner\"><\/span><\/div><\/div><\/div><\/div><\/div><div class=\"vc_row wpb_row vc_row-fluid\"><div class=\"wpb_column vc_column_container vc_col-sm-2\"><div class=\"vc_column-inner\"><div class=\"wpb_wrapper\"><\/div><\/div><\/div><div class=\"wpb_column vc_column_container vc_col-sm-8\"><div class=\"vc_column-inner\"><div class=\"wpb_wrapper\">\n\t<div  class=\"wpb_single_image wpb_content_element vc_align_right wpb_content_element\">\n\t\t\n\t\t<figure class=\"wpb_wrapper vc_figure\">\n\t\t\t<div class=\"vc_single_image-wrapper   vc_box_border_grey\"><img decoding=\"async\" width=\"1024\" height=\"702\" src=\"https:\/\/marbellarentacar.es\/wp-content\/uploads\/2023\/06\/BUS-4.jpg\" class=\"vc_single_image-img attachment-full\" alt=\"Bus\" title=\"BUS-4\" srcset=\"https:\/\/marbellarentacar.es\/wp-content\/uploads\/2023\/06\/BUS-4.jpg 1024w, https:\/\/marbellarentacar.es\/wp-content\/uploads\/2023\/06\/BUS-4-300x206.jpg 300w, https:\/\/marbellarentacar.es\/wp-content\/uploads\/2023\/06\/BUS-4-768x527.jpg 768w, https:\/\/marbellarentacar.es\/wp-content\/uploads\/2023\/06\/BUS-4-18x12.jpg 18w\" sizes=\"(max-width: 1024px) 100vw, 1024px\" \/><\/div>\n\t\t<\/figure>\n\t<\/div>\n<\/div><\/div><\/div><div class=\"wpb_column vc_column_container vc_col-sm-2\"><div class=\"vc_column-inner\"><div class=\"wpb_wrapper\"><\/div><\/div><\/div><\/div><div class=\"vc_row wpb_row vc_row-fluid\"><div class=\"wpb_column vc_column_container vc_col-sm-3\"><div class=\"vc_column-inner\"><div class=\"wpb_wrapper\"><\/div><\/div><\/div><div class=\"wpb_column vc_column_container vc_col-sm-6\"><div class=\"vc_column-inner\"><div class=\"wpb_wrapper\"><div class=\"vc_btn3-container  wpb_animate_when_almost_visible wpb_fadeInDown fadeInDown vc_btn3-center vc_do_btn\" ><a class=\"vc_general vc_btn3 vc_btn3-size- vc_btn3-shape-rounded vc_btn3-style-classic vc_btn3-block vc_btn3-icon-left vc_btn3-color-primary\" href=\"http:\/\/m.me\/marbellarentacahelp\" title=\"\" target=\"_blank\" rel=\"nofollow\"><i class=\"vc_btn3-icon fa fa-comment\"><\/i> Envoyer \u00e0 un Messenger, en temps r\u00e9el.<\/a><\/div><\/div><\/div><\/div><div class=\"wpb_column vc_column_container vc_col-sm-3\"><div class=\"vc_column-inner\"><div class=\"wpb_wrapper\"><\/div><\/div><\/div><\/div><div class=\"vc_row wpb_row vc_row-fluid vc_custom_1518009491496\"><div class=\"wpb_column vc_column_container vc_col-sm-12\"><div class=\"vc_column-inner\"><div class=\"wpb_wrapper\"><div class=\"vc_icon_element vc_icon_element-outer vc_do_icon contact_icon wpb_animate_when_almost_visible wpb_flipInX flipInX vc_icon_element-align-center vc_icon_element-have-style\"><div class=\"vc_icon_element-inner vc_icon_element-color-white vc_icon_element-have-style-inner vc_icon_element-size-md vc_icon_element-style-rounded vc_icon_element-background vc_icon_element-background-color-secondary_color_background\" ><span class=\"vc_icon_element-icon fa fa-map-marker\" ><\/span><\/div><\/div>\n\t<div class=\"wpb_text_column wpb_content_element vc_custom_1552562721317\" >\n\t\t<div class=\"wpb_wrapper\">\n\t\t\t<h3 style=\"text-align: center;\"><span style=\"font-weight: 900;\">A\u00e9roport de M\u00c1LAGA<\/span><\/h3>\n<h5 style=\"text-align: center;\"><span style=\"font-weight: 900;\">Office central<\/span><\/h5>\n<p style=\"text-align: center;\">Zone industrielle Villarosa<br \/>\nCarretera Guadalmar, 4 y 6<br \/>\nE-29004 M\u00e1laga (zone a\u00e9roportuaire)<\/p>\n\n\t\t<\/div>\n\t<\/div>\n<div class=\"vc_btn3-container  wpb_animate_when_almost_visible wpb_fadeInDown fadeInDown vc_btn3-center vc_custom_1518009645569 vc_do_btn\" ><a class=\"vc_general vc_btn3 vc_btn3-size-md vc_btn3-shape-rounded vc_btn3-style-modern vc_btn3-block vc_btn3-icon-left vc_btn3-color-default\" href=\"tel:+34952241288\" title=\"\"><i class=\"vc_btn3-icon fa fa-phone-square\"><\/i> +34 952 24 12 88<\/a><\/div><div class=\"vc_btn3-container  wpb_animate_when_almost_visible wpb_fadeInDown fadeInDown vc_btn3-center vc_custom_1528447454604 vc_do_btn\" ><a class=\"vc_general vc_btn3 vc_btn3-size-md vc_btn3-shape-rounded vc_btn3-style-modern vc_btn3-block vc_btn3-icon-left vc_btn3-color-default\" href=\"https:\/\/api.whatsapp.com\/send?phone=34685985728\" title=\"\" target=\"_blank\" rel=\"noopener\"><i class=\"vc_btn3-icon fa fa-whatsapp\"><\/i> +34 685 985 728<\/a><\/div><\/div><\/div><\/div><\/div>\n<\/div>","protected":false},"excerpt":{"rendered":"SituationPol\u00edgono Industrial Villarosa Carretera Guadalmar, 4 y 6 E-29004 M\u00e1laga (zone a\u00e9roportuaire) Comment venir de l'a\u00e9roportAccueil:Sortez du hall des arriv\u00e9es par la porte principale et continuez tout droit pendant environ 20 m\u00e8tres. Traversez le passage pi\u00e9ton et continuez tout droit sur environ 30 m\u00e8tres en direction de la gare. Juste derri\u00e8re [...]","protected":false},"author":1,"featured_media":0,"parent":0,"menu_order":0,"comment_status":"closed","ping_status":"closed","template":"","meta":{"_joinchat":[],"footnotes":""},"class_list":["post-10077","page","type-page","status-publish"],"_links":{"self":[{"href":"https:\/\/marbellarentacar.es\/fr\/wp-json\/wp\/v2\/pages\/10077","targetHints":{"allow":["GET"]}}],"collection":[{"href":"https:\/\/marbellarentacar.es\/fr\/wp-json\/wp\/v2\/pages"}],"about":[{"href":"https:\/\/marbellarentacar.es\/fr\/wp-json\/wp\/v2\/types\/page"}],"author":[{"embeddable":true,"href":"https:\/\/marbellarentacar.es\/fr\/wp-json\/wp\/v2\/users\/1"}],"replies":[{"embeddable":true,"href":"https:\/\/marbellarentacar.es\/fr\/wp-json\/wp\/v2\/comments?post=10077"}],"version-history":[{"count":0,"href":"https:\/\/marbellarentacar.es\/fr\/wp-json\/wp\/v2\/pages\/10077\/revisions"}],"wp:attachment":[{"href":"https:\/\/marbellarentacar.es\/fr\/wp-json\/wp\/v2\/media?parent=10077"}],"curies":[{"name":"wp","href":"https:\/\/api.w.org\/{rel}","templated":true}]}}