{"id":8072,"date":"2018-08-22T15:29:47","date_gmt":"2018-08-22T13:29:47","guid":{"rendered":"https:\/\/marbellarentacar.es\/?page_id=8072"},"modified":"2023-06-03T12:07:28","modified_gmt":"2023-06-03T10:07:28","slug":"aviso-legal","status":"publish","type":"page","link":"https:\/\/marbellarentacar.es\/es\/aviso-legal\/","title":{"rendered":"Menciones legales"},"content":{"rendered":"<div class=\"wpb-content-wrapper\"><div class=\"vc_row wpb_row vc_row-fluid\"><div class=\"wpb_column vc_column_container vc_col-sm-12\"><div class=\"vc_column-inner\"><div class=\"wpb_wrapper\">\n\t<div class=\"wpb_text_column wpb_content_element txt_justify\" >\n\t\t<div class=\"wpb_wrapper\">\n\t\t\t<h2>LEY DE SERVICIOS DE LA SOCIEDAD DE LA INFORMACI\u00d3N (LSSI)<\/h2>\n<p>MARBELLA RENT A CAR, responsable del sitio web, en adelante RESPONSABLE DE LOS DATOS, pone a disposici\u00f3n de los usuarios el presente documento, con el que pretende dar cumplimiento a las obligaciones dispuestas en la Ley 34\/2002, de 11 de julio, de Servicios de la Sociedad de la Informaci\u00f3n y del Comercio Electr\u00f3nico (LSSICE), BOE n\u00fam. o 166, as\u00ed como informar a todos los usuarios respecto a cu\u00e1les son las condiciones de uso del sitio web.<\/p>\n<p>Toda persona que acceda a este sitio web adquiere la condici\u00f3n de usuario, y como tal se compromete a la observancia y cumplimiento riguroso de las disposiciones aqu\u00ed dispuestas, as\u00ed como a cualquier otra disposici\u00f3n legal que fuera de aplicaci\u00f3n.<\/p>\n<p><a class=\"wpil_keyword_link\" href=\"https:\/\/marbellarentacar.es\/es\/\"   title=\"MARBELLA RENT A CAR\" data-wpil-keyword-link=\"linked\">MARBELLA RENT A CAR<\/a> se reserva el derecho a modificar cualquier tipo de informaci\u00f3n que pudiera aparecer en el sitio web, sin que exista obligaci\u00f3n de preavisar o poner en conocimiento de los usuarios dichas obligaciones, entendi\u00e9ndose como suficiente con la publicaci\u00f3n en el sitio web de MARBELLA RENT A CAR.<\/p>\n<h3>1. DATOS DE IDENTIFICACI\u00d3N<\/h3>\n<p>Nombre de dominio: www.hermanossarmientos.com \/ www.marbellarentacar.es Nombre comercial: MARBELLA RENT A CAR Nombre comercial: TALLER HERMANOS SARMIENTO CHAPA Y PINTURA SL NIF: B29667458<\/p>\n<p>Domicilio social: pol.ind. Villarosa ctra Guadalmar4-6 , 29004 MALAGA (MALAGA) Tel\u00e9fono: 952 170 664<br \/>\ncorreo electr\u00f3nico: ricardo.xalma@marbellarentacar.es<br \/>\nInscrita en el Registro (Mercantil \/ P\u00fablico):<\/p>\n<h3>2. DERECHOS DE PROPIEDAD INTELECTUAL E INDUSTRIAL<\/h3>\n<p>El sitio web, incluyendo a t\u00edtulo enunciativo pero no limitativo su programaci\u00f3n, edici\u00f3n, compilaci\u00f3n y dem\u00e1s elementos necesarios para su funcionamiento, los dise\u00f1os, logotipos, texto y\/o gr\u00e1ficos son propiedad de EL CONTROLADOR DE DATOS o, en su caso dispone de licencia o autorizaci\u00f3n expresa por parte de los autores. Todos los contenidos del sitio web se encuentran debidamente protegidos por la normativa de propiedad intelectual e industrial, as\u00ed como inscritos en los registros p\u00fablicos correspondientes.<\/p>\n<p>Independientemente de la finalidad para la que fueran destinados, la reproducci\u00f3n total o parcial, uso, explotaci\u00f3n, distribuci\u00f3n y comercializaci\u00f3n, requiere en todo caso de la autorizaci\u00f3n escrita previa por parte del TITULAR DE LOS DATOS. Cualquier uso no autorizado se considerar\u00e1 un incumplimiento grave de los derechos de propiedad intelectual o industrial del autor.<\/p>\n<p>Los dise\u00f1os, logotipos, texto y\/o gr\u00e1ficos ajenos al CONTROLADOR DE DATOS y que pudieran aparecer en el sitio web, pertenecen a sus respectivos propietarios, siendo ellos mismos responsables de cualquier posible controversia que pudiera suscitarse respecto a los mismos. El RESPONSABLE DE LOS DATOS autoriza expresamente a que terceros puedan redirigir a los contenidos concretos del sitio web, debiendo en todo caso redirigir al sitio web principal www.hermanossarmientos.com \/ www.marbellarentacar.es.<\/p>\n<p>El CONTROLADOR DE DATOS reconoce a favor de sus titulares los correspondientes derechos de propiedad industrial e intelectual, no implicando su sola menci\u00f3n o aparici\u00f3n en el sitio web la existencia de derechos o responsabilidad alguna sobre los mismos, como tampoco respaldo, patrocinio o recomendaci\u00f3n por parte del mismo.<\/p>\n<p>Las observaciones sobre cualquier posible vulneraci\u00f3n de los derechos de propiedad intelectual o industrial, as\u00ed como sobre los contenidos del sitio web, pueden realizarse a trav\u00e9s del correo electr\u00f3nico ricardo.xalma@marbellarentacar.es.<\/p>\n<h3>3. EXENCI\u00d3N DE RESPONSABILIDAD<\/h3>\n<p>El RESPONSABLE DE LOS DATOS se exime de cualquier tipo de responsabilidad derivada de la informaci\u00f3n publicada en su sitio web, siempre que esta informaci\u00f3n haya sido manipulada o introducida por un tercero ajeno al RESPONSABLE DE LOS DATOS.<br \/>\nUso de cookies<\/p>\n<p>Este sitio web puede utilizar cookies t\u00e9cnicas (peque\u00f1os archivos de informaci\u00f3n que el servidor env\u00eda al ordenador de quien accede a la p\u00e1gina) para llevar a cabo determinadas funciones que son consideradas imprescindibles para el correcto funcionamiento y visualizaci\u00f3n del sitio. En todo caso las cookies utilizadas tienen un car\u00e1cter temporal con la \u00fanica finalidad de hacer m\u00e1s eficaz la navegaci\u00f3n por el sitio web, y desaparecen al terminar la sesi\u00f3n del usuario. En ning\u00fan caso, estas cookies proporcionan por s\u00ed mismas datos de car\u00e1cter personal y no se utilizar\u00e1n para la recogida de los mismos.<\/p>\n<p>Mediante el uso de las cookies resulta posible que el servidor donde se encuentra la web, reconozca el navegador web utilizado por el usuario con la finalidad de que la navegaci\u00f3n sea m\u00e1s sencilla, permitiendo, por ejemplo, el acceso a los usuarios que se hayan registrado previamente, acceder a las \u00e1reas, servicios, promociones o concursos reservados exclusivamente a ellos sin tener que registrarse en cada visita. Asimismo pueden ser utilizadas para medir la audiencia o par\u00e1metros del tr\u00e1fico, controlar el progreso y n\u00famero de entradas, etc. En estos casos, las cookies utilizadas son t\u00e9cnicamente no esenciales pero s\u00ed beneficiosas para el usuario. Este sitio web no instalar\u00e1 cookies sin el consentimiento previo del usuario.<\/p>\n<p>Este sitio web utiliza cookies anal\u00edticas (_ga o _utm) propiedad de Google Analytics, que duran dos a\u00f1os, para habilitar la funci\u00f3n de control \u00fanico de visitantes y facilitar su navegaci\u00f3n. Todos los usuarios que visitan el sitio web son informados del uso de estas cookies mediante un banner flotante. Si contin\u00faan navegando, se considera que est\u00e1n de acuerdo con su uso. Si se acepta su uso, el banner desaparecer\u00e1, aunque es posible revocar el consentimiento y obtener m\u00e1s informaci\u00f3n en cualquier momento consultando nuestra Pol\u00edtica de Cookies.<\/p>\n<p>El usuario tiene la posibilidad de configurar su navegador para ser avisado de la recepci\u00f3n de cookies y para impedir su instalaci\u00f3n en su equipo. Para m\u00e1s informaci\u00f3n, consulte las instrucciones de su navegador.<\/p>\n<p>Pol\u00edtica de enlaces<\/p>\n<p>Es posible que desde el sitio web se le redirija a contenidos de terceros sitios web. Dado que EL CONTROLADOR DE DATOS no puede controlar siempre los contenidos introducidos por los terceros en sus sitios web, \u00e9ste no asume ning\u00fan tipo de responsabilidad respecto a dichos contenidos. En todo caso, EL CONTROLADOR DE DATOS proceder\u00e1 a la retirada inmediata de cualquier contenido que pudiera contravenir la legislaci\u00f3n nacional o internacional, la moral o el orden p\u00fablico, procediendo a la retirada inmediata de la redirecci\u00f3n a dicho sitio web, poniendo en conocimiento de las autoridades competentes el contenido en cuesti\u00f3n. El RESPONSABLE DE LOS DATOS no se hace responsable de la informaci\u00f3n y contenidos almacenados, a t\u00edtulo enunciativo pero no limitativo, en foros, chats, generadores de blogs, comentarios, redes sociales o cualesquiera otro medio que permita a terceros publicar contenidos de forma independiente en la p\u00e1gina web del RESPONSABLE. No obstante, y en cumplimiento de lo dispuesto en los art\u00edculos 11 y 16 de la Ley de Servicios de la Sociedad de la Informaci\u00f3n y de Comercio Electr\u00f3nico (LSSICE), se pone a disposici\u00f3n de todos los usuarios, autoridades y fuerzas de seguridad, colaborando de forma activa en la retirada o en su caso bloqueo de todos aquellos contenidos que pudieran afectar o contravenir la legislaci\u00f3n nacional, o internacional, derechos de terceros o la moral y el orden p\u00fablico. En caso de que el usuario considere que existe en el sitio web alg\u00fan contenido que pudiera ser susceptible de esta clasificaci\u00f3n, se ruega lo notifique de forma inmediata al administrador del sitio web.<\/p>\n<p>Este sitio web ha sido revisado y probado para garantizar su correcto funcionamiento. En principio, puede garantizarse su correcto funcionamiento los 365 d\u00edas del a\u00f1o, las 24 horas del d\u00eda. No obstante, el RESPONSABLE DE LOS DATOS no descarta la posibilidad de que existan ciertos errores de programaci\u00f3n, o que acontezcan causas de fuerza mayor, cat\u00e1strofes naturales, huelgas, o circunstancias semejantes que hagan imposible el acceso a la p\u00e1gina web.<\/p>\n<p>Direcciones IP<\/p>\n<p>Los servidores de los sitios web podr\u00e1n detectar autom\u00e1ticamente la direcci\u00f3n IP y el nombre de dominio utilizados por el usuario. Una direcci\u00f3n IP es un n\u00famero asignado autom\u00e1ticamente a un ordenador cuando \u00e9sta se conecta a Internet. Toda esta informaci\u00f3n es registrada en un fichero de actividad del servidor debidamente inscrito que permite el posterior procesamiento de los datos con el fin de obtener mediciones \u00fanicamente estad\u00edsticas que nos permitan conocer el n\u00famero de impresiones de p\u00e1ginas, el n\u00famero de visitas realizadas a los servidores web, el orden de visitas, el punto de acceso, etc.<\/p>\n<h3>4. LEY APLICABLE Y JURISDICCI\u00d3N<\/h3>\n<p>Todas las controversias o cuestiones relacionadas con el presente sitio web o de las actividades en \u00e9l desarrolladas se regir\u00e1n exclusivamente por el derecho espa\u00f1ol, siendo competentes para la resoluci\u00f3n de todos los conflictos derivados o relacionados con su uso los Juzgados y Tribunales m\u00e1s cercanos a MALAGA.<\/p>\n\n\t\t<\/div>\n\t<\/div>\n<\/div><\/div><\/div><\/div>\n<\/div>","protected":false},"excerpt":{"rendered":"LEY DE SERVICIOS DE LA SOCIEDAD DE LA INFORMACI\u00d3N (LSSI) MARBELLA RENT A CAR, responsable del sitio web, en adelante RESPONSABLE DEL TRATAMIENTO, realiza el presente documento, con el que pretende dar cumplimiento a las obligaciones dispuestas en la Ley 34\/2002, de 11 de julio, de Servicios de la Sociedad de la Informaci\u00f3n y de Comercio Electr\u00f3nico (LSSICE), BOE n\u00fam. o 166, disponible [...].","protected":false},"author":1,"featured_media":0,"parent":0,"menu_order":0,"comment_status":"closed","ping_status":"closed","template":"","meta":{"_joinchat":[],"footnotes":""},"class_list":["post-8072","page","type-page","status-publish"],"_links":{"self":[{"href":"https:\/\/marbellarentacar.es\/es\/wp-json\/wp\/v2\/pages\/8072","targetHints":{"allow":["GET"]}}],"collection":[{"href":"https:\/\/marbellarentacar.es\/es\/wp-json\/wp\/v2\/pages"}],"about":[{"href":"https:\/\/marbellarentacar.es\/es\/wp-json\/wp\/v2\/types\/page"}],"author":[{"embeddable":true,"href":"https:\/\/marbellarentacar.es\/es\/wp-json\/wp\/v2\/users\/1"}],"replies":[{"embeddable":true,"href":"https:\/\/marbellarentacar.es\/es\/wp-json\/wp\/v2\/comments?post=8072"}],"version-history":[{"count":0,"href":"https:\/\/marbellarentacar.es\/es\/wp-json\/wp\/v2\/pages\/8072\/revisions"}],"wp:attachment":[{"href":"https:\/\/marbellarentacar.es\/es\/wp-json\/wp\/v2\/media?parent=8072"}],"curies":[{"name":"wp","href":"https:\/\/api.w.org\/{rel}","templated":true}]}}