{"id":608,"date":"2017-08-20T13:41:12","date_gmt":"2017-08-20T11:41:12","guid":{"rendered":"http:\/\/grupored.inteligencia-web.com\/?page_id=608"},"modified":"2023-06-02T18:32:07","modified_gmt":"2023-06-02T16:32:07","slug":"blog","status":"publish","type":"page","link":"https:\/\/marbellarentacar.es\/es\/blog\/","title":{"rendered":"Blog"},"content":{"rendered":"<div class=\"wpb-content-wrapper\"><div class=\"vc_row wpb_row vc_row-fluid\"><div class=\"wpb_column vc_column_container vc_col-sm-12\"><div class=\"vc_column-inner\"><div class=\"wpb_wrapper\">\n<div class=\"vc_grid-container-wrapper vc_clearfix vc_grid-animation-fadeIn\">\n\t<div class=\"vc_grid-container vc_clearfix wpb_content_element vc_basic_grid\" data-initial-loading-animation=\"fadeIn\" data-vc-grid-settings=\"{&quot;page_id&quot;:608,&quot;style&quot;:&quot;all&quot;,&quot;action&quot;:&quot;vc_get_vc_grid_data&quot;,&quot;shortcode_id&quot;:&quot;1685723511629-5b8c79a2-c00e-7&quot;,&quot;tag&quot;:&quot;vc_basic_grid&quot;}\" data-vc-request=\"https:\/\/marbellarentacar.es\/wp-admin\/admin-ajax.php\" data-vc-post-id=\"608\" data-vc-public-nonce=\"8e7cc37bb0\">\n\t\t<div class=\"vc_grid vc_row vc_grid-gutter-30px vc_pageable-wrapper vc_hook_hover\" data-vc-pageable-content=\"true\"><div class=\"vc_pageable-slide-wrapper vc_clearfix\" data-vc-grid-content=\"true\"><div class=\"vc_grid-item vc_clearfix vc_col-sm-6 vc_grid-item-zone-c-bottom\"><div class=\"vc_grid-item-mini vc_clearfix\"><div class=\"vc_gitem-animated-block  vc_gitem-animate vc_gitem-animate-blurOut\"  data-vc-animation=\"blurOut\"><div class=\"vc_gitem-zone vc_gitem-zone-a vc-gitem-zone-height-mode-auto vc-gitem-zone-height-mode-auto-16-9 vc_gitem-is-link\" style=\"background-image: url('https:\/\/marbellarentacar.es\/wp-content\/uploads\/2024\/09\/post-11399-1024x538.jpg') !important;\"><a href=\"https:\/\/marbellarentacar.es\/es\/destinos-exoticos-para-tu-proxima-aventura\/\" title=\"Destinos ex\u00f3ticos para su pr\u00f3xima aventura\" class=\"vc_gitem-link vc-zone-link\" ><\/a><img decoding=\"async\" class=\"vc_gitem-zone-img\" src=\"https:\/\/marbellarentacar.es\/wp-content\/uploads\/2024\/09\/post-11399-1024x538.jpg\" alt=\"Destinos ex\u00f3ticos para su pr\u00f3xima aventura\"><div class=\"vc_gitem-zone-mini\"><\/div><\/div><\/div><div class=\"vc_gitem-zone vc_gitem-zone-c\"><div class=\"vc_gitem-zone-mini\"><div class=\"vc_gitem_row vc_row vc_gitem-row-position-top\"><div class=\"vc_col-sm-12 vc_gitem-col vc_gitem-col-align-\"><div class=\"vc_custom_heading vc_gitem-post-data vc_gitem-post-data-source-post_title\" ><h4 style=\"text-align: left\" ><a href=\"https:\/\/marbellarentacar.es\/es\/destinos-exoticos-para-tu-proxima-aventura\/\" class=\"vc_gitem-link\" title=\"Destinos ex\u00f3ticos para su pr\u00f3xima aventura\">Destinos ex\u00f3ticos para su pr\u00f3xima aventura<\/a><\/h4><\/div><div class=\"vc_custom_heading vc_gitem-post-data vc_gitem-post-data-source-post_excerpt\" ><p style=\"text-align: left\" >Descubra los mejores destinos tur\u00edsticos, como Tiflis, Maui y Larnaca, y encuentre empresas de alquiler de coches para explorar c\u00f3modamente cada regi\u00f3n.<\/p><\/div><div class=\"vc_btn3-container vc_btn3-right\"><a class=\"vc_general vc_btn3 vc_btn3-size-xs vc_btn3-shape-square vc_btn3-style-flat vc_btn3-color-primary\" a href=\"https:\/\/marbellarentacar.es\/es\/destinos-exoticos-para-tu-proxima-aventura\/\" title=\"Seguir leyendo\">Seguir leyendo<\/a><\/div><\/div><\/div><\/div><\/div><\/div><div class=\"vc_clearfix\"><\/div><\/div><div class=\"vc_grid-item vc_clearfix vc_col-sm-6 vc_grid-item-zone-c-bottom\"><div class=\"vc_grid-item-mini vc_clearfix\"><div class=\"vc_gitem-animated-block  vc_gitem-animate vc_gitem-animate-blurOut\"  data-vc-animation=\"blurOut\"><div class=\"vc_gitem-zone vc_gitem-zone-a vc-gitem-zone-height-mode-auto vc-gitem-zone-height-mode-auto-16-9 vc_gitem-is-link\" style=\"background-image: url('https:\/\/marbellarentacar.es\/wp-content\/uploads\/2023\/06\/post-10542.jpg') !important;\"><a href=\"https:\/\/marbellarentacar.es\/es\/festivales-y-eventos-accesibles-en-coche-desde-malaga\/\" title=\"Festivales y eventos accesibles en coche desde M\u00e1laga\" class=\"vc_gitem-link vc-zone-link\" ><\/a><img decoding=\"async\" class=\"vc_gitem-zone-img\" src=\"https:\/\/marbellarentacar.es\/wp-content\/uploads\/2023\/06\/post-10542.jpg\" alt=\"Fiestas y eventos en M\u00e1laga\"><div class=\"vc_gitem-zone-mini\"><\/div><\/div><\/div><div class=\"vc_gitem-zone vc_gitem-zone-c\"><div class=\"vc_gitem-zone-mini\"><div class=\"vc_gitem_row vc_row vc_gitem-row-position-top\"><div class=\"vc_col-sm-12 vc_gitem-col vc_gitem-col-align-\"><div class=\"vc_custom_heading vc_gitem-post-data vc_gitem-post-data-source-post_title\" ><h4 style=\"text-align: left\" ><a href=\"https:\/\/marbellarentacar.es\/es\/festivales-y-eventos-accesibles-en-coche-desde-malaga\/\" class=\"vc_gitem-link\" title=\"Festivales y eventos accesibles en coche desde M\u00e1laga\">Festivales y eventos accesibles en coche desde M\u00e1laga<\/a><\/h4><\/div><div class=\"vc_custom_heading vc_gitem-post-data vc_gitem-post-data-source-post_excerpt\" ><p style=\"text-align: left\" >La Feria de M\u00e1laga, que se celebra en agosto, es uno de los acontecimientos m\u00e1s populares. Este festival de una semana de duraci\u00f3n es una vibrante celebraci\u00f3n de la m\u00fasica, la danza y la comida espa\u00f1ola.<\/p><\/div><div class=\"vc_btn3-container vc_btn3-right\"><a class=\"vc_general vc_btn3 vc_btn3-size-xs vc_btn3-shape-square vc_btn3-style-flat vc_btn3-color-primary\" a href=\"https:\/\/marbellarentacar.es\/es\/festivales-y-eventos-accesibles-en-coche-desde-malaga\/\" title=\"Seguir leyendo\">Seguir leyendo<\/a><\/div><\/div><\/div><\/div><\/div><\/div><div class=\"vc_clearfix\"><\/div><\/div><div class=\"vc_grid-item vc_clearfix vc_col-sm-6 vc_grid-item-zone-c-bottom\"><div class=\"vc_grid-item-mini vc_clearfix\"><div class=\"vc_gitem-animated-block  vc_gitem-animate vc_gitem-animate-blurOut\"  data-vc-animation=\"blurOut\"><div class=\"vc_gitem-zone vc_gitem-zone-a vc-gitem-zone-height-mode-auto vc-gitem-zone-height-mode-auto-16-9 vc_gitem-is-link\" style=\"background-image: url('https:\/\/marbellarentacar.es\/wp-content\/uploads\/2022\/11\/post-10523.jpg') !important;\"><a href=\"https:\/\/marbellarentacar.es\/es\/que-ver-en-la-linea-de-la-concepcion\/\" title=\"Qu\u00e9 ver en La L\u00ednea de la Concepci\u00f3n\" class=\"vc_gitem-link vc-zone-link\" ><\/a><img decoding=\"async\" class=\"vc_gitem-zone-img\" src=\"https:\/\/marbellarentacar.es\/wp-content\/uploads\/2022\/11\/post-10523.jpg\" alt=\"Qu\u00e9 ver en la l\u00ednea de la concepci\u00f3n\"><div class=\"vc_gitem-zone-mini\"><\/div><\/div><\/div><div class=\"vc_gitem-zone vc_gitem-zone-c\"><div class=\"vc_gitem-zone-mini\"><div class=\"vc_gitem_row vc_row vc_gitem-row-position-top\"><div class=\"vc_col-sm-12 vc_gitem-col vc_gitem-col-align-\"><div class=\"vc_custom_heading vc_gitem-post-data vc_gitem-post-data-source-post_title\" ><h4 style=\"text-align: left\" ><a href=\"https:\/\/marbellarentacar.es\/es\/que-ver-en-la-linea-de-la-concepcion\/\" class=\"vc_gitem-link\" title=\"Qu\u00e9 ver en La L\u00ednea de la Concepci\u00f3n\">Qu\u00e9 ver en La L\u00ednea de la Concepci\u00f3n<\/a><\/h4><\/div><div class=\"vc_custom_heading vc_gitem-post-data vc_gitem-post-data-source-post_excerpt\" ><p style=\"text-align: left\" >La L\u00ednea de la Concepci\u00f3n es una peque\u00f1a ciudad costera de Andaluc\u00eda, Espa\u00f1a. La ciudad est\u00e1 estrat\u00e9gicamente situada a lo largo de la ruta mar\u00edtima entre Gibraltar y el mar Mediterr\u00e1neo y fue en el pasado un importante puerto para la exportaci\u00f3n de sal.<\/p><\/div><div class=\"vc_btn3-container vc_btn3-right\"><a class=\"vc_general vc_btn3 vc_btn3-size-xs vc_btn3-shape-square vc_btn3-style-flat vc_btn3-color-primary\" a href=\"https:\/\/marbellarentacar.es\/es\/que-ver-en-la-linea-de-la-concepcion\/\" title=\"Seguir leyendo\">Seguir leyendo<\/a><\/div><\/div><\/div><\/div><\/div><\/div><div class=\"vc_clearfix\"><\/div><\/div><div class=\"vc_grid-item vc_clearfix vc_col-sm-6 vc_grid-item-zone-c-bottom\"><div class=\"vc_grid-item-mini vc_clearfix\"><div class=\"vc_gitem-animated-block  vc_gitem-animate vc_gitem-animate-blurOut\"  data-vc-animation=\"blurOut\"><div class=\"vc_gitem-zone vc_gitem-zone-a vc-gitem-zone-height-mode-auto vc-gitem-zone-height-mode-auto-16-9 vc_gitem-is-link\" style=\"background-image: url('https:\/\/marbellarentacar.es\/wp-content\/uploads\/2022\/10\/7-unforgettable-places-to-visit-in-nerja.jpg') !important;\"><a href=\"https:\/\/marbellarentacar.es\/es\/7-lugares-inolvidables-para-visitar-en-nerja\/\" title=\"7 lugares inolvidables que visitar en Nerja\" class=\"vc_gitem-link vc-zone-link\" ><\/a><img decoding=\"async\" class=\"vc_gitem-zone-img\" src=\"https:\/\/marbellarentacar.es\/wp-content\/uploads\/2022\/10\/7-unforgettable-places-to-visit-in-nerja.jpg\" alt=\"7 lugares inolvidables que visitar en Nerja\"><div class=\"vc_gitem-zone-mini\"><\/div><\/div><\/div><div class=\"vc_gitem-zone vc_gitem-zone-c\"><div class=\"vc_gitem-zone-mini\"><div class=\"vc_gitem_row vc_row vc_gitem-row-position-top\"><div class=\"vc_col-sm-12 vc_gitem-col vc_gitem-col-align-\"><div class=\"vc_custom_heading vc_gitem-post-data vc_gitem-post-data-source-post_title\" ><h4 style=\"text-align: left\" ><a href=\"https:\/\/marbellarentacar.es\/es\/7-lugares-inolvidables-para-visitar-en-nerja\/\" class=\"vc_gitem-link\" title=\"7 lugares inolvidables que visitar en Nerja\">7 lugares inolvidables que visitar en Nerja<\/a><\/h4><\/div><div class=\"vc_custom_heading vc_gitem-post-data vc_gitem-post-data-source-post_excerpt\" ><p style=\"text-align: left\" >La ciudad espa\u00f1ola de Nerja es uno de los principales destinos veraniegos para los viajeros que buscan sol y playa. La encantadora ciudad est\u00e1 situada en la costa, a unas dos horas de M\u00e1laga, y ofrece a los visitantes un mont\u00f3n de actividades para ocupar su tiempo y explorar su belleza natural.<\/p><\/div><div class=\"vc_btn3-container vc_btn3-right\"><a class=\"vc_general vc_btn3 vc_btn3-size-xs vc_btn3-shape-square vc_btn3-style-flat vc_btn3-color-primary\" a href=\"https:\/\/marbellarentacar.es\/es\/7-lugares-inolvidables-para-visitar-en-nerja\/\" title=\"Seguir leyendo\">Seguir leyendo<\/a><\/div><\/div><\/div><\/div><\/div><\/div><div class=\"vc_clearfix\"><\/div><\/div><div class=\"vc_grid-item vc_clearfix vc_col-sm-6 vc_grid-item-zone-c-bottom\"><div class=\"vc_grid-item-mini vc_clearfix\"><div class=\"vc_gitem-animated-block  vc_gitem-animate vc_gitem-animate-blurOut\"  data-vc-animation=\"blurOut\"><div class=\"vc_gitem-zone vc_gitem-zone-a vc-gitem-zone-height-mode-auto vc-gitem-zone-height-mode-auto-16-9 vc_gitem-is-link\" style=\"background-image: url('https:\/\/marbellarentacar.es\/wp-content\/uploads\/2022\/09\/865852550_vacaciones_felizes_en_espa_a_con_mi_coche_nuevo_resultado.jpg') !important;\"><a href=\"https:\/\/marbellarentacar.es\/es\/espana-y-comienza-tus-vacaciones-con-el-buen-comienzo\/\" title=\"Espa\u00f1a y empezar bien las vacaciones\" class=\"vc_gitem-link vc-zone-link\" ><\/a><img decoding=\"async\" class=\"vc_gitem-zone-img\" src=\"https:\/\/marbellarentacar.es\/wp-content\/uploads\/2022\/09\/865852550_vacaciones_felizes_en_espa_a_con_mi_coche_nuevo_resultado.jpg\" alt=\"Espa\u00f1a y empezar bien las vacaciones\"><div class=\"vc_gitem-zone-mini\"><\/div><\/div><\/div><div class=\"vc_gitem-zone vc_gitem-zone-c\"><div class=\"vc_gitem-zone-mini\"><div class=\"vc_gitem_row vc_row vc_gitem-row-position-top\"><div class=\"vc_col-sm-12 vc_gitem-col vc_gitem-col-align-\"><div class=\"vc_custom_heading vc_gitem-post-data vc_gitem-post-data-source-post_title\" ><h4 style=\"text-align: left\" ><a href=\"https:\/\/marbellarentacar.es\/es\/espana-y-comienza-tus-vacaciones-con-el-buen-comienzo\/\" class=\"vc_gitem-link\" title=\"Espa\u00f1a y empezar bien las vacaciones\">Espa\u00f1a y empezar bien las vacaciones<\/a><\/h4><\/div><div class=\"vc_custom_heading vc_gitem-post-data vc_gitem-post-data-source-post_excerpt\" ><p style=\"text-align: left\" >Si est\u00e1 buscando un coche de alquiler en M\u00e1laga, Espa\u00f1a, que no le cueste un ojo de la cara, ha llegado al lugar adecuado. Obtenga su seguro en minutos con nuestros socios de alquiler de coches, elija entre una gama de coches asequibles y conduzca sin estr\u00e9s.\r\n\r\n<\/p><\/div><div class=\"vc_btn3-container vc_btn3-right\"><a class=\"vc_general vc_btn3 vc_btn3-size-xs vc_btn3-shape-square vc_btn3-style-flat vc_btn3-color-primary\" a href=\"https:\/\/marbellarentacar.es\/es\/espana-y-comienza-tus-vacaciones-con-el-buen-comienzo\/\" title=\"Seguir leyendo\">Seguir leyendo<\/a><\/div><\/div><\/div><\/div><\/div><\/div><div class=\"vc_clearfix\"><\/div><\/div><div class=\"vc_grid-item vc_clearfix vc_col-sm-6 vc_grid-item-zone-c-bottom\"><div class=\"vc_grid-item-mini vc_clearfix\"><div class=\"vc_gitem-animated-block  vc_gitem-animate vc_gitem-animate-blurOut\"  data-vc-animation=\"blurOut\"><div class=\"vc_gitem-zone vc_gitem-zone-a vc-gitem-zone-height-mode-auto vc-gitem-zone-height-mode-auto-16-9 vc_gitem-is-link\" style=\"background-image: url('https:\/\/marbellarentacar.es\/wp-content\/uploads\/2022\/09\/1436325580_6_Places_To_Eat_In_Nerja__Spain_That_Will_Blow_Your_Mind_resultado.jpg') !important;\"><a href=\"https:\/\/marbellarentacar.es\/es\/6-lugares-para-comer-en-nerja-espana-que-te-saltaran-la-mente\/\" title=\"6 lugares para comer en Nerja que te dejar\u00e1n boquiabierto\" class=\"vc_gitem-link vc-zone-link\" ><\/a><img decoding=\"async\" class=\"vc_gitem-zone-img\" src=\"https:\/\/marbellarentacar.es\/wp-content\/uploads\/2022\/09\/1436325580_6_Places_To_Eat_In_Nerja__Spain_That_Will_Blow_Your_Mind_resultado.jpg\" alt=\"6 sitios para comer en Nerja\"><div class=\"vc_gitem-zone-mini\"><\/div><\/div><\/div><div class=\"vc_gitem-zone vc_gitem-zone-c\"><div class=\"vc_gitem-zone-mini\"><div class=\"vc_gitem_row vc_row vc_gitem-row-position-top\"><div class=\"vc_col-sm-12 vc_gitem-col vc_gitem-col-align-\"><div class=\"vc_custom_heading vc_gitem-post-data vc_gitem-post-data-source-post_title\" ><h4 style=\"text-align: left\" ><a href=\"https:\/\/marbellarentacar.es\/es\/6-lugares-para-comer-en-nerja-espana-que-te-saltaran-la-mente\/\" class=\"vc_gitem-link\" title=\"6 lugares para comer en Nerja que te dejar\u00e1n boquiabierto\">6 lugares para comer en Nerja que te dejar\u00e1n boquiabierto<\/a><\/h4><\/div><div class=\"vc_custom_heading vc_gitem-post-data vc_gitem-post-data-source-post_excerpt\" ><p style=\"text-align: left\" >\u00bfEst\u00e1 planeando unas vacaciones en Espa\u00f1a? Si es as\u00ed, le gustar\u00e1 saber que hay muchas zonas rurales de gran belleza en todo el pa\u00eds. Una de ellas es Nerja, una localidad costera de apenas 10.000 habitantes.<\/p><\/div><div class=\"vc_btn3-container vc_btn3-right\"><a class=\"vc_general vc_btn3 vc_btn3-size-xs vc_btn3-shape-square vc_btn3-style-flat vc_btn3-color-primary\" a href=\"https:\/\/marbellarentacar.es\/es\/6-lugares-para-comer-en-nerja-espana-que-te-saltaran-la-mente\/\" title=\"Seguir leyendo\">Seguir leyendo<\/a><\/div><\/div><\/div><\/div><\/div><\/div><div class=\"vc_clearfix\"><\/div><\/div><div class=\"vc_grid-item vc_clearfix vc_col-sm-6 vc_grid-item-zone-c-bottom\"><div class=\"vc_grid-item-mini vc_clearfix\"><div class=\"vc_gitem-animated-block  vc_gitem-animate vc_gitem-animate-blurOut\"  data-vc-animation=\"blurOut\"><div class=\"vc_gitem-zone vc_gitem-zone-a vc-gitem-zone-height-mode-auto vc-gitem-zone-height-mode-auto-16-9 vc_gitem-is-link\" style=\"background-image: url('https:\/\/marbellarentacar.es\/wp-content\/uploads\/2022\/09\/415411045_vacaciones_en_Marbella_espa_a_resultado.jpg') !important;\"><a href=\"https:\/\/marbellarentacar.es\/es\/6-razones-por-que-debes-visitar-marbella\/\" title=\"6 razones para visitar Marbella\" class=\"vc_gitem-link vc-zone-link\" ><\/a><img decoding=\"async\" class=\"vc_gitem-zone-img\" src=\"https:\/\/marbellarentacar.es\/wp-content\/uploads\/2022\/09\/415411045_vacaciones_en_Marbella_espa_a_resultado.jpg\" alt=\"6 razones para visitar Marbella\"><div class=\"vc_gitem-zone-mini\"><\/div><\/div><\/div><div class=\"vc_gitem-zone vc_gitem-zone-c\"><div class=\"vc_gitem-zone-mini\"><div class=\"vc_gitem_row vc_row vc_gitem-row-position-top\"><div class=\"vc_col-sm-12 vc_gitem-col vc_gitem-col-align-\"><div class=\"vc_custom_heading vc_gitem-post-data vc_gitem-post-data-source-post_title\" ><h4 style=\"text-align: left\" ><a href=\"https:\/\/marbellarentacar.es\/es\/6-razones-por-que-debes-visitar-marbella\/\" class=\"vc_gitem-link\" title=\"6 razones para visitar Marbella\">6 razones para visitar Marbella<\/a><\/h4><\/div><div class=\"vc_custom_heading vc_gitem-post-data vc_gitem-post-data-source-post_excerpt\" ><p style=\"text-align: left\" >Marbella es una de las ciudades m\u00e1s bellas del mundo. Si est\u00e1s buscando una ciudad elegante y sofisticada con mucha historia, cultura y naturaleza, entonces no busques m\u00e1s que Marbella. Hoy hablaremos de por qu\u00e9 deber\u00edas visitar Marbella en 2019. <\/p><\/div><div class=\"vc_btn3-container vc_btn3-right\"><a class=\"vc_general vc_btn3 vc_btn3-size-xs vc_btn3-shape-square vc_btn3-style-flat vc_btn3-color-primary\" a href=\"https:\/\/marbellarentacar.es\/es\/6-razones-por-que-debes-visitar-marbella\/\" title=\"Seguir leyendo\">Seguir leyendo<\/a><\/div><\/div><\/div><\/div><\/div><\/div><div class=\"vc_clearfix\"><\/div><\/div><\/div><\/div>\n\t<\/div>\n<\/div><\/div><\/div><\/div><\/div>\n<\/div>","protected":false},"excerpt":{"rendered":"Destinos ex\u00f3ticos para tu pr\u00f3xima aventuraDescubre los mejores destinos tur\u00edsticos como Tiflis, Maui y Larnaca, y encuentra empresas de alquiler de coches para explorar cada regi\u00f3n c\u00f3modamente.Leer m\u00e1sFestivales y eventos accesibles en coche desde M\u00e1lagaLa Feria de M\u00e1laga, que se celebra en agosto, es uno de los eventos m\u00e1s populares. Este festival de una semana de duraci\u00f3n es una vibrante celebraci\u00f3n de la m\u00fasica, la danza, [...]","protected":false},"author":1,"featured_media":0,"parent":0,"menu_order":0,"comment_status":"closed","ping_status":"closed","template":"","meta":{"_joinchat":[],"footnotes":""},"class_list":["post-608","page","type-page","status-publish"],"_links":{"self":[{"href":"https:\/\/marbellarentacar.es\/es\/wp-json\/wp\/v2\/pages\/608","targetHints":{"allow":["GET"]}}],"collection":[{"href":"https:\/\/marbellarentacar.es\/es\/wp-json\/wp\/v2\/pages"}],"about":[{"href":"https:\/\/marbellarentacar.es\/es\/wp-json\/wp\/v2\/types\/page"}],"author":[{"embeddable":true,"href":"https:\/\/marbellarentacar.es\/es\/wp-json\/wp\/v2\/users\/1"}],"replies":[{"embeddable":true,"href":"https:\/\/marbellarentacar.es\/es\/wp-json\/wp\/v2\/comments?post=608"}],"version-history":[{"count":0,"href":"https:\/\/marbellarentacar.es\/es\/wp-json\/wp\/v2\/pages\/608\/revisions"}],"wp:attachment":[{"href":"https:\/\/marbellarentacar.es\/es\/wp-json\/wp\/v2\/media?parent=608"}],"curies":[{"name":"wp","href":"https:\/\/api.w.org\/{rel}","templated":true}]}}