{"id":1682,"date":"2018-02-12T13:51:18","date_gmt":"2018-02-12T13:51:18","guid":{"rendered":"http:\/\/marbellarentacar.es\/cookie-policy\/"},"modified":"2019-08-13T16:09:04","modified_gmt":"2019-08-13T14:09:04","slug":"politica-de-cookies","status":"publish","type":"page","link":"https:\/\/marbellarentacar.es\/es\/politica-de-cookies\/","title":{"rendered":"Pol\u00edtica de cookies"},"content":{"rendered":"<div class=\"wpb-content-wrapper\"><div class=\"vc_row wpb_row vc_row-fluid\"><div class=\"wpb_column vc_column_container vc_col-sm-12\"><div class=\"vc_column-inner\"><div class=\"wpb_wrapper\">\n\t<div class=\"wpb_text_column wpb_content_element txt_justify\" >\n\t\t<div class=\"wpb_wrapper\">\n\t\t\t<h3>INFORMACI\u00d3N SOBRE COOKIES<\/h3>\n<p>Debido a la entrada en vigor de la modificaci\u00f3n de la \"Ley de Servicios de la Sociedad de la Informaci\u00f3n\" (LSSICE) establecida por el Real Decreto 13\/2012, es obligatorio obtener el consentimiento expreso del usuario de todas las p\u00e1ginas web que utilicen cookies redundantes antes de navegar por ellas.<\/p>\n<h3>\u00bfQU\u00c9 SON LAS COOKIES?<\/h3>\n<p>Las cookies y otras tecnolog\u00edas similares, como los objetos locales compartidos, las flash cookies o los p\u00edxeles, son herramientas utilizadas por los servidores web<\/p>\n<p>para almacenar y recuperar informaci\u00f3n sobre sus visitantes, as\u00ed como para permitir el correcto funcionamiento del sitio.<\/p>\n<p>Mediante el uso de estos dispositivos, el servidor Web es capaz de recordar algunos datos relativos al usuario, como sus preferencias para ver las p\u00e1ginas del servidor, su nombre y contrase\u00f1a, los productos que m\u00e1s le interesan, etc.<\/p>\n<p>COOKIES AFECTADAS POR LA NORMATIVA Y COOKIES EXENTAS DE ELLA<\/p>\n<p>Seg\u00fan la directiva de la UE, las cookies que requieren el consentimiento informado del usuario son las cookies anal\u00edticas, publicitarias y de afiliaci\u00f3n, mientras que quedan exentas las cookies t\u00e9cnicas y las necesarias para el funcionamiento del sitio web o la prestaci\u00f3n de servicios expresamente solicitados por el usuario.<\/p>\n<h3>\u00bfQU\u00c9 TIPO DE GALLETAS HAY?<\/h3>\n<p>Hay cinco grupos principales de galletas:<br \/>\nCookies anal\u00edticas: recogen informaci\u00f3n sobre c\u00f3mo se utiliza la web. Cookies sociales: son necesarias para las redes sociales externas.<\/p>\n<p>Cookies de afiliaci\u00f3n: permiten realizar un seguimiento de las visitas a trav\u00e9s de enlaces desde otras p\u00e1ginas web, con las que la web establece acuerdos de afiliaci\u00f3n (empresas afiliadas).<\/p>\n<p>Cookies publicitarias y de comportamiento: recogen informaci\u00f3n sobre las preferencias y elecciones personales del usuario (retargeting).<\/p>\n<p>Cookies t\u00e9cnicas y funcionales: son las estrictamente necesarias para el uso del sitio web y para la prestaci\u00f3n del servicio contratado.<\/p>\n<h3>COOKIES UTILIZADAS POR ESTE SITIO WEB<\/h3>\n<p>PHPSESSID: cookies t\u00e9cnicas y estrictamente necesarias que contienen el identificador de sesi\u00f3n. Se elimina al cerrar el navegador.<\/p>\n<p>_lang: cookies t\u00e9cnicas y estrictamente necesarias que contienen el idioma de la sesi\u00f3n. Se elimina al cerrar el navegador.<br \/>\nac_cookies: cookies t\u00e9cnicas y estrictamente necesarias que contienen el valor de si se ha aceptado la instalaci\u00f3n de cookies. Caduca 1 a\u00f1o despu\u00e9s de la \u00faltima actualizaci\u00f3n.<br \/>\n_utma: Cookie de Google Analytics que registra la fecha de la primera y la \u00faltima vez que el usuario visit\u00f3 el sitio web. Caduca a los 2 a\u00f1os de la \u00faltima actualizaci\u00f3n. Puede encontrar m\u00e1s informaci\u00f3n sobre el tratamiento de datos realizado por Google Analytics aqu\u00ed.<br \/>\n_utmb: Cookie de Google Analytics que registra la hora de entrada al sitio web. Caduca 30 minutos despu\u00e9s de la \u00faltima actualizaci\u00f3n.<br \/>\n_utmc: Cookie de Google Analytics utilizada para la interoperabilidad con el c\u00f3digo de seguimiento urchin.js. Se elimina al cerrar el navegador.<br \/>\n_utmt: cookie de Google Analytics. Esta cookie se utiliza para procesar el tipo de solicitud realizada por el usuario. Caduca al final de la sesi\u00f3n.<br \/>\n_utmv: Cookie de Google Analytics. Esta cookie se utiliza para segmentar datos demogr\u00e1ficos. Caduca al final de la sesi\u00f3n.<br \/>\n_utmz: cookie de Google Analytics que almacena la fuente de tr\u00e1fico o una campa\u00f1a que explica c\u00f3mo ha llegado el usuario al sitio web. Caduca 6 meses despu\u00e9s de la \u00faltima actualizaci\u00f3n.<\/p>\n<h3>REVOCAR EL CONSENTIMIENTO PARA INSTALAR COOKIES C\u00d3MO ELIMINAR LAS COOKIES DE SU NAVEGADOR<\/h3>\n<p><strong>Cromo<\/strong><\/p>\n<p>1. Haga clic en el bot\u00f3n<br \/>\nmen\u00fa 2. Haga clic en Configuraci\u00f3n.<br \/>\n3. Haga clic en Mostrar opciones avanzadas.<br \/>\n4. En la secci\u00f3n \"Privacidad y seguridad\", haz clic en Configuraci\u00f3n de contenido.<\/p>\n<p>- Eliminar cookies: Haz clic en Ver todas las cookies y datos del sitio...<\/p>\n<p>- No permitir el almacenamiento de cookies. 5. Haga clic en Eliminar todo.<br \/>\n6. Cierre y reinicie el navegador.<\/p>\n<p>Para m\u00e1s informaci\u00f3n sobre Chrome, haga clic aqu\u00ed: http:\/\/support.google.com\/chrome\/answer\/95647?hl=es<\/p>\n<p><strong>Internet Explorer. Versi\u00f3n 11<\/strong><\/p>\n<p>1. Seleccione Herramientas<br \/>\n2. Haga clic en Seguridad.<br \/>\n3. Haga clic en Eliminar historial de navegaci\u00f3n.<br \/>\n4. Seleccione Cookies.<br \/>\n5. Seleccione Archivos temporales de Internet. 6. 6. Haga clic en Eliminar.<br \/>\n7. 7. Pulse OK.<br \/>\n8. Cierre y reinicie el navegador.<\/p>\n<p>Para m\u00e1s informaci\u00f3n sobre Internet Explorer, haga clic aqu\u00ed: https:\/\/support.microsoft.com\/es-es\/kb\/278835<\/p>\n<p><strong>Firefox. Versi\u00f3n 18<\/strong><\/p>\n<p>1. Abra el men\u00fa.<br \/>\n2. Haga clic en Opciones.<br \/>\n3. Seleccione la pesta\u00f1a Privacidad y Seguridad. En Cookies y datos del sitio, haga clic en Borrar datos... 4. Seleccione Cookies y datos del sitio y Contenido web en cach\u00e9. Seleccione Cookies y datos del sitio y Contenido web en cach\u00e9.<br \/>\n5. 5. Haga clic en Borrar.<br \/>\n6. Cierre y reinicie el navegador.<\/p>\n<p>Puede aceptar o rechazar las cookies individualmente haciendo clic en Gestionar datos. Para m\u00e1s informaci\u00f3n sobre Mozilla Firefox, haz clic aqu\u00ed:<\/p>\n<p>https:\/\/support.mozilla.org\/en-US\/kb\/delete-cookies-remove-info-websites-stored<\/p>\n<p><strong>Safari Versi\u00f3n 5.1<\/strong><\/p>\n<p>1. Haz clic en Safari.<br \/>\n2. Seleccione la pesta\u00f1a Privacidad y seguridad. Haz clic en Preferencias y luego en Privacidad 3. Haz clic en Eliminar cookies y datos almacenados.<br \/>\n4. Cierre y reinicie el navegador.<\/p>\n<p>Para m\u00e1s informaci\u00f3n sobre Safari, haga clic aqu\u00ed: https:\/\/support.apple.com\/kb\/ph21411?locale=en_ES<\/p>\n<p><strong>\u00d3pera<\/strong><\/p>\n<p>Opciones - Avanzadas - Cookies.<br \/>\nLa configuraci\u00f3n de las cookies controla c\u00f3mo las gestiona Opera y, por tanto, si son aceptadas o rechazadas.<\/p>\n<p>Para m\u00e1s informaci\u00f3n sobre Opera, pulse aqu\u00ed: http:\/\/help.opera.com\/Linux\/10.60\/es-ES\/cookies.html<\/p>\n<p><strong>Otros navegadores<\/strong><\/p>\n<p>Consulte la documentaci\u00f3n del navegador que tenga instalado.<\/p>\n\n\t\t<\/div>\n\t<\/div>\n\n\t<div class=\"wpb_text_column wpb_content_element txt_justify\" >\n\t\t<div class=\"wpb_wrapper\">\n\t\t\t\n\t\t<\/div>\n\t<\/div>\n<\/div><\/div><\/div><\/div>\n<\/div>","protected":false},"excerpt":{"rendered":"INFORMACI\u00d3N SOBRE COOKIES Debido a la entrada en vigor de la modificaci\u00f3n de la \"Ley de Servicios de la Sociedad de la Informaci\u00f3n\" (LSSICE) establecida por el Real Decreto 13\/2012, es obligatorio obtener el consentimiento expreso del usuario de todas las p\u00e1ginas web que utilicen cookies redundantes antes de navegar por ellas. \u00bfQU\u00c9 SON LAS COOKIES? Las cookies y [...]","protected":false},"author":1,"featured_media":0,"parent":0,"menu_order":0,"comment_status":"closed","ping_status":"closed","template":"","meta":{"_joinchat":[],"footnotes":""},"class_list":["post-1682","page","type-page","status-publish"],"_links":{"self":[{"href":"https:\/\/marbellarentacar.es\/es\/wp-json\/wp\/v2\/pages\/1682","targetHints":{"allow":["GET"]}}],"collection":[{"href":"https:\/\/marbellarentacar.es\/es\/wp-json\/wp\/v2\/pages"}],"about":[{"href":"https:\/\/marbellarentacar.es\/es\/wp-json\/wp\/v2\/types\/page"}],"author":[{"embeddable":true,"href":"https:\/\/marbellarentacar.es\/es\/wp-json\/wp\/v2\/users\/1"}],"replies":[{"embeddable":true,"href":"https:\/\/marbellarentacar.es\/es\/wp-json\/wp\/v2\/comments?post=1682"}],"version-history":[{"count":0,"href":"https:\/\/marbellarentacar.es\/es\/wp-json\/wp\/v2\/pages\/1682\/revisions"}],"wp:attachment":[{"href":"https:\/\/marbellarentacar.es\/es\/wp-json\/wp\/v2\/media?parent=1682"}],"curies":[{"name":"wp","href":"https:\/\/api.w.org\/{rel}","templated":true}]}}