{"id":1665,"date":"2018-02-12T08:57:58","date_gmt":"2018-02-12T08:57:58","guid":{"rendered":"http:\/\/marbellarentacar.es\/?page_id=1665"},"modified":"2023-06-13T09:31:06","modified_gmt":"2023-06-13T07:31:06","slug":"preguntas-mas-frecuentes","status":"publish","type":"page","link":"https:\/\/marbellarentacar.es\/es\/preguntas-mas-frecuentes\/","title":{"rendered":"PREGUNTAS FRECUENTES"},"content":{"rendered":"<div class=\"wpb-content-wrapper\"><div class=\"vc_row wpb_row vc_row-fluid\"><div class=\"wpb_column vc_column_container vc_col-sm-12\"><div class=\"vc_column-inner\"><div class=\"wpb_wrapper\">\n\t<div class=\"wpb_text_column wpb_content_element\" >\n\t\t<div class=\"wpb_wrapper\">\n\t\t\t<p>\nEn Marbella Rent a Car entendemos que son muchas las cosas que se tienen en cuenta a la hora de negociar el alquiler de un veh\u00edculo por lo que preparamos este segmento, con el que queremos dar respuesta a las preguntas m\u00e1s frecuentes que tienen nuestros clientes.<\/p>\n<p>Con esto, usted puede obtener el mejor servicio posible, los beneficios que ofrece y todos estos peque\u00f1os detalles que le pueden interesar, y as\u00ed, usted puede tomar la mejor decisi\u00f3n del mercado con nosotros, Marbella Rent a Car, la empresa l\u00edder en alquiler de coches en toda la costa del sol.<\/p>\n\n\t\t<\/div>\n\t<\/div>\n<\/div><\/div><\/div><\/div><div class=\"vc_row wpb_row vc_row-fluid\"><div class=\"wpb_column vc_column_container vc_col-sm-12\"><div class=\"vc_column-inner\"><div class=\"wpb_wrapper\">\n\t<div class=\"wpb_text_column wpb_content_element\" >\n\t\t<div class=\"wpb_wrapper\">\n\t\t\t<p>Env\u00eda la reserva por correo electr\u00f3nico para editarla si necesitas hacer alg\u00fan cambio y podr\u00e1s pagar cuando quieras. Recuerda que se trata de una reserva sin confirmar.<\/p>\n\n\t\t<\/div>\n\t<\/div>\n<\/div><\/div><\/div><\/div><div class=\"vc_row wpb_row vc_row-fluid\"><div class=\"wpb_column vc_column_container vc_col-sm-12\"><div class=\"vc_column-inner\"><div class=\"wpb_wrapper\"><\/div><\/div><\/div><\/div>\n<\/div>","protected":false},"excerpt":{"rendered":"In Marbella Rent a Car we understand that many things are taken into account when negotiating the rental of a vehicle for which we prepare this segment, with which we want to give answers to the most frequent questions that our customers have. With this, you can get the best possible service, the benefits it [...]","protected":false},"author":1,"featured_media":0,"parent":0,"menu_order":0,"comment_status":"closed","ping_status":"closed","template":"","meta":{"_joinchat":[],"footnotes":""},"class_list":["post-1665","page","type-page","status-publish"],"_links":{"self":[{"href":"https:\/\/marbellarentacar.es\/es\/wp-json\/wp\/v2\/pages\/1665","targetHints":{"allow":["GET"]}}],"collection":[{"href":"https:\/\/marbellarentacar.es\/es\/wp-json\/wp\/v2\/pages"}],"about":[{"href":"https:\/\/marbellarentacar.es\/es\/wp-json\/wp\/v2\/types\/page"}],"author":[{"embeddable":true,"href":"https:\/\/marbellarentacar.es\/es\/wp-json\/wp\/v2\/users\/1"}],"replies":[{"embeddable":true,"href":"https:\/\/marbellarentacar.es\/es\/wp-json\/wp\/v2\/comments?post=1665"}],"version-history":[{"count":0,"href":"https:\/\/marbellarentacar.es\/es\/wp-json\/wp\/v2\/pages\/1665\/revisions"}],"wp:attachment":[{"href":"https:\/\/marbellarentacar.es\/es\/wp-json\/wp\/v2\/media?parent=1665"}],"curies":[{"name":"wp","href":"https:\/\/api.w.org\/{rel}","templated":true}]}}