{"id":1574,"date":"2018-02-07T14:37:16","date_gmt":"2018-02-07T14:37:16","guid":{"rendered":"http:\/\/marbellarentacar.es\/?page_id=1574"},"modified":"2023-06-09T20:24:54","modified_gmt":"2023-06-09T18:24:54","slug":"politica-de-privacidad","status":"publish","type":"page","link":"https:\/\/marbellarentacar.es\/es\/politica-de-privacidad\/","title":{"rendered":"Pol\u00edtica de privacidad"},"content":{"rendered":"<div class=\"wpb-content-wrapper\"><div class=\"vc_row wpb_row vc_row-fluid\"><div class=\"wpb_column vc_column_container vc_col-sm-12\"><div class=\"vc_column-inner\"><div class=\"wpb_wrapper\">\n\t<div class=\"wpb_text_column wpb_content_element txt_justify\" >\n\t\t<div class=\"wpb_wrapper\">\n\t\t\t<div class=\"page\" title=\"P\u00e1gina 28\">\n<div class=\"layoutArea\">\n<div class=\"column\">\n<h2>1. INFORMACI\u00d3N PARA EL USUARIO<\/h2>\n<\/div>\n<\/div>\n<div class=\"layoutArea\">\n<div class=\"column\">\n<p>MARBELLA RENT A CAR, en adelante RESPONSABLE DEL TRATAMIENTO, es responsable del tratamiento de los datos personales del Usuario y le informa que estos datos ser\u00e1n tratados de conformidad con lo establecido en el Reglamento (UE) 2016\/679 de 27 de abril de 2016 (GDPR) relativo a la protecci\u00f3n de las personas f\u00edsicas en lo que respecta al tratamiento de datos personales y a la libre circulaci\u00f3n de estos datos, por lo que se le facilita la presente informaci\u00f3n sobre el tratamiento:<\/p>\n<p>Finalidad del tratamiento: mantener una relaci\u00f3n comercial con el Usuario. Las operaciones de tratamiento previstas son:<\/p>\n<p>Env\u00edo de comunicaciones comerciales publicitarias por correo electr\u00f3nico, fax, SMS, MMS, redes sociales o por cualquier otro medio electr\u00f3nico o f\u00edsico, presente o futuro, que posibilite realizar comunicaciones comerciales. Estas comunicaciones ser\u00e1n remitidas por el RESPONSABLE DE LOS DATOS y estar\u00e1n relacionadas con sus productos y servicios, o los de sus colaboradores o proveedores con los que \u00e9ste haya alcanzado alg\u00fan acuerdo de promoci\u00f3n. En este caso, los terceros nunca tendr\u00e1n acceso a los datos personales.<\/p>\n<p>Realizaci\u00f3n de estudios estad\u00edsticos.<\/p>\n<p>Tramitar encargos, consultas o cualquier tipo de petici\u00f3n que sea realizada por el usuario a trav\u00e9s de cualquiera de las formas de contacto establecidas.<\/p>\n<p>Env\u00edo del bolet\u00edn del sitio web.<br \/>\nBase legal del tratamiento: consentimiento del interesado.<\/p>\n<p>Criterios de conservaci\u00f3n de los datos: los datos se conservar\u00e1n mientras exista un inter\u00e9s mutuo en mantener la finalidad del tratamiento y cuando dicha finalidad ya no sea necesaria, los datos se suprimir\u00e1n con las medidas de seguridad adecuadas para garantizar la seudonimizaci\u00f3n o la destrucci\u00f3n completa de los mismos.<\/p>\n<p>Comunicaci\u00f3n de datos: Los datos no ser\u00e1n comunicados a terceros, salvo obligaci\u00f3n legal. Derechos del Usuario:<\/p>\n<p>Derecho a retirar el consentimiento en cualquier momento.<\/p>\n<p>Derecho de acceso, rectificaci\u00f3n, portabilidad y supresi\u00f3n de sus datos, as\u00ed como la limitaci\u00f3n u oposici\u00f3n a su tratamiento.<\/p>\n<p>Tiene derecho a presentar una reclamaci\u00f3n ante la Autoridad de Control espa\u00f1ola (www.aepd.es) si considera que el tratamiento no se ajusta a la legislaci\u00f3n vigente.<\/p>\n<p>Informaci\u00f3n de contacto para ejercer sus derechos:<\/p>\n<p>Direcci\u00f3n postal: <a class=\"wpil_keyword_link\" href=\"https:\/\/marbellarentacar.es\/es\/\"   title=\"MARBELLA RENT A CAR\" data-wpil-keyword-link=\"linked\">MARBELLA RENT A CAR<\/a> pol.ind. Villarosa ctra Guadalmar, 4-6 - 29004 MALAGA (MALAGA). Correo electr\u00f3nico: ricardo.xalma@marbellarentacar.es<\/p>\n<div class=\"page\" title=\"P\u00e1gina 29\">\n<div class=\"layoutArea\">\n<div class=\"column\">\n<h3>2. CAR\u00c1CTER OBLIGATORIO O FACULTATIVO DE LA INFORMACI\u00d3N FACILITADA POR EL USUARIO<\/h3>\n<p>Los Usuarios, mediante la marcaci\u00f3n de las casillas correspondientes y la introducci\u00f3n de datos en los campos marcados con un asterisco (*) en el formulario de contacto o formularios de descarga, aceptan expresamente y de forma libre e inequ\u00edvoca que sus datos son necesarios para que el prestador pueda atender su solicitud, facilitando voluntariamente sus datos en los campos restantes. El Usuario garantiza que los datos personales facilitados al RESPONSABLE DE DATOS son veraces y se hace responsable de comunicar al mismo cualquier modificaci\u00f3n de los mismos.<\/p>\n<p>El RESPONSABLE DEL FICHERO informa y garantiza expresamente a los Usuarios que sus datos personales no ser\u00e1n cedidos en ning\u00fan caso a terceros, y que siempre que fuera a realizarse alg\u00fan tipo de cesi\u00f3n de datos personales, de forma previa, se solicitar\u00eda el consentimiento expreso, informado, e inequ\u00edvoco por parte de los Usuarios. Todos los datos solicitados a trav\u00e9s del sitio web son obligatorios, ya que son necesarios para la prestaci\u00f3n de un servicio \u00f3ptimo al Usuario. En caso de que no sean facilitados todos los datos, no se garantiza que la informaci\u00f3n y servicios facilitados sean completamente ajustados a sus necesidades.<\/p>\n<h3>3. MEDIDAS DE SEGURIDAD<\/h3>\n<p>Que de conformidad con lo dispuesto en la normativa vigente en materia de protecci\u00f3n de datos de car\u00e1cter personal, el RESPONSABLE DEL TRATAMIENTO est\u00e1 cumpliendo con todo lo dispuesto en la normativa GDPR para el tratamiento de los datos personales de los que es responsable, y est\u00e1 cumpliendo manifiestamente con los principios descritos en el art\u00edculo 5 del GDPR, en virtud de los cuales son tratados de manera l\u00edcita, leal y transparente en relaci\u00f3n con el Interesado y son adecuados, pertinentes y limitados a lo necesario en relaci\u00f3n con los fines para los que son tratados.<\/p>\n<p>El RESPONSABLE DE LOS DATOS garantiza que se han implementado todas las pol\u00edticas t\u00e9cnicas y organizativas apropiadas para aplicar las medidas de seguridad establecidas por el GDPR con el fin de proteger los derechos y libertades de los Usuarios, y les ha comunicado la informaci\u00f3n adecuada para que puedan ejercer sus derechos y libertades.<\/p>\n<\/div>\n<\/div>\n<\/div>\n<\/div>\n<\/div>\n<\/div>\n\n\t\t<\/div>\n\t<\/div>\n\n\t<div class=\"wpb_text_column wpb_content_element txt_justify\" >\n\t\t<div class=\"wpb_wrapper\">\n\t\t\t\n\t\t<\/div>\n\t<\/div>\n<\/div><\/div><\/div><\/div>\n<\/div>","protected":false},"excerpt":{"rendered":"1. INFORMACI\u00d3N AL USUARIO MARBELLA RENT A CAR, en adelante RESPONSABLE DEL TRATAMIENTO, es responsable del tratamiento de los datos personales del Usuario y le informa que estos datos ser\u00e1n tratados de conformidad con lo establecido en el Reglamento (UE) 2016\/679, de 27 de abril de 2016 (GDPR), relativo a la protecci\u00f3n de las personas f\u00edsicas en lo que respecta al tratamiento [...].","protected":false},"author":1,"featured_media":0,"parent":0,"menu_order":0,"comment_status":"closed","ping_status":"closed","template":"","meta":{"_joinchat":[],"footnotes":""},"class_list":["post-1574","page","type-page","status-publish"],"_links":{"self":[{"href":"https:\/\/marbellarentacar.es\/es\/wp-json\/wp\/v2\/pages\/1574","targetHints":{"allow":["GET"]}}],"collection":[{"href":"https:\/\/marbellarentacar.es\/es\/wp-json\/wp\/v2\/pages"}],"about":[{"href":"https:\/\/marbellarentacar.es\/es\/wp-json\/wp\/v2\/types\/page"}],"author":[{"embeddable":true,"href":"https:\/\/marbellarentacar.es\/es\/wp-json\/wp\/v2\/users\/1"}],"replies":[{"embeddable":true,"href":"https:\/\/marbellarentacar.es\/es\/wp-json\/wp\/v2\/comments?post=1574"}],"version-history":[{"count":0,"href":"https:\/\/marbellarentacar.es\/es\/wp-json\/wp\/v2\/pages\/1574\/revisions"}],"wp:attachment":[{"href":"https:\/\/marbellarentacar.es\/es\/wp-json\/wp\/v2\/media?parent=1574"}],"curies":[{"name":"wp","href":"https:\/\/api.w.org\/{rel}","templated":true}]}}