{"id":10077,"date":"2020-10-26T11:03:53","date_gmt":"2020-10-26T10:03:53","guid":{"rendered":"https:\/\/marbellarentacar.es\/?page_id=10077"},"modified":"2023-06-23T21:34:07","modified_gmt":"2023-06-23T19:34:07","slug":"servicio-de-transporte-en-autobus","status":"publish","type":"page","link":"https:\/\/marbellarentacar.es\/es\/servicio-de-transporte-en-autobus\/","title":{"rendered":"Servicio de autob\u00fas lanzadera"},"content":{"rendered":"<div class=\"wpb-content-wrapper\"><div class=\"vc_row wpb_row vc_row-fluid\"><div class=\"wpb_column vc_column_container vc_col-sm-6\"><div class=\"vc_column-inner vc_custom_1461081838715\"><div class=\"wpb_wrapper\"><div class=\"wpb_gmaps_widget wpb_content_element\"><h2 class=\"wpb_heading wpb_map_heading\">Ubicaci\u00f3n<\/h2><div class=\"wpb_wrapper\"><div class=\"wpb_map_wraper\"><iframe src=\"https:\/\/www.google.com\/maps\/embed?pb=!1m18!1m12!1m3!1d3200.0964324860233!2d-4.477837449005518!3d36.672182382496544!2m3!1f0!2f0!3f0!3m2!1i1024!2i768!4f13.1!3m3!1m2!1s0xd72fa226676d7b5%3A0x83c501999b0af897!2sMarbella+Rent+a+Car+-+Oficina+Aeropuerto+M%C3%A1laga!5e0!3m2!1ses!2ses!4v1518010405086\"  height=\"670\" frameborder=\"0\" style=\"border:0\" allowfullscreen><\/iframe><\/div><\/div><\/div><div class=\"vc_empty_space\"   style=\"height: 32px\"><span class=\"vc_empty_space_inner\"><\/span><\/div><div class=\"vc_message_box vc_message_box-standard vc_message_box-rounded vc_color-alert-info vc_do_message\" ><div class=\"vc_message_box-icon\"><i class=\"fa fa-map-marker\"><\/i><\/div><p>Pol\u00edgono Industrial Villarosa<br \/>\nCarretera Guadalmar, 4 y 6<br \/>\nE-29004 M\u00e1laga (zona aeropuerto)<\/p>\n<\/div><div class=\"vc_btn3-container  botoncomollegar vc_btn3-center vc_custom_1526652705280 vc_do_btn\" ><a class=\"vc_general vc_btn3 vc_btn3-size-lg vc_btn3-shape-rounded vc_btn3-style-3d vc_btn3-block vc_btn3-icon-left vc_btn3-color-primary\" href=\"https:\/\/www.google.es\/maps\/dir\/Ctra.+Guadalmar,+36,+29004+M%C3%A1laga\/Aeropuerto,+M%C3%A1laga\/@36.671118,-4.4890702,15z\/data=!3m1!4b1!4m13!4m12!1m5!1m1!1s0xd72f98e79236757:0x6799e977aa2dca4!2m2!1d-4.4718578!2d36.6710831!1m5!1m1!1s0xd72fa3faf59669b:0xa244f8681e5b670!2m2!1d-4.4928531!2d36.6732025\" title=\"google maps\" target=\"_blank\" rel=\"noopener\"><i class=\"vc_btn3-icon fa fa-map-marker\"><\/i> C\u00f3mo llegar desde el aeropuerto<\/a><\/div><\/div><\/div><\/div><div class=\"wpb_column vc_column_container vc_col-sm-6\"><div class=\"vc_column-inner\"><div class=\"wpb_wrapper\"><div class=\"vc_empty_space\"   style=\"height: 32px\"><span class=\"vc_empty_space_inner\"><\/span><\/div><div id=\"ultimate-heading-973269e02e37d20da\" class=\"uvc-heading ult-adjust-bottom-margin ultimate-heading-973269e02e37d20da uvc-4550\" data-hspacer=\"no_spacer\"  data-halign=\"left\" style=\"text-align:left\"><div class=\"uvc-heading-spacer no_spacer\" style=\"top\"><\/div><div class=\"uvc-main-heading ult-responsive\"  data-ultimate-target='.uvc-heading.ultimate-heading-973269e02e37d20da h2'  data-responsive-json-new='{\"font-size\":\"\",\"line-height\":\"\"}' ><h2 style=\"font-weight:normal;\">RECOGE:<\/h2><\/div><div class=\"uvc-sub-heading ult-responsive\"  data-ultimate-target='.uvc-heading.ultimate-heading-973269e02e37d20da .uvc-sub-heading '  data-responsive-json-new='{\"font-size\":\"\",\"line-height\":\"\"}'  style=\"font-weight:normal;\">Salga del vest\u00edbulo de llegadas por la puerta principal y siga recto unos 20 metros.<br \/>\nCruce el paso de peatones y siga recto unos 30 metros en direcci\u00f3n a la estaci\u00f3n de tren.<br \/>\nJusto detr\u00e1s de la estaci\u00f3n de tren encontrar\u00e1 la parada de los minibuses de cortes\u00eda.<br \/>\nPor favor espere en la se\u00f1al \"shuttle bus\/ courtesy bus\/ minib\u00fas de cortes\u00eda\".<br \/>\nReconocer\u00e1 nuestro autob\u00fas azul de cortes\u00eda por el logotipo de <a class=\"wpil_keyword_link\" href=\"https:\/\/marbellarentacar.es\/es\/\" title=\"MARBELLA RENT A CAR\" data-wpil-keyword-link=\"linked\">MARBELLA RENT A CAR<\/a> <\/div><\/div><div class=\"vc_separator wpb_content_element vc_separator_align_center vc_sep_width_100 vc_sep_border_width_3 vc_sep_pos_align_center vc_separator_no_text vc_custom_1603706889672 wpb_content_element  vc_custom_1603706889672 wpb_content_element\" ><span class=\"vc_sep_holder vc_sep_holder_l\"><span style=\"border-color:#0073aa;\" class=\"vc_sep_line\"><\/span><\/span><span class=\"vc_sep_holder vc_sep_holder_r\"><span style=\"border-color:#0073aa;\" class=\"vc_sep_line\"><\/span><\/span>\n<\/div><div id=\"ultimate-heading-312769e02e37d23aa\" class=\"uvc-heading ult-adjust-bottom-margin ultimate-heading-312769e02e37d23aa uvc-9839\" data-hspacer=\"no_spacer\"  data-halign=\"left\" style=\"text-align:left\"><div class=\"uvc-heading-spacer no_spacer\" style=\"top\"><\/div><div class=\"uvc-main-heading ult-responsive\"  data-ultimate-target='.uvc-heading.ultimate-heading-312769e02e37d23aa h2'  data-responsive-json-new='{\"font-size\":\"\",\"line-height\":\"\"}' ><h2 style=\"font-weight:normal;\">DESCARGA:<\/h2><\/div><div class=\"uvc-sub-heading ult-responsive\"  data-ultimate-target='.uvc-heading.ultimate-heading-312769e02e37d23aa .uvc-sub-heading '  data-responsive-json-new='{\"font-size\":\"\",\"line-height\":\"\"}'  style=\"font-weight:normal;\">El d\u00eda y la hora de devoluci\u00f3n deben reconfirmarse con MARBELLA RENT A CAR a la llegada o, si no es posible, por tel\u00e9fono, un d\u00eda antes de la devoluci\u00f3n.<br \/>\nel coche, lo \u00faltimo. El punto de entrega est\u00e1 situado en nuestro dep\u00f3sito, cerca del aeropuerto. Una vez que haya facturado, le llevaremos a la terminal de salidas.<br \/>\nterminal en autob\u00fas de enlace de nuevo.<br \/>\nSi por alguna raz\u00f3n no puede encontrarnos, llame al (+34 685 985 728).<\/div><\/div><div class=\"vc_separator wpb_content_element vc_separator_align_center vc_sep_width_100 vc_sep_border_width_3 vc_sep_pos_align_center vc_separator_no_text vc_custom_1603706884294 wpb_content_element  vc_custom_1603706884294 wpb_content_element\" ><span class=\"vc_sep_holder vc_sep_holder_l\"><span style=\"border-color:#0073aa;\" class=\"vc_sep_line\"><\/span><\/span><span class=\"vc_sep_holder vc_sep_holder_r\"><span style=\"border-color:#0073aa;\" class=\"vc_sep_line\"><\/span><\/span>\n<\/div>\n\t<div  class=\"wpb_single_image wpb_content_element vc_align_center wpb_content_element wpb_animate_when_almost_visible wpb_fadeInRight fadeInRight\">\n\t\t\n\t\t<figure class=\"wpb_wrapper vc_figure\">\n\t\t\t<div class=\"vc_single_image-wrapper   vc_box_border_grey\"><img decoding=\"async\" width=\"533\" height=\"297\" src=\"https:\/\/marbellarentacar.es\/wp-content\/uploads\/2018\/05\/BUS-01A.jpg\" class=\"vc_single_image-img attachment-full\" alt=\"Alquiler de coches\" title=\"Alquiler de coches\" srcset=\"https:\/\/marbellarentacar.es\/wp-content\/uploads\/2018\/05\/BUS-01A.jpg 533w, https:\/\/marbellarentacar.es\/wp-content\/uploads\/2018\/05\/BUS-01A-300x167.jpg 300w\" sizes=\"(max-width: 533px) 100vw, 533px\" \/><\/div>\n\t\t<\/figure>\n\t<\/div>\n<div class=\"vc_message_box vc_message_box-standard vc_message_box-rounded vc_color-info vc_custom_1548242129520 vc_do_message\" ><div class=\"vc_message_box-icon\"><i class=\"fas fa-info-circle\"><\/i><\/div><h6>S\u00f3lo recogida en el aeropuerto de M\u00e1laga AGP, este servicio es completamente <span style=\"color: #ff0000;\">gratis<\/span> excepto para viajes fuera de horario. Para m\u00e1s informaci\u00f3n <a style=\"text-decoration: underline;\" href=\"https:\/\/marbellarentacar.es\/es\/extras\/\" target=\"_blank\" rel=\"noopener noreferrer\">aqu\u00ed<\/a>.<\/h6>\n<\/div><\/div><\/div><\/div><\/div><div class=\"vc_row wpb_row vc_row-fluid\"><div class=\"wpb_column vc_column_container vc_col-sm-12\"><div class=\"vc_column-inner\"><div class=\"wpb_wrapper\"><div class=\"vc_empty_space\"   style=\"height: 32px\"><span class=\"vc_empty_space_inner\"><\/span><\/div><div class=\"vc_separator wpb_content_element vc_separator_align_center vc_sep_width_100 vc_sep_border_width_3 vc_sep_pos_align_center vc_separator_no_text wpb_content_element  wpb_content_element\" ><span class=\"vc_sep_holder vc_sep_holder_l\"><span style=\"border-color:#116ebf;\" class=\"vc_sep_line\"><\/span><\/span><span class=\"vc_sep_holder vc_sep_holder_r\"><span style=\"border-color:#116ebf;\" class=\"vc_sep_line\"><\/span><\/span>\n<\/div><div class=\"vc_empty_space\"   style=\"height: 32px\"><span class=\"vc_empty_space_inner\"><\/span><\/div><\/div><\/div><\/div><\/div><div class=\"vc_row wpb_row vc_row-fluid\"><div class=\"wpb_column vc_column_container vc_col-sm-2\"><div class=\"vc_column-inner\"><div class=\"wpb_wrapper\"><\/div><\/div><\/div><div class=\"wpb_column vc_column_container vc_col-sm-8\"><div class=\"vc_column-inner\"><div class=\"wpb_wrapper\">\n\t<div  class=\"wpb_single_image wpb_content_element vc_align_right wpb_content_element\">\n\t\t\n\t\t<figure class=\"wpb_wrapper vc_figure\">\n\t\t\t<div class=\"vc_single_image-wrapper   vc_box_border_grey\"><img decoding=\"async\" width=\"1024\" height=\"702\" src=\"https:\/\/marbellarentacar.es\/wp-content\/uploads\/2023\/06\/BUS-4.jpg\" class=\"vc_single_image-img attachment-full\" alt=\"Autob\u00fas\" title=\"BUS-4\" srcset=\"https:\/\/marbellarentacar.es\/wp-content\/uploads\/2023\/06\/BUS-4.jpg 1024w, https:\/\/marbellarentacar.es\/wp-content\/uploads\/2023\/06\/BUS-4-300x206.jpg 300w, https:\/\/marbellarentacar.es\/wp-content\/uploads\/2023\/06\/BUS-4-768x527.jpg 768w, https:\/\/marbellarentacar.es\/wp-content\/uploads\/2023\/06\/BUS-4-18x12.jpg 18w\" sizes=\"(max-width: 1024px) 100vw, 1024px\" \/><\/div>\n\t\t<\/figure>\n\t<\/div>\n<\/div><\/div><\/div><div class=\"wpb_column vc_column_container vc_col-sm-2\"><div class=\"vc_column-inner\"><div class=\"wpb_wrapper\"><\/div><\/div><\/div><\/div><div class=\"vc_row wpb_row vc_row-fluid\"><div class=\"wpb_column vc_column_container vc_col-sm-3\"><div class=\"vc_column-inner\"><div class=\"wpb_wrapper\"><\/div><\/div><\/div><div class=\"wpb_column vc_column_container vc_col-sm-6\"><div class=\"vc_column-inner\"><div class=\"wpb_wrapper\"><div class=\"vc_btn3-container  wpb_animate_when_almost_visible wpb_fadeInDown fadeInDown vc_btn3-center vc_do_btn\" ><a class=\"vc_general vc_btn3 vc_btn3-size- vc_btn3-shape-rounded vc_btn3-style-classic vc_btn3-block vc_btn3-icon-left vc_btn3-color-primary\" href=\"http:\/\/m.me\/marbellarentacahelp\" title=\"\" target=\"_blank\" rel=\"nofollow\"><i class=\"vc_btn3-icon fa fa-comment\"><\/i> Enviar a un Messenger, en tiempo real.<\/a><\/div><\/div><\/div><\/div><div class=\"wpb_column vc_column_container vc_col-sm-3\"><div class=\"vc_column-inner\"><div class=\"wpb_wrapper\"><\/div><\/div><\/div><\/div><div class=\"vc_row wpb_row vc_row-fluid vc_custom_1518009491496\"><div class=\"wpb_column vc_column_container vc_col-sm-12\"><div class=\"vc_column-inner\"><div class=\"wpb_wrapper\"><div class=\"vc_icon_element vc_icon_element-outer vc_do_icon contact_icon wpb_animate_when_almost_visible wpb_flipInX flipInX vc_icon_element-align-center vc_icon_element-have-style\"><div class=\"vc_icon_element-inner vc_icon_element-color-white vc_icon_element-have-style-inner vc_icon_element-size-md vc_icon_element-style-rounded vc_icon_element-background vc_icon_element-background-color-secondary_color_background\" ><span class=\"vc_icon_element-icon fa fa-map-marker\" ><\/span><\/div><\/div>\n\t<div class=\"wpb_text_column wpb_content_element vc_custom_1552562721317\" >\n\t\t<div class=\"wpb_wrapper\">\n\t\t\t<h3 style=\"text-align: center;\"><span style=\"font-weight: 900;\">Aeropuerto de M\u00c1LAGA<\/span><\/h3>\n<h5 style=\"text-align: center;\"><span style=\"font-weight: 900;\">Oficina central<\/span><\/h5>\n<p style=\"text-align: center;\">Pol\u00edgono Industrial Villarosa<br \/>\nCarretera Guadalmar, 4 y 6<br \/>\nE-29004 M\u00e1laga (zona aeropuerto)<\/p>\n\n\t\t<\/div>\n\t<\/div>\n<div class=\"vc_btn3-container  wpb_animate_when_almost_visible wpb_fadeInDown fadeInDown vc_btn3-center vc_custom_1518009645569 vc_do_btn\" ><a class=\"vc_general vc_btn3 vc_btn3-size-md vc_btn3-shape-rounded vc_btn3-style-modern vc_btn3-block vc_btn3-icon-left vc_btn3-color-default\" href=\"tel:+34952241288\" title=\"\"><i class=\"vc_btn3-icon fa fa-phone-square\"><\/i> +34 952 24 12 88<\/a><\/div><div class=\"vc_btn3-container  wpb_animate_when_almost_visible wpb_fadeInDown fadeInDown vc_btn3-center vc_custom_1528447454604 vc_do_btn\" ><a class=\"vc_general vc_btn3 vc_btn3-size-md vc_btn3-shape-rounded vc_btn3-style-modern vc_btn3-block vc_btn3-icon-left vc_btn3-color-default\" href=\"https:\/\/api.whatsapp.com\/send?phone=34685985728\" title=\"\" target=\"_blank\" rel=\"noopener\"><i class=\"vc_btn3-icon fa fa-whatsapp\"><\/i> +34 685 985 728<\/a><\/div><\/div><\/div><\/div><\/div>\n<\/div>","protected":false},"excerpt":{"rendered":"Ubicaci\u00f3nPol\u00edgono Industrial Villarosa Carretera Guadalmar, 4 y 6 E-29004 M\u00e1laga (zona aeropuerto) C\u00f3mo llegar desde el aeropuertoRECEPCI\u00d3N:Salga del vest\u00edbulo de llegadas por la puerta principal y siga recto unos 20 metros. Cruce el paso de peatones y siga recto unos 30 metros en direcci\u00f3n a la estaci\u00f3n de tren. Justo detr\u00e1s [...]","protected":false},"author":1,"featured_media":0,"parent":0,"menu_order":0,"comment_status":"closed","ping_status":"closed","template":"","meta":{"_joinchat":[],"footnotes":""},"class_list":["post-10077","page","type-page","status-publish"],"_links":{"self":[{"href":"https:\/\/marbellarentacar.es\/es\/wp-json\/wp\/v2\/pages\/10077","targetHints":{"allow":["GET"]}}],"collection":[{"href":"https:\/\/marbellarentacar.es\/es\/wp-json\/wp\/v2\/pages"}],"about":[{"href":"https:\/\/marbellarentacar.es\/es\/wp-json\/wp\/v2\/types\/page"}],"author":[{"embeddable":true,"href":"https:\/\/marbellarentacar.es\/es\/wp-json\/wp\/v2\/users\/1"}],"replies":[{"embeddable":true,"href":"https:\/\/marbellarentacar.es\/es\/wp-json\/wp\/v2\/comments?post=10077"}],"version-history":[{"count":0,"href":"https:\/\/marbellarentacar.es\/es\/wp-json\/wp\/v2\/pages\/10077\/revisions"}],"wp:attachment":[{"href":"https:\/\/marbellarentacar.es\/es\/wp-json\/wp\/v2\/media?parent=10077"}],"curies":[{"name":"wp","href":"https:\/\/api.w.org\/{rel}","templated":true}]}}