{"id":9866,"date":"2020-03-10T10:11:52","date_gmt":"2020-03-10T09:11:52","guid":{"rendered":"https:\/\/marbellarentacar.es\/?page_id=9866"},"modified":"2020-08-20T11:58:33","modified_gmt":"2020-08-20T09:58:33","slug":"buchen-sie-ihr-auto","status":"publish","type":"page","link":"https:\/\/marbellarentacar.es\/de\/buchen-sie-ihr-auto\/","title":{"rendered":"Buchen Sie Ihr Auto"},"content":{"rendered":"<div class=\"wpb-content-wrapper\"><div class=\"vc_row wpb_row vc_row-fluid\"><div class=\"wpb_column vc_column_container vc_col-sm-12\"><div class=\"vc_column-inner\"><div class=\"wpb_wrapper\">\n\t<div class=\"wpb_text_column wpb_content_element\" >\n\t\t<div class=\"wpb_wrapper\">\n\t\t\t    <script type=\"text\/javascript\">\n        jQuery(document).ready(function () {\n            var unavailableDates = [];\n            var autofocus = 1;\n            var select2 = 1;\n\n            function unavailable(date) {\n                var ymd = date.getFullYear() + \"-\" + (\"0\" + (date.getMonth() + 1)).slice(-2) + \"-\" + (\"0\" + date.getDate()).slice(-2);\n                var day = new Date(ymd).getDay();\n                if (jQuery.inArray(ymd, unavailableDates) < 0) {\n                    return [true, \"enabled\", \"\"];\n                } else {\n                    return [false, \"disabled\", \"Geschlossen\"];\n                }\n            }\n\n            var monthsToShow = 1;\n            var windowWidth = jQuery(window).width();\n            if (windowWidth > 767) {\n                monthsToShow = 2;\n            }\n            var pickUpDateField = jQuery('.pickup-date');\n\n            pickUpDateField.datepicker({\n                minDate: \"+0D\",\n                maxDate: \"+730D\",\n                dateFormat: 'dd\/mm\/yy',\n                firstDay: 1,\n                beforeShowDay: unavailable,\n                numberOfMonths: monthsToShow,\n                onSelect: function (selected) {\n                    var date = jQuery(this).datepicker('getDate');\n                    if (date) {\n                        date.setDate(date.getDate());\n                    }\n                    jQuery('.return-date').datepicker(\"option\", \"minDate\", date);\n                    if (autofocus == 1 && select2 == 1) {\n                        jQuery('select.pickup-time').select2('open');\n                    }\n                },\n                beforeShow: function (input, inst) {\n                    if (autofocus == 1) {\n                        setTimeout(function () {\n                            inst.dpDiv.css({\n                                top: pickUpDateField.offset().top + 35,\n                                left: pickUpDateField.offset().left\n                            });\n                        }, 0);\n                    }\n                }\n            });\n            var returnDateField = jQuery('.return-date');\n            returnDateField.datepicker({\n                minDate: 0,\n                beforeShowDay: unavailable,\n                maxDate: \"+730D\",\n                numberOfMonths: monthsToShow,\n                dateFormat: 'dd\/mm\/yy',\n                firstDay: 1,\n                onSelect: function (selected) {\n                    jQuery('.pickup-date').datepicker(\"option\", \"maxDate\", selected);\n                    if (autofocus == 1 && select2 == 1) {\n                        jQuery('.return-time').select2('open');\n                    }\n                },\n                beforeShow: function (input, inst) {\n                    if (autofocus == 1) {\n                        setTimeout(function () {\n                            inst.dpDiv.css({\n                                top: returnDateField.offset().top + 35,\n                                left: returnDateField.offset().left\n                            });\n                        }, 0);\n                    }\n                }\n            });\n            jQuery('.pickup-date-datepicker').click(function () {\n                jQuery('.pickup-date').datepicker('show');\n            });\n            jQuery('.return-date-datepicker').click(function () {\n                jQuery('.return-date').datepicker('show');\n            });\n\n            jQuery('.car-rental-do-search').click(function () {\n                var objBookingCode = jQuery('.booking-code');\n                var objCouponCode = jQuery('.coupon-code');\n                var objPickupLocation = jQuery('.pickup-location');\n                var objReturnLocation = jQuery('.return-location');\n                var objPickupDate = jQuery('.pickup-date');\n                var objReturnDate = jQuery('.return-date');\n                var objBookingPeriod = jQuery('.booking-period');\n\n                var bookingCode = \"\";\n                var couponCode = \"SKIP\";\n                var pickupLocationId = \"SKIP\";\n                var returnLocationId = \"SKIP\";\n                var pickupDate = \"SKIP\";\n                var returnDate = \"SKIP\";\n                var bookingPeriod = \"SKIP\";\n\n\t\t\t\t\n\t\t\t\t\n\t\t\t\t                if (objPickupLocation.length) {\n                    pickupLocationId = objPickupLocation.val();\n                }\n\t\t\t\t\n\t\t\t\t                if (objReturnLocation.length) {\n                    returnLocationId = objReturnLocation.val();\n                }\n\t\t\t\t\n\t\t\t\t                if (objPickupDate.length) {\n                    pickupDate = objPickupDate.val();\n                }\n\t\t\t\t\n\t\t\t\t                if (objReturnDate.length) {\n                    returnDate = objReturnDate.val();\n                }\n\t\t\t\t\n\t\t\t\t                if (objBookingPeriod.length) {\n                    bookingPeriod = objBookingPeriod.val();\n                }\n\t\t\t\t                \/\/alert('bookingCode[len]:' + objBookingCode.length + ', bookingCode[val]:' + bookingCode);\n\n                if (bookingCode != \"\" && bookingCode != \"Ich habe eine Buchungsnummer:\") {\n                    return true;\n                } else if (couponCode == \"\" || couponCode == \"I have coupon code:\") {\n                    alert('Please enter coupon code!');\n                    return false;\n                } else if (pickupLocationId == 0) {\n                    alert('Bitte w\u00e4hlen Sie einen Abholort!');\n                    return false;\n                } else if (returnLocationId == 0) {\n                    alert('Bitte w\u00e4hlen Sie einen R\u00fcckgabeort!');\n                    return false;\n                } else if (pickupDate == \"\" || pickupDate == \"Datum:\") {\n                    alert('Bitte w\u00e4hlen Sie ein Abholdatum!');\n                    return false;\n                } else if (returnDate == \"\" || returnDate == \"Datum:\") {\n                    alert('Bitte w\u00e4hlen Sie ein R\u00fcckgabedatum!');\n                    return false;\n                } else if (bookingPeriod == \"\") {\n                    alert('Bitte w\u00e4hlen Sie einen Buchungszeitraum!');\n                    return false;\n                } else {\n                    return true;\n                }\n            });\n        });\n    <\/script><!--CAMBIO 365-->\n    <div class=\"row search_form_row step1\" id=\"search_form\">\n        <!--  \/wp-content\/themes\/wp-car-rental\/Extensions\/CarRental\/Templates\/Front\/Booking\/template.Step1ItemsSearchForm.php -->\n        <!-- formElem 105  -->\n\t\t        <!-- <form id=\"formElem\" name=\"formElem\" action=\"< php echo $currentLang;  >\/proceso-de-reserva\/\" method=\"post\"> -->\n        <!-- < php print($actionPageURL);\n\t\t$findme = \"app\";\n\t\t$pos = strpos($actionPageURL, $findme);\n\t\tif ($pos === false) {\n\t\t\techo \"La cadena '$findme' no fue encontrada en la cadena '$actionPageURL'\";\n\t\t} else {\n\t\t\techo \"La cadena '$findme' fue encontrada en la cadena '$actionPageURL'\";\n\t\t\techo \" y existe en la posici\u00f3n $pos\";\n\t\t}\n\t\t > -->\n\t\t\t\t        <form id=\"formElem\" name=\"formElem\" action=\"\/de\/booking-process\/\" method=\"post\" class=\"no_translate\" data-no-auto-translation=\"\" data-trp-original-action=\"\/de\/booking-process\">\n            <div class=\"col-sm-12 col-md-10\">\n                <div class=\"row\">\n                    <div class=\"col-sm-6\">\n\t\t\t\t\t\t                            <span class=\"form_title\">Abholung Information<\/span>\n\t\t\t\t\t\t\t                                <select name=\"pickup_location_id\" class=\"form-control pickup-location home-select\">\n                                    <!-- pickupDropDownOptions ADD5 -->\n\t\t\t\t\t\t\t\t\t<option value=\"0\" selected=\"selected\">Abholung Stadt &amp; Ort:<\/option><option value=\"1\">1. M\u00e1laga Airport<\/option><option value=\"2\">2. Marbella<\/option><option value=\"3\">3. Gibraltar, La L\u00ednea de la Concepci\u00f3n<\/option><option value=\"4\">4. M\u00e1laga Railway Station<\/option><option value=\"5\">5. Torremolinos<\/option><option value=\"6\">6. Benalm\u00e1dena<\/option><option value=\"7\">7. Fuengirola<\/option><option value=\"8\">8. Mijas<\/option><option value=\"11\">9. Torre del Mar<\/option><option value=\"13\">10. Nerja<\/option><option value=\"14\">11. Estepona<\/option><option value=\"15\">12. Benahavis<\/option><option value=\"16\">13. Algeciras<\/option><option value=\"28\">14. Sotogrande<\/option><option value=\"29\">15. Tarifa<\/option><option value=\"9\">16. M\u00e1laga Downtown<\/option>                                    <!-- \/pickupdropdownoptions ADD5 -->\n                                <\/select>\n\t\t\t\t\t\t\t\t\t\t\t\t\t\t\t\t\t\t\t                            <div class=\"row\">\n                                <div class=\"col-xs-7 col-sm-8 date\">\n                                    <input type=\"text\" name=\"pickup_date\" value=\"Datum:\"\n                                           class=\"pickup-date\"\n                                           readonly=\"readonly\" autocomplete=\"off\"\/>\n                                <\/div>\n                                <div class=\"col-xs-5 col-sm-4 time\">\n                                    <select name=\"pickup_time\" class=\"pickup-time\">\n\t\t\t\t\t\t\t\t\t\t<option value=\"00:00:00\">00:00<\/option><option value=\"00:30:00\">00:30<\/option><option value=\"01:00:00\">01:00<\/option><option value=\"01:30:00\">01:30<\/option><option value=\"02:00:00\">02:00<\/option><option value=\"02:30:00\">02:30<\/option><option value=\"03:00:00\">03:00<\/option><option value=\"03:30:00\">03:30<\/option><option value=\"04:00:00\">04:00<\/option><option value=\"04:30:00\">04:30<\/option><option value=\"05:00:00\">05:00<\/option><option value=\"05:30:00\">05:30<\/option><option value=\"06:00:00\">06:00<\/option><option value=\"06:30:00\">06:30<\/option><option value=\"07:00:00\">07:00<\/option><option value=\"07:30:00\">07:30<\/option><option value=\"08:00:00\">08:00<\/option><option value=\"08:30:00\">08:30<\/option><option value=\"09:00:00\">09:00<\/option><option value=\"09:30:00\">09:30<\/option><option value=\"10:00:00\">10:00<\/option><option value=\"10:30:00\">10:30<\/option><option value=\"11:00:00\">11:00<\/option><option value=\"11:30:00\">11:30<\/option><option value=\"12:00:00\" selected=\"selected\">12:00<\/option><option value=\"12:30:00\">12:30<\/option><option value=\"13:00:00\">13:00<\/option><option value=\"13:30:00\">13:30<\/option><option value=\"14:00:00\">14:00<\/option><option value=\"14:30:00\">14:30<\/option><option value=\"15:00:00\">15:00<\/option><option value=\"15:30:00\">15:30<\/option><option value=\"16:00:00\">16:00<\/option><option value=\"16:30:00\">16:30<\/option><option value=\"17:00:00\">17:00<\/option><option value=\"17:30:00\">17:30<\/option><option value=\"18:00:00\">18:00<\/option><option value=\"18:30:00\">18:30<\/option><option value=\"19:00:00\">19:00<\/option><option value=\"19:30:00\">19:30<\/option><option value=\"20:00:00\">20:00<\/option><option value=\"20:30:00\">20:30<\/option><option value=\"21:00:00\">21:00<\/option><option value=\"21:30:00\">21:30<\/option><option value=\"22:00:00\">22:00<\/option><option value=\"22:30:00\">22:30<\/option><option value=\"23:00:00\">23:00<\/option><option value=\"23:30:00\">23:30<\/option>                                    <\/select>\n                                <\/div>\n                            <\/div>\n\t\t\t\t\t\t                    <\/div>\n\t\t\t\t\t                        <div class=\"col-sm-6\">\n                            <span class=\"form_title fix_margin\">R\u00fcckgabe Information<\/span>\n\t\t\t\t\t\t\t                                <select name=\"return_location_id\" class=\"form-control return-location home-select\">\n\t\t\t\t\t\t\t\t\t<option value=\"0\" selected=\"selected\">R\u00fcckgabe Stadt &amp; Ort:<\/option><option value=\"1\">1. M\u00e1laga Airport<\/option><option value=\"2\">2. Marbella<\/option><option value=\"3\">3. Gibraltar, La L\u00ednea de la Concepci\u00f3n<\/option><option value=\"4\">4. M\u00e1laga Railway Station<\/option><option value=\"5\">5. Torremolinos<\/option><option value=\"6\">6. Benalm\u00e1dena<\/option><option value=\"7\">7. Fuengirola<\/option><option value=\"8\">8. Mijas<\/option><option value=\"11\">9. Torre del Mar<\/option><option value=\"13\">10. Nerja<\/option><option value=\"14\">11. Estepona<\/option><option value=\"15\">12. Benahavis<\/option><option value=\"16\">13. Algeciras<\/option><option value=\"28\">14. Sotogrande<\/option><option value=\"29\">15. Tarifa<\/option><option value=\"9\">16. M\u00e1laga Downtown<\/option>                                <\/select>\n\t\t\t\t\t\t\t                        <\/div>\n\t\t\t\t\t\t\t\t\t\t                        <div class=\"col-sm-6\">\n                            <div class=\"row\">\n\t\t\t\t\t\t\t\t                                    <div class=\"col-xs-7 col-sm-8 date\">\n                                        <input type=\"text\" name=\"return_date\" class=\"return-date\"\n                                               value=\"Datum:\"\n                                               readonly=\"readonly\" autocomplete=\"off\"\/>\n                                    <\/div>\n                                    <div class=\"col-xs-5 col-sm-4 time\">\n                                        <select name=\"return_time\" class=\"return-time\">\n\t\t\t\t\t\t\t\t\t\t\t<option value=\"00:00:00\">00:00<\/option><option value=\"00:30:00\">00:30<\/option><option value=\"01:00:00\">01:00<\/option><option value=\"01:30:00\">01:30<\/option><option value=\"02:00:00\">02:00<\/option><option value=\"02:30:00\">02:30<\/option><option value=\"03:00:00\">03:00<\/option><option value=\"03:30:00\">03:30<\/option><option value=\"04:00:00\">04:00<\/option><option value=\"04:30:00\">04:30<\/option><option value=\"05:00:00\">05:00<\/option><option value=\"05:30:00\">05:30<\/option><option value=\"06:00:00\">06:00<\/option><option value=\"06:30:00\">06:30<\/option><option value=\"07:00:00\">07:00<\/option><option value=\"07:30:00\">07:30<\/option><option value=\"08:00:00\">08:00<\/option><option value=\"08:30:00\">08:30<\/option><option value=\"09:00:00\">09:00<\/option><option value=\"09:30:00\">09:30<\/option><option value=\"10:00:00\">10:00<\/option><option value=\"10:30:00\">10:30<\/option><option value=\"11:00:00\">11:00<\/option><option value=\"11:30:00\">11:30<\/option><option value=\"12:00:00\" selected=\"selected\">12:00<\/option><option value=\"12:30:00\">12:30<\/option><option value=\"13:00:00\">13:00<\/option><option value=\"13:30:00\">13:30<\/option><option value=\"14:00:00\">14:00<\/option><option value=\"14:30:00\">14:30<\/option><option value=\"15:00:00\">15:00<\/option><option value=\"15:30:00\">15:30<\/option><option value=\"16:00:00\">16:00<\/option><option value=\"16:30:00\">16:30<\/option><option value=\"17:00:00\">17:00<\/option><option value=\"17:30:00\">17:30<\/option><option value=\"18:00:00\">18:00<\/option><option value=\"18:30:00\">18:30<\/option><option value=\"19:00:00\">19:00<\/option><option value=\"19:30:00\">19:30<\/option><option value=\"20:00:00\">20:00<\/option><option value=\"20:30:00\">20:30<\/option><option value=\"21:00:00\">21:00<\/option><option value=\"21:30:00\">21:30<\/option><option value=\"22:00:00\">22:00<\/option><option value=\"22:30:00\">22:30<\/option><option value=\"23:00:00\">23:00<\/option><option value=\"23:30:00\">23:30<\/option>                                        <\/select>\n                                    <\/div>\n\t\t\t\t\t\t\t\t                            <\/div>\n                        <\/div>\n\t\t\t\t\t\t\t\t\t\t\t\t\t\t\t                <\/div>\n            <\/div>\n            <div class=\"col-xs-12 col-md-2\">\n                <input type=\"hidden\" name=\"car_rental_came_from_step1\" value=\"yes\"\/>\n\t\t\t\t\t\t\t\t\t<input type=\"submit\" name=\"car_rental_do_search\" value=\"Suche\" class=\"car-rental-do-search\" \/>\t\t\t\t            <\/div>\n        <input type=\"hidden\" name=\"trp-form-language\" value=\"de\"\/><\/form>\n\n\n    <\/div>\n    <!--  CANCEL_BOOKING 1 -->\n    <!--  \/CANCEL_BOOKING 1 -->\n    <script type=\"text\/javascript\">\n        jQuery(document).ready(function () {\n            var locationsSelect2 = '1';\n            var filtersSelect2 = '1';\n            var timeSelect2 = '1';\n            var durationSelect2 = '1';\n            var priceCalculationType = '1';\n            var nrsAutoFocus = '1';\n            var returnLocation = '1';\n            var returnDate = '1';\n            initilizeSelect2(locationsSelect2, filtersSelect2, timeSelect2, durationSelect2, priceCalculationType, nrsAutoFocus, returnLocation, returnDate);\n            SetSubmitButtonHeight();\n        });\n        jQuery(window).resize(function () {\n            SetSubmitButtonHeight();\n        });\n\n        function initilizeSelect2(locationsS2, filtersS2, timeS2, durationS2, priceType, autoFocus, returnLocation, returnDate) {\n            if (locationsS2 == 1) {\n                jQuery(\"select[name='pickup_location_id']\").select2(\n                    {\n                        language: {\n                            \"noResults\": function () {\n                                return \"No location was not found, please can contact us to request custom pricing.\";\n                            }\n                        }\n                    }\n                ).on('select2:select', function () {\n                    autoFocus == 1 ? jQuery('.pickup-date').focus() : '';\n                });\n                jQuery(\"select[name='return_location_id']\").select2(\n                    {\n                        language: {\n                            \"noResults\": function () {\n                                return \"No location was not found, please can contact us to request custom pricing.\";\n                            }\n                        }\n                    }\n                ).on('select2:select', function () {\n                    if (autoFocus == 1 && returnDate == 1) {\n                        if (priceType == 2 && durationS2) {\n                            jQuery('.booking-period').select2('open');\n                        } else {\n                            jQuery('.return-date').focus();\n                        }\n                    }\n                });\n            }\n            if (filtersS2 == 1) {\n                jQuery(\"select[name='partner_id']\").select2();\n                jQuery(\"select[name='manufacturer_id']\").select2();\n                jQuery(\"select[name='body_type_id']\").select2();\n                jQuery(\"select[name='transmission_type_id']\").select2();\n                jQuery(\"select[name='fuel_type_id']\").select2();\n            }\n            if (timeS2 == 1) {\n                jQuery(\"select[name='pickup_time']\").select2(\n                    {\n                        language: {\n                            \"noResults\": function () {\n                                return \"Invalid time format, or not available.\";\n                            }\n                        }\n                    }\n                ).on('select2:select', function () {\n                    if (autoFocus == 1) {\n                        if (returnLocation && locationsS2 == 1) {\n                            jQuery('.return-location').select2('open');\n                        } else if (returnDate == 1) {\n                            if (priceType == 2 && durationS2 == 1) {\n                                jQuery('.booking-period').select2('open');\n                            } else {\n                                jQuery('.return-date').focus();\n                            }\n                        }\n                    }\n                });\n                jQuery(\"select[name='return_time']\").select2(\n                    {\n                        language: {\n                            \"noResults\": function () {\n                                return \"Invalid time format, or not available.\";\n                            }\n                        }\n                    }\n                );\n            }\n            if (durationS2 == 1) {\n                jQuery(\"select[name='booking_period']\").select2();\n            }\n        }\n\n        function SetSubmitButtonHeight() {\n            jQuery('.car-rental-do-search').css('height', '0').css('height', (jQuery('.search_form_row').height() - 35) + 'px');\n        }\n    <\/script>\n\n\n\t\t<\/div>\n\t<\/div>\n<\/div><\/div><\/div><\/div>\n<\/div>","protected":false},"excerpt":{"rendered":"Abholung Information Abholung Stadt &amp; Ort:1. Flughafen M\u00e1laga2. Marbella3. Gibraltar, La L\u00ednea de la Concepci\u00f3n4. Bahnhof M\u00e1laga5. Torremolinos6. Benalm\u00e1dena7. Fuengirola8. Mijas9. Torre del Mar10. Nerja11. Estepona12. Benahavis13. Algeciras14. Sotogrande15. Tarifa16. M\u00e1laga Downtown 00:0000:3001:0001:3002:0002:3003:0003:3004:0004:3005:0005:3006:0006:3007:0007:3008:0008:3009:0009:3010:0010:3011:0011:3012:0012:3013:0013:3014:0014:3015:0015:3016:0016:3017:0017:3018:0018:3019:0019:3020:0020:3021:0021:3022:0022:3023:0023:30 R\u00fcckgabe Information R\u00fcckgabe Stadt &amp; Ort:1. M\u00e1laga Flughafen2. Marbella3. Gibraltar, La L\u00ednea de la Concepci\u00f3n4. Bahnhof M\u00e1laga5. Torremolinos6. Benalm\u00e1dena7. Fuengirola8. [...]","protected":false},"author":1,"featured_media":0,"parent":0,"menu_order":0,"comment_status":"closed","ping_status":"closed","template":"template-landingpage.php","meta":{"_joinchat":{"view":"no"},"footnotes":""},"class_list":["post-9866","page","type-page","status-publish"],"_links":{"self":[{"href":"https:\/\/marbellarentacar.es\/de\/wp-json\/wp\/v2\/pages\/9866","targetHints":{"allow":["GET"]}}],"collection":[{"href":"https:\/\/marbellarentacar.es\/de\/wp-json\/wp\/v2\/pages"}],"about":[{"href":"https:\/\/marbellarentacar.es\/de\/wp-json\/wp\/v2\/types\/page"}],"author":[{"embeddable":true,"href":"https:\/\/marbellarentacar.es\/de\/wp-json\/wp\/v2\/users\/1"}],"replies":[{"embeddable":true,"href":"https:\/\/marbellarentacar.es\/de\/wp-json\/wp\/v2\/comments?post=9866"}],"version-history":[{"count":0,"href":"https:\/\/marbellarentacar.es\/de\/wp-json\/wp\/v2\/pages\/9866\/revisions"}],"wp:attachment":[{"href":"https:\/\/marbellarentacar.es\/de\/wp-json\/wp\/v2\/media?parent=9866"}],"curies":[{"name":"wp","href":"https:\/\/api.w.org\/{rel}","templated":true}]}}