{"id":8072,"date":"2018-08-22T15:29:47","date_gmt":"2018-08-22T13:29:47","guid":{"rendered":"https:\/\/marbellarentacar.es\/?page_id=8072"},"modified":"2023-06-03T12:07:28","modified_gmt":"2023-06-03T10:07:28","slug":"impressum","status":"publish","type":"page","link":"https:\/\/marbellarentacar.es\/de\/impressum\/","title":{"rendered":"Rechtlicher Hinweis"},"content":{"rendered":"<div class=\"wpb-content-wrapper\"><div class=\"vc_row wpb_row vc_row-fluid\"><div class=\"wpb_column vc_column_container vc_col-sm-12\"><div class=\"vc_column-inner\"><div class=\"wpb_wrapper\">\n\t<div class=\"wpb_text_column wpb_content_element txt_justify\" >\n\t\t<div class=\"wpb_wrapper\">\n\t\t\t<h2>GESETZ \u00dcBER DIENSTE DER INFORMATIONSGESELLSCHAFT (LSSI)<\/h2>\n<p>MARBELLA RENT A CAR, der Verantwortliche f\u00fcr die Website, nachfolgend der DATENVERANTWORTLICHE, stellt den Benutzern dieses Dokument zur Verf\u00fcgung, um den Verpflichtungen des spanischen Gesetzes 34\/2002 vom 11. Juli 2002 \u00fcber die Dienste der Informationsgesellschaft und des elektronischen Handels (LSSICE), spanisches Staatsblatt Nr. o 166, nachzukommen und alle Benutzer \u00fcber die Nutzungsbedingungen der Website zu informieren.<\/p>\n<p>Jede Person, die auf diese Website zugreift, erwirbt den Status eines Nutzers und verpflichtet sich als solcher, die hierin enthaltenen Bestimmungen sowie alle anderen anwendbaren gesetzlichen Bestimmungen strikt zu beachten und einzuhalten.<\/p>\n<p><a class=\"wpil_keyword_link\" href=\"https:\/\/marbellarentacar.es\/de\/\"   title=\"MARBELLA EIN AUTO MIETEN\" data-wpil-keyword-link=\"linked\">MARBELLA EIN AUTO MIETEN<\/a> beh\u00e4lt sich das Recht vor, jede Art von Information, die auf der Website erscheinen kann, zu \u00e4ndern, ohne dass eine Verpflichtung besteht, die Benutzer \u00fcber diese \u00c4nderungen zu informieren oder sie ihnen mitzuteilen, wobei die Ver\u00f6ffentlichung auf der Website von MARBELLA RENT A CAR als ausreichend angesehen wird.<\/p>\n<h3>1. ANGABEN ZUR IDENTIFIZIERUNG<\/h3>\n<p>Domainname: www.hermanossarmientos.com \/ www.marbellarentacar.es Handelsname: MARBELLA RENT A CAR Firmenname: TALLER HERMANOS SARMIENTO CHAPA Y PINTURA SL ID-Nummer: B29667458<\/p>\n<p>Eingetragene Anschrift: pol.ind. Villarosa ctra Guadalmar4-6 , 29004 MALAGA (MALAGA) Telefon: 952 170 664<br \/>\nE-Mail: ricardo.xalma@marbellarentacar.es<br \/>\nEingetragen im (Handels- \/ \u00f6ffentlichen) Register:<\/p>\n<h3>2. RECHTE AN GEISTIGEM UND GEWERBLICHEM EIGENTUM<\/h3>\n<p>Die Website, einschlie\u00dflich, aber nicht beschr\u00e4nkt auf ihre Programmierung, Bearbeitung, Zusammenstellung und andere f\u00fcr ihren Betrieb notwendige Elemente, Designs, Logos, Texte und\/oder Grafiken, sind Eigentum des DATA CONTROLLER oder, falls zutreffend, ist er\/sie ausdr\u00fccklich im Besitz einer Lizenz oder wird von den Urhebern autorisiert. Der gesamte Inhalt der Website ist durch die Gesetze zum Schutz des geistigen und gewerblichen Eigentums ordnungsgem\u00e4\u00df gesch\u00fctzt und in den entsprechenden \u00f6ffentlichen Registern eingetragen.<\/p>\n<p>Ungeachtet des Zwecks, f\u00fcr den sie bestimmt sind, bedarf die vollst\u00e4ndige oder teilweise Vervielf\u00e4ltigung, Nutzung, Verwertung, Verbreitung und Vermarktung in jedem Fall der vorherigen schriftlichen Genehmigung durch den DATA CONTROLLER. Jede nicht genehmigte Nutzung wird als schwerwiegende Verletzung der Rechte des Urhebers am geistigen oder gewerblichen Eigentum angesehen.<\/p>\n<p>Die Designs, Logos, Texte und\/oder Grafiken, die nicht Eigentum des DATA CONTROLLER sind und die auf der Website erscheinen k\u00f6nnen, geh\u00f6ren ihren jeweiligen Eigent\u00fcmern, die f\u00fcr eventuelle Streitigkeiten in diesem Zusammenhang verantwortlich sind. Der DATA CONTROLLER gestattet Dritten ausdr\u00fccklich die Weiterleitung auf den spezifischen Inhalt der Website und in jedem Fall die Weiterleitung auf die Hauptwebsite www.hermanossarmientos.com \/ www.marbellarentacar.es.<\/p>\n<p>Der DATA CONTROLLER erkennt die entsprechenden Rechte an geistigem und gewerblichem Eigentum zugunsten ihrer Eigent\u00fcmer an, und die Erw\u00e4hnung oder das Erscheinen auf der Website impliziert weder das Vorhandensein von Rechten daran noch eine wie auch immer geartete Verantwortung daf\u00fcr, noch impliziert sie eine Bef\u00fcrwortung, ein Sponsoring oder eine Empfehlung durch die Website.<\/p>\n<p>Hinweise auf m\u00f6gliche Verletzungen von Rechten an geistigem oder gewerblichem Eigentum sowie auf den Inhalt der Website k\u00f6nnen per E-Mail an ricardo.xalma@marbellarentacar.es \u00fcbermittelt werden.<\/p>\n<h3>3. HAFTUNGSAUSSCHLUSS<\/h3>\n<p>Der DATENVERANTWORTLICHE kann nicht f\u00fcr die auf seiner Website ver\u00f6ffentlichten Informationen haftbar gemacht werden, wenn diese Informationen von Dritten, die nicht mit dem DATENVERANTWORTLICHEN in Verbindung stehen, manipuliert oder eingef\u00fchrt wurden.<br \/>\nVerwendung von Cookies<\/p>\n<p>Diese Website kann technische Cookies (kleine Informationsdateien, die der Server an den Computer der Person sendet, die auf die Seite zugreift) verwenden, um bestimmte Funktionen auszuf\u00fchren, die f\u00fcr das ordnungsgem\u00e4\u00dfe Funktionieren und die Anzeige der Website als wesentlich angesehen werden. In jedem Fall handelt es sich um tempor\u00e4re Cookies, die ausschlie\u00dflich dazu dienen, die Navigation auf der Website effizienter zu gestalten, und die am Ende der Sitzung des Nutzers wieder gel\u00f6scht werden. In keinem Fall liefern diese Cookies selbst personenbezogene Daten, und sie werden auch nicht f\u00fcr die Sammlung solcher Daten verwendet.<\/p>\n<p>Durch die Verwendung von Cookies ist der Server, auf dem sich die Website befindet, in der Lage, den vom Nutzer verwendeten Browser zu erkennen, um die Navigation zu erleichtern und es beispielsweise Nutzern, die sich zuvor registriert haben, zu erm\u00f6glichen, auf die ausschlie\u00dflich ihnen vorbehaltenen Bereiche, Dienste, Aktionen oder Wettbewerbe zuzugreifen, ohne sich bei jedem Besuch erneut registrieren zu m\u00fcssen. Sie k\u00f6nnen auch verwendet werden, um das Publikum oder Verkehrsparameter zu messen, den Verlauf und die Anzahl der Teilnahmen zu \u00fcberwachen usw. In diesen F\u00e4llen sind die verwendeten Cookies technisch nicht notwendig, aber f\u00fcr den Nutzer von Vorteil. Auf dieser Website werden keine Cookies ohne die vorherige Zustimmung des Nutzers installiert.<\/p>\n<p>Diese Website verwendet analytische Cookies (_ga oder _utm) von Google Analytics, die zwei Jahre lang g\u00fcltig sind, um die einzigartige Besuchersteuerung zu erm\u00f6glichen und die Navigation zu erleichtern. Alle Nutzer, die die Website besuchen, werden durch ein schwebendes Banner \u00fcber die Verwendung dieser Cookies informiert. Wenn sie weiter surfen, wird davon ausgegangen, dass sie mit der Verwendung einverstanden sind. Wird die Verwendung von Cookies akzeptiert, verschwindet das Banner, obwohl es jederzeit m\u00f6glich ist, die Zustimmung zu widerrufen und weitere Informationen zu erhalten, indem man unsere Cookie-Politik konsultiert.<\/p>\n<p>Der Nutzer kann seinen Browser so konfigurieren, dass er \u00fcber den Empfang von Cookies informiert wird und deren Installation auf seinem Computer verhindert. F\u00fcr weitere Informationen konsultieren Sie bitte die Anweisungen Ihres Browsers.<\/p>\n<p>Verkn\u00fcpfungspolitik<\/p>\n<p>Es kann sein, dass Sie von der Website zu Inhalten auf einer Website Dritter weitergeleitet werden. Da der DATA-KONTROLLER die Inhalte von Websites Dritter nicht immer kontrollieren kann, kann er f\u00fcr diese Inhalte Dritter nicht haftbar gemacht werden. In jedem Fall wird der DATENVERANTWORTLICHE Inhalte, die gegen nationale oder internationale Gesetze, die guten Sitten oder die \u00f6ffentliche Ordnung versto\u00dfen, unverz\u00fcglich entfernen und die Weiterleitung zu dieser Website unverz\u00fcglich aufheben und die zust\u00e4ndigen Beh\u00f6rden \u00fcber den betreffenden Inhalt informieren. Der BETREIBER kann nicht f\u00fcr Informationen und Inhalte haftbar gemacht werden, die in Foren, Chats, Bloggeneratoren, Kommentaren, sozialen Netzwerken oder anderen Mitteln gefunden werden, die es Dritten erm\u00f6glichen, unabh\u00e4ngig Inhalte auf der Website des BETREIBERS zu ver\u00f6ffentlichen. In \u00dcbereinstimmung mit den Bestimmungen der Artikel 11 und 16 des spanischen Gesetzes \u00fcber Dienste der Informationsgesellschaft und des elektronischen Handels (LSSICE) wird sie jedoch allen Nutzern, Beh\u00f6rden und Sicherheitskr\u00e4ften zur Verf\u00fcgung gestellt, die aktiv an der R\u00fccknahme oder gegebenenfalls der Sperrung aller Inhalte mitwirken, die nationale oder internationale Gesetze, die Rechte Dritter oder die Moral und die \u00f6ffentliche Ordnung beeintr\u00e4chtigen oder verletzen k\u00f6nnten. Sollte der Nutzer der Ansicht sein, dass sich auf der Website Inhalte befinden, die als solche betrachtet werden k\u00f6nnten, so ist der Administrator der Website unverz\u00fcglich zu benachrichtigen.<\/p>\n<p>Diese Website wurde \u00fcberpr\u00fcft und getestet, um ihre einwandfreie Funktion zu gew\u00e4hrleisten. Grunds\u00e4tzlich kann eine einwandfreie Funktion 365 Tage im Jahr, 24 Stunden am Tag gew\u00e4hrleistet werden. Der DATA CONTROLLER schlie\u00dft jedoch nicht aus, dass bestimmte Programmierfehler auftreten oder dass h\u00f6here Gewalt, Naturkatastrophen, Streiks oder \u00e4hnliche Umst\u00e4nde eintreten, die den Zugriff auf die Website unm\u00f6glich machen.<\/p>\n<p>IP-Adressen<\/p>\n<p>Website-Server k\u00f6nnen die vom Benutzer verwendete IP-Adresse und den Dom\u00e4nennamen automatisch erkennen. Eine IP-Adresse ist eine Nummer, die einem Computer automatisch zugewiesen wird, wenn er sich mit dem Internet verbindet. Alle diese Informationen werden in einer ordnungsgem\u00e4\u00df registrierten Aktivit\u00e4tsdatei auf dem Server gespeichert, die eine sp\u00e4tere Verarbeitung der Daten erm\u00f6glicht, um ausschlie\u00dflich statistische Messungen zu erhalten, die uns die Anzahl der Seitenaufrufe, die Anzahl der Besuche auf den Webservern, die Reihenfolge der Besuche, den Zugangspunkt usw. zeigen.<\/p>\n<h3>4. ANWENDBARES RECHT UND GERICHTSBARKEIT<\/h3>\n<p>Alle Streitigkeiten oder Fragen im Zusammenhang mit dieser Website oder den auf ihr durchgef\u00fchrten Aktivit\u00e4ten unterliegen ausschlie\u00dflich dem spanischen Recht, und die f\u00fcr MALAGA n\u00e4chstgelegenen Gerichte sind f\u00fcr die Beilegung aller Konflikte zust\u00e4ndig, die sich aus der Nutzung dieser Website ergeben oder damit verbunden sind.<\/p>\n\n\t\t<\/div>\n\t<\/div>\n<\/div><\/div><\/div><\/div>\n<\/div>","protected":false},"excerpt":{"rendered":"GESETZ \u00dcBER DIE DIENSTE DER INFORMATIONSGESELLSCHAFT (LSSI) MARBELLA RENT A CAR, der Verantwortliche f\u00fcr die Website, im Folgenden der DATENVERANTWORTLICHE, legt dieses Dokument vor, mit dem den Verpflichtungen gem\u00e4\u00df dem spanischen Gesetz 34\/2002 vom 11. Juli 2002 \u00fcber die Dienste der Informationsgesellschaft und des elektronischen Gesch\u00e4ftsverkehrs (LSSICE), spanisches Amtsblatt Nr. o 166, nachgekommen werden soll, das [...]","protected":false},"author":1,"featured_media":0,"parent":0,"menu_order":0,"comment_status":"closed","ping_status":"closed","template":"","meta":{"_joinchat":[],"footnotes":""},"class_list":["post-8072","page","type-page","status-publish"],"_links":{"self":[{"href":"https:\/\/marbellarentacar.es\/de\/wp-json\/wp\/v2\/pages\/8072","targetHints":{"allow":["GET"]}}],"collection":[{"href":"https:\/\/marbellarentacar.es\/de\/wp-json\/wp\/v2\/pages"}],"about":[{"href":"https:\/\/marbellarentacar.es\/de\/wp-json\/wp\/v2\/types\/page"}],"author":[{"embeddable":true,"href":"https:\/\/marbellarentacar.es\/de\/wp-json\/wp\/v2\/users\/1"}],"replies":[{"embeddable":true,"href":"https:\/\/marbellarentacar.es\/de\/wp-json\/wp\/v2\/comments?post=8072"}],"version-history":[{"count":0,"href":"https:\/\/marbellarentacar.es\/de\/wp-json\/wp\/v2\/pages\/8072\/revisions"}],"wp:attachment":[{"href":"https:\/\/marbellarentacar.es\/de\/wp-json\/wp\/v2\/media?parent=8072"}],"curies":[{"name":"wp","href":"https:\/\/api.w.org\/{rel}","templated":true}]}}