{"id":608,"date":"2017-08-20T13:41:12","date_gmt":"2017-08-20T11:41:12","guid":{"rendered":"http:\/\/grupored.inteligencia-web.com\/?page_id=608"},"modified":"2023-06-02T18:32:07","modified_gmt":"2023-06-02T16:32:07","slug":"blog","status":"publish","type":"page","link":"https:\/\/marbellarentacar.es\/de\/blog\/","title":{"rendered":"Blog"},"content":{"rendered":"<div class=\"wpb-content-wrapper\"><div class=\"vc_row wpb_row vc_row-fluid\"><div class=\"wpb_column vc_column_container vc_col-sm-12\"><div class=\"vc_column-inner\"><div class=\"wpb_wrapper\">\n<div class=\"vc_grid-container-wrapper vc_clearfix vc_grid-animation-fadeIn\">\n\t<div class=\"vc_grid-container vc_clearfix wpb_content_element vc_basic_grid\" data-initial-loading-animation=\"fadeIn\" data-vc-grid-settings=\"{&quot;page_id&quot;:608,&quot;style&quot;:&quot;all&quot;,&quot;action&quot;:&quot;vc_get_vc_grid_data&quot;,&quot;shortcode_id&quot;:&quot;1685723511629-5b8c79a2-c00e-7&quot;,&quot;tag&quot;:&quot;vc_basic_grid&quot;}\" data-vc-request=\"https:\/\/marbellarentacar.es\/wp-admin\/admin-ajax.php\" data-vc-post-id=\"608\" data-vc-public-nonce=\"8e7cc37bb0\">\n\t\t<div class=\"vc_grid vc_row vc_grid-gutter-30px vc_pageable-wrapper vc_hook_hover\" data-vc-pageable-content=\"true\"><div class=\"vc_pageable-slide-wrapper vc_clearfix\" data-vc-grid-content=\"true\"><div class=\"vc_grid-item vc_clearfix vc_col-sm-6 vc_grid-item-zone-c-bottom\"><div class=\"vc_grid-item-mini vc_clearfix\"><div class=\"vc_gitem-animated-block  vc_gitem-animate vc_gitem-animate-blurOut\"  data-vc-animation=\"blurOut\"><div class=\"vc_gitem-zone vc_gitem-zone-a vc-gitem-zone-height-mode-auto vc-gitem-zone-height-mode-auto-16-9 vc_gitem-is-link\" style=\"background-image: url('https:\/\/marbellarentacar.es\/wp-content\/uploads\/2024\/09\/post-11399-1024x538.jpg') !important;\"><a href=\"https:\/\/marbellarentacar.es\/de\/exotische-reiseziele-fur-dein-nachstes-abenteuer\/\" title=\"Exotische Reiseziele f\u00fcr Ihr n\u00e4chstes Abenteuer\" class=\"vc_gitem-link vc-zone-link\" ><\/a><img decoding=\"async\" class=\"vc_gitem-zone-img\" src=\"https:\/\/marbellarentacar.es\/wp-content\/uploads\/2024\/09\/post-11399-1024x538.jpg\" alt=\"Exotische Reiseziele f\u00fcr Ihr n\u00e4chstes Abenteuer\"><div class=\"vc_gitem-zone-mini\"><\/div><\/div><\/div><div class=\"vc_gitem-zone vc_gitem-zone-c\"><div class=\"vc_gitem-zone-mini\"><div class=\"vc_gitem_row vc_row vc_gitem-row-position-top\"><div class=\"vc_col-sm-12 vc_gitem-col vc_gitem-col-align-\"><div class=\"vc_custom_heading vc_gitem-post-data vc_gitem-post-data-source-post_title\" ><h4 style=\"text-align: left\" ><a href=\"https:\/\/marbellarentacar.es\/de\/exotische-reiseziele-fur-dein-nachstes-abenteuer\/\" class=\"vc_gitem-link\" title=\"Exotische Reiseziele f\u00fcr Ihr n\u00e4chstes Abenteuer\">Exotische Reiseziele f\u00fcr Ihr n\u00e4chstes Abenteuer<\/a><\/h4><\/div><div class=\"vc_custom_heading vc_gitem-post-data vc_gitem-post-data-source-post_excerpt\" ><p style=\"text-align: left\" >Entdecken Sie die besten Reiseziele wie Tiflis, Maui und Larnaca, und finden Sie Autovermietungen, um jede Region bequem zu erkunden.<\/p><\/div><div class=\"vc_btn3-container vc_btn3-right\"><a class=\"vc_general vc_btn3 vc_btn3-size-xs vc_btn3-shape-square vc_btn3-style-flat vc_btn3-color-primary\" a href=\"https:\/\/marbellarentacar.es\/de\/exotische-reiseziele-fur-dein-nachstes-abenteuer\/\" title=\"Mehr lesen\">Mehr lesen<\/a><\/div><\/div><\/div><\/div><\/div><\/div><div class=\"vc_clearfix\"><\/div><\/div><div class=\"vc_grid-item vc_clearfix vc_col-sm-6 vc_grid-item-zone-c-bottom\"><div class=\"vc_grid-item-mini vc_clearfix\"><div class=\"vc_gitem-animated-block  vc_gitem-animate vc_gitem-animate-blurOut\"  data-vc-animation=\"blurOut\"><div class=\"vc_gitem-zone vc_gitem-zone-a vc-gitem-zone-height-mode-auto vc-gitem-zone-height-mode-auto-16-9 vc_gitem-is-link\" style=\"background-image: url('https:\/\/marbellarentacar.es\/wp-content\/uploads\/2023\/06\/post-10542.jpg') !important;\"><a href=\"https:\/\/marbellarentacar.es\/de\/zugangliche-festivals-und-veranstaltungen-mit-dem-auto-von-malaga\/\" title=\"Mit dem Auto erreichbare Festivals und Veranstaltungen von M\u00e1laga aus\" class=\"vc_gitem-link vc-zone-link\" ><\/a><img decoding=\"async\" class=\"vc_gitem-zone-img\" src=\"https:\/\/marbellarentacar.es\/wp-content\/uploads\/2023\/06\/post-10542.jpg\" alt=\"Feste und Veranstaltungen in M\u00e1laga\"><div class=\"vc_gitem-zone-mini\"><\/div><\/div><\/div><div class=\"vc_gitem-zone vc_gitem-zone-c\"><div class=\"vc_gitem-zone-mini\"><div class=\"vc_gitem_row vc_row vc_gitem-row-position-top\"><div class=\"vc_col-sm-12 vc_gitem-col vc_gitem-col-align-\"><div class=\"vc_custom_heading vc_gitem-post-data vc_gitem-post-data-source-post_title\" ><h4 style=\"text-align: left\" ><a href=\"https:\/\/marbellarentacar.es\/de\/zugangliche-festivals-und-veranstaltungen-mit-dem-auto-von-malaga\/\" class=\"vc_gitem-link\" title=\"Mit dem Auto erreichbare Festivals und Veranstaltungen von M\u00e1laga aus\">Mit dem Auto erreichbare Festivals und Veranstaltungen von M\u00e1laga aus<\/a><\/h4><\/div><div class=\"vc_custom_heading vc_gitem-post-data vc_gitem-post-data-source-post_excerpt\" ><p style=\"text-align: left\" >Die Messe von M\u00e1laga, die im August stattfindet, ist eine der beliebtesten Veranstaltungen. Dieses einw\u00f6chige Festival ist ein lebhaftes Fest mit Musik, Tanz und spanischem Essen.<\/p><\/div><div class=\"vc_btn3-container vc_btn3-right\"><a class=\"vc_general vc_btn3 vc_btn3-size-xs vc_btn3-shape-square vc_btn3-style-flat vc_btn3-color-primary\" a href=\"https:\/\/marbellarentacar.es\/de\/zugangliche-festivals-und-veranstaltungen-mit-dem-auto-von-malaga\/\" title=\"Mehr lesen\">Mehr lesen<\/a><\/div><\/div><\/div><\/div><\/div><\/div><div class=\"vc_clearfix\"><\/div><\/div><div class=\"vc_grid-item vc_clearfix vc_col-sm-6 vc_grid-item-zone-c-bottom\"><div class=\"vc_grid-item-mini vc_clearfix\"><div class=\"vc_gitem-animated-block  vc_gitem-animate vc_gitem-animate-blurOut\"  data-vc-animation=\"blurOut\"><div class=\"vc_gitem-zone vc_gitem-zone-a vc-gitem-zone-height-mode-auto vc-gitem-zone-height-mode-auto-16-9 vc_gitem-is-link\" style=\"background-image: url('https:\/\/marbellarentacar.es\/wp-content\/uploads\/2022\/11\/post-10523.jpg') !important;\"><a href=\"https:\/\/marbellarentacar.es\/de\/was-es-in-la-linea-de-la-concepcion-zu-sehen-gibt\/\" title=\"Was gibt es in La L\u00ednea de la Concepci\u00f3n zu sehen?\" class=\"vc_gitem-link vc-zone-link\" ><\/a><img decoding=\"async\" class=\"vc_gitem-zone-img\" src=\"https:\/\/marbellarentacar.es\/wp-content\/uploads\/2022\/11\/post-10523.jpg\" alt=\"Qu\u00e9 ver en la l\u00ednea de la concepci\u00f3n\"><div class=\"vc_gitem-zone-mini\"><\/div><\/div><\/div><div class=\"vc_gitem-zone vc_gitem-zone-c\"><div class=\"vc_gitem-zone-mini\"><div class=\"vc_gitem_row vc_row vc_gitem-row-position-top\"><div class=\"vc_col-sm-12 vc_gitem-col vc_gitem-col-align-\"><div class=\"vc_custom_heading vc_gitem-post-data vc_gitem-post-data-source-post_title\" ><h4 style=\"text-align: left\" ><a href=\"https:\/\/marbellarentacar.es\/de\/was-es-in-la-linea-de-la-concepcion-zu-sehen-gibt\/\" class=\"vc_gitem-link\" title=\"Was gibt es in La L\u00ednea de la Concepci\u00f3n zu sehen?\">Was gibt es in La L\u00ednea de la Concepci\u00f3n zu sehen?<\/a><\/h4><\/div><div class=\"vc_custom_heading vc_gitem-post-data vc_gitem-post-data-source-post_excerpt\" ><p style=\"text-align: left\" >La L\u00ednea de la Concepci\u00f3n ist eine kleine K\u00fcstenstadt in Andalusien, Spanien. Die Stadt liegt strategisch g\u00fcnstig an der Seeroute zwischen Gibraltar und dem Mittelmeer und war einst ein wichtiger Hafen f\u00fcr den Export von Salz.<\/p><\/div><div class=\"vc_btn3-container vc_btn3-right\"><a class=\"vc_general vc_btn3 vc_btn3-size-xs vc_btn3-shape-square vc_btn3-style-flat vc_btn3-color-primary\" a href=\"https:\/\/marbellarentacar.es\/de\/was-es-in-la-linea-de-la-concepcion-zu-sehen-gibt\/\" title=\"Mehr lesen\">Mehr lesen<\/a><\/div><\/div><\/div><\/div><\/div><\/div><div class=\"vc_clearfix\"><\/div><\/div><div class=\"vc_grid-item vc_clearfix vc_col-sm-6 vc_grid-item-zone-c-bottom\"><div class=\"vc_grid-item-mini vc_clearfix\"><div class=\"vc_gitem-animated-block  vc_gitem-animate vc_gitem-animate-blurOut\"  data-vc-animation=\"blurOut\"><div class=\"vc_gitem-zone vc_gitem-zone-a vc-gitem-zone-height-mode-auto vc-gitem-zone-height-mode-auto-16-9 vc_gitem-is-link\" style=\"background-image: url('https:\/\/marbellarentacar.es\/wp-content\/uploads\/2022\/10\/7-unforgettable-places-to-visit-in-nerja.jpg') !important;\"><a href=\"https:\/\/marbellarentacar.es\/de\/7-unvergessliche-orte-in-nerja\/\" title=\"7 unvergessliche Orte in Nerja zu besuchen\" class=\"vc_gitem-link vc-zone-link\" ><\/a><img decoding=\"async\" class=\"vc_gitem-zone-img\" src=\"https:\/\/marbellarentacar.es\/wp-content\/uploads\/2022\/10\/7-unforgettable-places-to-visit-in-nerja.jpg\" alt=\"7 unvergessliche Orte in Nerja zu besuchen\"><div class=\"vc_gitem-zone-mini\"><\/div><\/div><\/div><div class=\"vc_gitem-zone vc_gitem-zone-c\"><div class=\"vc_gitem-zone-mini\"><div class=\"vc_gitem_row vc_row vc_gitem-row-position-top\"><div class=\"vc_col-sm-12 vc_gitem-col vc_gitem-col-align-\"><div class=\"vc_custom_heading vc_gitem-post-data vc_gitem-post-data-source-post_title\" ><h4 style=\"text-align: left\" ><a href=\"https:\/\/marbellarentacar.es\/de\/7-unvergessliche-orte-in-nerja\/\" class=\"vc_gitem-link\" title=\"7 unvergessliche Orte in Nerja zu besuchen\">7 unvergessliche Orte in Nerja zu besuchen<\/a><\/h4><\/div><div class=\"vc_custom_heading vc_gitem-post-data vc_gitem-post-data-source-post_excerpt\" ><p style=\"text-align: left\" >Die spanische Stadt Nerja ist ein beliebtes Sommerziel f\u00fcr Reisende, die Sonne und Meer suchen. Die charmante Stadt liegt an der K\u00fcste, etwa zwei Stunden von M\u00e1laga entfernt, und bietet Besuchern zahlreiche Aktivit\u00e4ten, um ihre Zeit zu verbringen und ihre nat\u00fcrliche Sch\u00f6nheit zu erkunden.<\/p><\/div><div class=\"vc_btn3-container vc_btn3-right\"><a class=\"vc_general vc_btn3 vc_btn3-size-xs vc_btn3-shape-square vc_btn3-style-flat vc_btn3-color-primary\" a href=\"https:\/\/marbellarentacar.es\/de\/7-unvergessliche-orte-in-nerja\/\" title=\"Mehr lesen\">Mehr lesen<\/a><\/div><\/div><\/div><\/div><\/div><\/div><div class=\"vc_clearfix\"><\/div><\/div><div class=\"vc_grid-item vc_clearfix vc_col-sm-6 vc_grid-item-zone-c-bottom\"><div class=\"vc_grid-item-mini vc_clearfix\"><div class=\"vc_gitem-animated-block  vc_gitem-animate vc_gitem-animate-blurOut\"  data-vc-animation=\"blurOut\"><div class=\"vc_gitem-zone vc_gitem-zone-a vc-gitem-zone-height-mode-auto vc-gitem-zone-height-mode-auto-16-9 vc_gitem-is-link\" style=\"background-image: url('https:\/\/marbellarentacar.es\/wp-content\/uploads\/2022\/09\/865852550_vacaciones_felizes_en_espa_a_con_mi_coche_nuevo_resultado.jpg') !important;\"><a href=\"https:\/\/marbellarentacar.es\/de\/spanien-und-starten-sie-ihren-urlaub-richtig\/\" title=\"Spanien und der richtige Start in den Urlaub\" class=\"vc_gitem-link vc-zone-link\" ><\/a><img decoding=\"async\" class=\"vc_gitem-zone-img\" src=\"https:\/\/marbellarentacar.es\/wp-content\/uploads\/2022\/09\/865852550_vacaciones_felizes_en_espa_a_con_mi_coche_nuevo_resultado.jpg\" alt=\"Spanien und der richtige Start in den Urlaub\"><div class=\"vc_gitem-zone-mini\"><\/div><\/div><\/div><div class=\"vc_gitem-zone vc_gitem-zone-c\"><div class=\"vc_gitem-zone-mini\"><div class=\"vc_gitem_row vc_row vc_gitem-row-position-top\"><div class=\"vc_col-sm-12 vc_gitem-col vc_gitem-col-align-\"><div class=\"vc_custom_heading vc_gitem-post-data vc_gitem-post-data-source-post_title\" ><h4 style=\"text-align: left\" ><a href=\"https:\/\/marbellarentacar.es\/de\/spanien-und-starten-sie-ihren-urlaub-richtig\/\" class=\"vc_gitem-link\" title=\"Spanien und der richtige Start in den Urlaub\">Spanien und der richtige Start in den Urlaub<\/a><\/h4><\/div><div class=\"vc_custom_heading vc_gitem-post-data vc_gitem-post-data-source-post_excerpt\" ><p style=\"text-align: left\" >Wenn Sie auf der Suche nach einer Autovermietung in M\u00e1laga, Spanien, Spanien sind und Ihren Urlaub richtig beginnen m\u00f6chten, ohne dass Sie viel Geld ausgeben m\u00fcssen, sind Sie hier genau richtig. Mit unseren Autovermietungspartnern k\u00f6nnen Sie in wenigen Minuten Ihre Versicherung abschlie\u00dfen, aus einer Reihe von erschwinglichen Fahrzeugen w\u00e4hlen und stressfrei wegfahren.\r\n\r\n<\/p><\/div><div class=\"vc_btn3-container vc_btn3-right\"><a class=\"vc_general vc_btn3 vc_btn3-size-xs vc_btn3-shape-square vc_btn3-style-flat vc_btn3-color-primary\" a href=\"https:\/\/marbellarentacar.es\/de\/spanien-und-starten-sie-ihren-urlaub-richtig\/\" title=\"Mehr lesen\">Mehr lesen<\/a><\/div><\/div><\/div><\/div><\/div><\/div><div class=\"vc_clearfix\"><\/div><\/div><div class=\"vc_grid-item vc_clearfix vc_col-sm-6 vc_grid-item-zone-c-bottom\"><div class=\"vc_grid-item-mini vc_clearfix\"><div class=\"vc_gitem-animated-block  vc_gitem-animate vc_gitem-animate-blurOut\"  data-vc-animation=\"blurOut\"><div class=\"vc_gitem-zone vc_gitem-zone-a vc-gitem-zone-height-mode-auto vc-gitem-zone-height-mode-auto-16-9 vc_gitem-is-link\" style=\"background-image: url('https:\/\/marbellarentacar.es\/wp-content\/uploads\/2022\/09\/1436325580_6_Places_To_Eat_In_Nerja__Spain_That_Will_Blow_Your_Mind_resultado.jpg') !important;\"><a href=\"https:\/\/marbellarentacar.es\/de\/6-restaurants-in-nerja-spanien-die-sie-umhauen-werden\/\" title=\"6 Orte zum Essen in Nerja, Spanien, die Sie umhauen werden\" class=\"vc_gitem-link vc-zone-link\" ><\/a><img decoding=\"async\" class=\"vc_gitem-zone-img\" src=\"https:\/\/marbellarentacar.es\/wp-content\/uploads\/2022\/09\/1436325580_6_Places_To_Eat_In_Nerja__Spain_That_Will_Blow_Your_Mind_resultado.jpg\" alt=\"6 Orte zum Essen in Nerja\"><div class=\"vc_gitem-zone-mini\"><\/div><\/div><\/div><div class=\"vc_gitem-zone vc_gitem-zone-c\"><div class=\"vc_gitem-zone-mini\"><div class=\"vc_gitem_row vc_row vc_gitem-row-position-top\"><div class=\"vc_col-sm-12 vc_gitem-col vc_gitem-col-align-\"><div class=\"vc_custom_heading vc_gitem-post-data vc_gitem-post-data-source-post_title\" ><h4 style=\"text-align: left\" ><a href=\"https:\/\/marbellarentacar.es\/de\/6-restaurants-in-nerja-spanien-die-sie-umhauen-werden\/\" class=\"vc_gitem-link\" title=\"6 Orte zum Essen in Nerja, Spanien, die Sie umhauen werden\">6 Orte zum Essen in Nerja, Spanien, die Sie umhauen werden<\/a><\/h4><\/div><div class=\"vc_custom_heading vc_gitem-post-data vc_gitem-post-data-source-post_excerpt\" ><p style=\"text-align: left\" >Planen Sie in n\u00e4chster Zeit einen Urlaub in Spanien? Dann wird es Sie freuen zu h\u00f6ren, dass es im ganzen Land viele sch\u00f6ne l\u00e4ndliche Gegenden gibt. Eine davon ist die Stadt Nerja, die an der K\u00fcste liegt und nur 10.000 Einwohner hat.<\/p><\/div><div class=\"vc_btn3-container vc_btn3-right\"><a class=\"vc_general vc_btn3 vc_btn3-size-xs vc_btn3-shape-square vc_btn3-style-flat vc_btn3-color-primary\" a href=\"https:\/\/marbellarentacar.es\/de\/6-restaurants-in-nerja-spanien-die-sie-umhauen-werden\/\" title=\"Mehr lesen\">Mehr lesen<\/a><\/div><\/div><\/div><\/div><\/div><\/div><div class=\"vc_clearfix\"><\/div><\/div><div class=\"vc_grid-item vc_clearfix vc_col-sm-6 vc_grid-item-zone-c-bottom\"><div class=\"vc_grid-item-mini vc_clearfix\"><div class=\"vc_gitem-animated-block  vc_gitem-animate vc_gitem-animate-blurOut\"  data-vc-animation=\"blurOut\"><div class=\"vc_gitem-zone vc_gitem-zone-a vc-gitem-zone-height-mode-auto vc-gitem-zone-height-mode-auto-16-9 vc_gitem-is-link\" style=\"background-image: url('https:\/\/marbellarentacar.es\/wp-content\/uploads\/2022\/09\/415411045_vacaciones_en_Marbella_espa_a_resultado.jpg') !important;\"><a href=\"https:\/\/marbellarentacar.es\/de\/6-grunde-warum-sie-marbella-besuchen-sollten\/\" title=\"6 Gr\u00fcnde, warum Sie Marbella besuchen sollten\" class=\"vc_gitem-link vc-zone-link\" ><\/a><img decoding=\"async\" class=\"vc_gitem-zone-img\" src=\"https:\/\/marbellarentacar.es\/wp-content\/uploads\/2022\/09\/415411045_vacaciones_en_Marbella_espa_a_resultado.jpg\" alt=\"6 Gr\u00fcnde, warum Sie Marbella besuchen sollten\"><div class=\"vc_gitem-zone-mini\"><\/div><\/div><\/div><div class=\"vc_gitem-zone vc_gitem-zone-c\"><div class=\"vc_gitem-zone-mini\"><div class=\"vc_gitem_row vc_row vc_gitem-row-position-top\"><div class=\"vc_col-sm-12 vc_gitem-col vc_gitem-col-align-\"><div class=\"vc_custom_heading vc_gitem-post-data vc_gitem-post-data-source-post_title\" ><h4 style=\"text-align: left\" ><a href=\"https:\/\/marbellarentacar.es\/de\/6-grunde-warum-sie-marbella-besuchen-sollten\/\" class=\"vc_gitem-link\" title=\"6 Gr\u00fcnde, warum Sie Marbella besuchen sollten\">6 Gr\u00fcnde, warum Sie Marbella besuchen sollten<\/a><\/h4><\/div><div class=\"vc_custom_heading vc_gitem-post-data vc_gitem-post-data-source-post_excerpt\" ><p style=\"text-align: left\" >Marbella ist eine der sch\u00f6nsten St\u00e4dte der Welt. Wenn Sie auf der Suche nach einer eleganten und anspruchsvollen Stadt mit viel Geschichte, Kultur und Natur sind, dann sind Sie in Marbella genau richtig. Heute werden wir dar\u00fcber sprechen, warum Sie Marbella im Jahr 2019 besuchen sollten. <\/p><\/div><div class=\"vc_btn3-container vc_btn3-right\"><a class=\"vc_general vc_btn3 vc_btn3-size-xs vc_btn3-shape-square vc_btn3-style-flat vc_btn3-color-primary\" a href=\"https:\/\/marbellarentacar.es\/de\/6-grunde-warum-sie-marbella-besuchen-sollten\/\" title=\"Mehr lesen\">Mehr lesen<\/a><\/div><\/div><\/div><\/div><\/div><\/div><div class=\"vc_clearfix\"><\/div><\/div><\/div><\/div>\n\t<\/div>\n<\/div><\/div><\/div><\/div><\/div>\n<\/div>","protected":false},"excerpt":{"rendered":"Exotische Reiseziele f\u00fcr Ihr n\u00e4chstes AbenteuerEntdecken Sie die besten Reiseziele wie Tiflis, Maui und Larnaca, und finden Sie Autovermietungen, um jede Region bequem zu erkunden.Lesen Sie mehrErreichbare Festivals und Veranstaltungen mit dem Auto von M\u00e1lagaDie Messe von M\u00e1laga, die im August stattfindet, ist eine der beliebtesten Veranstaltungen. Dieses einw\u00f6chige Festival ist ein lebhaftes Fest der Musik, des Tanzes, [...]","protected":false},"author":1,"featured_media":0,"parent":0,"menu_order":0,"comment_status":"closed","ping_status":"closed","template":"","meta":{"_joinchat":[],"footnotes":""},"class_list":["post-608","page","type-page","status-publish"],"_links":{"self":[{"href":"https:\/\/marbellarentacar.es\/de\/wp-json\/wp\/v2\/pages\/608","targetHints":{"allow":["GET"]}}],"collection":[{"href":"https:\/\/marbellarentacar.es\/de\/wp-json\/wp\/v2\/pages"}],"about":[{"href":"https:\/\/marbellarentacar.es\/de\/wp-json\/wp\/v2\/types\/page"}],"author":[{"embeddable":true,"href":"https:\/\/marbellarentacar.es\/de\/wp-json\/wp\/v2\/users\/1"}],"replies":[{"embeddable":true,"href":"https:\/\/marbellarentacar.es\/de\/wp-json\/wp\/v2\/comments?post=608"}],"version-history":[{"count":0,"href":"https:\/\/marbellarentacar.es\/de\/wp-json\/wp\/v2\/pages\/608\/revisions"}],"wp:attachment":[{"href":"https:\/\/marbellarentacar.es\/de\/wp-json\/wp\/v2\/media?parent=608"}],"curies":[{"name":"wp","href":"https:\/\/api.w.org\/{rel}","templated":true}]}}