{"id":1682,"date":"2018-02-12T13:51:18","date_gmt":"2018-02-12T13:51:18","guid":{"rendered":"http:\/\/marbellarentacar.es\/cookie-policy\/"},"modified":"2019-08-13T16:09:04","modified_gmt":"2019-08-13T14:09:04","slug":"cookie-richtlinie","status":"publish","type":"page","link":"https:\/\/marbellarentacar.es\/de\/cookie-richtlinie\/","title":{"rendered":"Cookie-Richtlinie"},"content":{"rendered":"<div class=\"wpb-content-wrapper\"><div class=\"vc_row wpb_row vc_row-fluid\"><div class=\"wpb_column vc_column_container vc_col-sm-12\"><div class=\"vc_column-inner\"><div class=\"wpb_wrapper\">\n\t<div class=\"wpb_text_column wpb_content_element txt_justify\" >\n\t\t<div class=\"wpb_wrapper\">\n\t\t\t<h3>INFORMATIONEN \u00dcBER COOKIES<\/h3>\n<p>Aufgrund des Inkrafttretens der \u00c4nderung des \"Gesetzes \u00fcber die Dienste der Informationsgesellschaft\" (LSSICE), die durch das spanische K\u00f6nigliche Dekret 13\/2012 eingef\u00fchrt wurde, ist es zwingend erforderlich, die ausdr\u00fcckliche Zustimmung des Nutzers aller Webseiten, die \u00fcberfl\u00fcssige Cookies verwenden, einzuholen, bevor er sie besucht.<\/p>\n<h3>\u00bfWAS SIND COOKIES?<\/h3>\n<p>Cookies und andere \u00e4hnliche Technologien wie Local Shared Objects, Flash-Cookies oder Pixel sind Werkzeuge, die von Webservern<\/p>\n<p>um Informationen \u00fcber ihre Besucher zu speichern und abzurufen und um das ordnungsgem\u00e4\u00dfe Funktionieren der Website zu erm\u00f6glichen.<\/p>\n<p>Durch die Verwendung dieser Ger\u00e4te ist der Webserver in der Lage, sich einige Daten \u00fcber den Benutzer zu merken, z. B. seine Vorlieben f\u00fcr die Anzeige der Seiten des Servers, seinen Namen und sein Passwort, Produkte, die ihn am meisten interessieren, usw.<\/p>\n<p>COOKIES, DIE VON DEN VORSCHRIFTEN BETROFFEN SIND, UND COOKIES, DIE VON DEN VORSCHRIFTEN AUSGENOMMEN SIND<\/p>\n<p>Gem\u00e4\u00df der EU-Richtlinie handelt es sich bei den Cookies, die die informierte Zustimmung des Nutzers erfordern, um Analyse-, Werbe- und Partnerschafts-Cookies, w\u00e4hrend technische Cookies und solche, die f\u00fcr den Betrieb der Website oder die Erbringung der vom Nutzer ausdr\u00fccklich angeforderten Dienstleistungen erforderlich sind, ausgenommen sind.<\/p>\n<h3>\u00bfWELCHE ARTEN VON KEKSEN GIBT ES?<\/h3>\n<p>Es gibt f\u00fcnf Hauptgruppen von Cookies:<br \/>\nAnalytische Cookies: Diese sammeln Informationen dar\u00fcber, wie die Website genutzt wird. Soziale Cookies: Diese sind f\u00fcr externe soziale Netzwerke erforderlich.<\/p>\n<p>Partner-Cookies: Diese erm\u00f6glichen es Ihnen, Besuche \u00fcber Links von anderen Websites zu verfolgen, mit denen die Website Partnervereinbarungen (Partnerunternehmen) geschlossen hat.<\/p>\n<p>Werbe- und Verhaltens-Cookies: Diese sammeln Informationen \u00fcber die pers\u00f6nlichen Vorlieben und Entscheidungen des Nutzers (Re-Targeting).<\/p>\n<p>Technische und funktionelle Cookies: Diese sind ausschlie\u00dflich f\u00fcr die Nutzung der Website und f\u00fcr die Erbringung der vertraglich vereinbarten Dienstleistung erforderlich.<\/p>\n<h3>VON DIESER WEBSITE VERWENDETE COOKIES<\/h3>\n<p>PHPSESSID: technische und unbedingt notwendige Cookies, die den Sitzungsidentifikator enthalten. Sie werden gel\u00f6scht, wenn Sie Ihren Browser schlie\u00dfen.<\/p>\n<p>_lang: technische und unbedingt notwendige Cookies, die die Sprache der Sitzung enthalten. Es wird gel\u00f6scht, wenn Sie Ihren Browser schlie\u00dfen.<br \/>\nac_cookies: technische und unbedingt notwendige Cookies, die den Wert enthalten, ob die Installation von Cookies akzeptiert wurde. Sie verfallen 1 Jahr nach der letzten Aktualisierung.<br \/>\n_utma: Google Analytics-Cookie, der das Datum des ersten und letzten Besuchs des Nutzers auf der Website speichert. Es l\u00e4uft 2 Jahre nach der letzten Aktualisierung ab. Weitere Informationen \u00fcber die von Google Analytics durchgef\u00fchrte Datenverarbeitung finden Sie hier.<br \/>\n_utmb: Google-Analytics-Cookie, das den Zeitpunkt des Besuchs der Website aufzeichnet. Er l\u00e4uft 30 Minuten nach der letzten Aktualisierung ab.<br \/>\n_utmc: Google Analytics-Cookie, das f\u00fcr die Interoperabilit\u00e4t mit dem urchin.js-Tracking-Code verwendet wird. Es wird gel\u00f6scht, wenn Sie Ihren Browser schlie\u00dfen.<br \/>\n_utmt: Google Analytics-Cookie. Dieses Cookie wird verwendet, um die Art der vom Nutzer gestellten Anfrage zu verarbeiten. Er verf\u00e4llt am Ende der Sitzung.<br \/>\n_utmv: Google Analytics-Cookie. Dieser Cookie wird verwendet, um demografische Daten zu segmentieren. Er verf\u00e4llt am Ende der Sitzung.<br \/>\n_utmz: Google-Analytics-Cookie, das die Verkehrsquelle oder eine Kampagne speichert, die erkl\u00e4rt, wie der Nutzer auf die Website gelangt ist. Es l\u00e4uft 6 Monate nach der letzten Aktualisierung ab.<\/p>\n<h3>DIE ZUSTIMMUNG ZUR INSTALLATION VON COOKIES WIDERRUFEN WIE SIE COOKIES AUS IHREM BROWSER L\u00d6SCHEN K\u00d6NNEN<\/h3>\n<p><strong>Chrom<\/strong><\/p>\n<p>1. Klicken Sie auf das<br \/>\nMen\u00fc 2. Klicken Sie auf Einstellungen.<br \/>\n3. Klicken Sie auf Erweiterte Optionen anzeigen.<br \/>\n4. Klicken Sie im Abschnitt \"Datenschutz und Sicherheit\" auf Inhaltseinstellungen.<\/p>\n<p>- Cookies l\u00f6schen: Klicken Sie auf Alle Cookies und Websitedaten anzeigen...<\/p>\n<p>- Lassen Sie die Speicherung von Cookies nicht zu. 5. Klicken Sie auf Alle entfernen.<br \/>\n6. Schlie\u00dfen Sie den Browser und starten Sie ihn neu.<\/p>\n<p>Weitere Informationen zu Chrome finden Sie hier: http:\/\/support.google.com\/chrome\/answer\/95647?hl=es<\/p>\n<p><strong>Internet Explorer. Version 11<\/strong><\/p>\n<p>1. W\u00e4hlen Sie Werkzeuge<br \/>\n2. Klicken Sie auf Sicherheit.<br \/>\n3. Klicken Sie auf Browserverlauf l\u00f6schen.<br \/>\n4. W\u00e4hlen Sie Cookies.<br \/>\n5. W\u00e4hlen Sie Tempor\u00e4re Internetdateien. 6. Klicken Sie auf L\u00f6schen.<br \/>\n7. Klicken Sie auf OK.<br \/>\n8. Schlie\u00dfen Sie den Browser und starten Sie ihn neu.<\/p>\n<p>Weitere Informationen zum Internet Explorer finden Sie hier: https:\/\/support.microsoft.com\/es-es\/kb\/278835<\/p>\n<p><strong>Firefox. Version 18<\/strong><\/p>\n<p>1. \u00d6ffnen Sie das Men\u00fc.<br \/>\n2. Klicken Sie auf Optionen.<br \/>\n3. W\u00e4hlen Sie die Registerkarte Datenschutz und Sicherheit. Klicken Sie unter Cookies und Websitedaten auf Daten l\u00f6schen... 4. W\u00e4hlen Sie Cookies und Websitedaten und zwischengespeicherte Webinhalte.<br \/>\n5. Klicken Sie auf L\u00f6schen.<br \/>\n6. Schlie\u00dfen Sie den Browser und starten Sie ihn neu.<\/p>\n<p>Sie k\u00f6nnen Cookies einzeln akzeptieren oder ablehnen, indem Sie auf Daten verwalten klicken. F\u00fcr weitere Informationen \u00fcber Mozilla Firefox klicken Sie hier:<\/p>\n<p>https:\/\/support.mozilla.org\/en-US\/kb\/delete-cookies-remove-info-websites-stored<\/p>\n<p><strong>Safari Version 5.1<\/strong><\/p>\n<p>1. Klicken Sie auf Safari.<br \/>\n2. W\u00e4hlen Sie die Registerkarte Datenschutz und Sicherheit. Klicken Sie auf Voreinstellungen und dann auf Datenschutz 3. Klicken Sie auf Gespeicherte Cookies und Daten entfernen.<br \/>\n4. Schlie\u00dfen Sie den Browser und starten Sie ihn neu.<\/p>\n<p>F\u00fcr weitere Informationen \u00fcber Safari klicken Sie bitte hier: https:\/\/support.apple.com\/kb\/ph21411?locale=en_ES<\/p>\n<p><strong>Oper<\/strong><\/p>\n<p>Optionen - Erweitert - Cookies.<br \/>\nDie Cookie-Einstellungen bestimmen, wie Opera mit ihnen umgeht und ob sie akzeptiert oder abgelehnt werden.<\/p>\n<p>F\u00fcr weitere Informationen \u00fcber Opera klicken Sie hier: http:\/\/help.opera.com\/Linux\/10.60\/es-ES\/cookies.html<\/p>\n<p><strong>Andere Browser<\/strong><\/p>\n<p>Schauen Sie in der Dokumentation des von Ihnen installierten Browsers nach.<\/p>\n\n\t\t<\/div>\n\t<\/div>\n\n\t<div class=\"wpb_text_column wpb_content_element txt_justify\" >\n\t\t<div class=\"wpb_wrapper\">\n\t\t\t\n\t\t<\/div>\n\t<\/div>\n<\/div><\/div><\/div><\/div>\n<\/div>","protected":false},"excerpt":{"rendered":"INFORMATIONEN \u00dcBER COOKIES Aufgrund des Inkrafttretens der \u00c4nderung des \"Gesetzes \u00fcber Dienstleistungen der Informationsgesellschaft\" (LSSICE), das durch das spanische K\u00f6nigliche Dekret 13\/2012 eingef\u00fchrt wurde, ist es zwingend erforderlich, die ausdr\u00fcckliche Zustimmung des Nutzers aller Webseiten, die \u00fcberfl\u00fcssige Cookies verwenden, einzuholen, bevor er sie besucht. \u00bfWAS SIND COOKIES? Cookies und [...]","protected":false},"author":1,"featured_media":0,"parent":0,"menu_order":0,"comment_status":"closed","ping_status":"closed","template":"","meta":{"_joinchat":[],"footnotes":""},"class_list":["post-1682","page","type-page","status-publish"],"_links":{"self":[{"href":"https:\/\/marbellarentacar.es\/de\/wp-json\/wp\/v2\/pages\/1682","targetHints":{"allow":["GET"]}}],"collection":[{"href":"https:\/\/marbellarentacar.es\/de\/wp-json\/wp\/v2\/pages"}],"about":[{"href":"https:\/\/marbellarentacar.es\/de\/wp-json\/wp\/v2\/types\/page"}],"author":[{"embeddable":true,"href":"https:\/\/marbellarentacar.es\/de\/wp-json\/wp\/v2\/users\/1"}],"replies":[{"embeddable":true,"href":"https:\/\/marbellarentacar.es\/de\/wp-json\/wp\/v2\/comments?post=1682"}],"version-history":[{"count":0,"href":"https:\/\/marbellarentacar.es\/de\/wp-json\/wp\/v2\/pages\/1682\/revisions"}],"wp:attachment":[{"href":"https:\/\/marbellarentacar.es\/de\/wp-json\/wp\/v2\/media?parent=1682"}],"curies":[{"name":"wp","href":"https:\/\/api.w.org\/{rel}","templated":true}]}}