{"id":1665,"date":"2018-02-12T08:57:58","date_gmt":"2018-02-12T08:57:58","guid":{"rendered":"http:\/\/marbellarentacar.es\/?page_id=1665"},"modified":"2023-06-13T09:31:06","modified_gmt":"2023-06-13T07:31:06","slug":"faq","status":"publish","type":"page","link":"https:\/\/marbellarentacar.es\/de\/faq\/","title":{"rendered":"FAQ"},"content":{"rendered":"<div class=\"wpb-content-wrapper\"><div class=\"vc_row wpb_row vc_row-fluid\"><div class=\"wpb_column vc_column_container vc_col-sm-12\"><div class=\"vc_column-inner\"><div class=\"wpb_wrapper\">\n\t<div class=\"wpb_text_column wpb_content_element\" >\n\t\t<div class=\"wpb_wrapper\">\n\t\t\t<p>\nWir von Marbella Rent a Car wissen, dass bei der Anmietung eines Fahrzeugs viele Dinge zu ber\u00fccksichtigen sind. Deshalb haben wir diesen Abschnitt vorbereitet, mit dem wir Antworten auf die h\u00e4ufigsten Fragen unserer Kunden geben wollen.<\/p>\n<p>Auf diese Weise k\u00f6nnen Sie den bestm\u00f6glichen Service, die Vorteile, die er bietet, und all die kleinen Details, die Sie interessieren k\u00f6nnten, erfahren, und so k\u00f6nnen Sie mit uns, Marbella Rent a Car, der f\u00fchrenden Autovermietung an der gesamten Sonnenk\u00fcste, die beste Entscheidung auf dem Markt treffen.<\/p>\n\n\t\t<\/div>\n\t<\/div>\n<\/div><\/div><\/div><\/div><div class=\"vc_row wpb_row vc_row-fluid\"><div class=\"wpb_column vc_column_container vc_col-sm-12\"><div class=\"vc_column-inner\"><div class=\"wpb_wrapper\">\n\t<div class=\"wpb_text_column wpb_content_element\" >\n\t\t<div class=\"wpb_wrapper\">\n\t\t\t<p>Senden Sie die Reservierung per E-Mail, um sie zu bearbeiten, wenn Sie \u00c4nderungen vornehmen m\u00fcssen, und Sie k\u00f6nnen bezahlen, wann Sie wollen. Denken Sie daran, dass es eine unbest\u00e4tigte Reservierung ist.<\/p>\n\n\t\t<\/div>\n\t<\/div>\n<\/div><\/div><\/div><\/div><div class=\"vc_row wpb_row vc_row-fluid\"><div class=\"wpb_column vc_column_container vc_col-sm-12\"><div class=\"vc_column-inner\"><div class=\"wpb_wrapper\"><\/div><\/div><\/div><\/div>\n<\/div>","protected":false},"excerpt":{"rendered":"In Marbella Rent a Car we understand that many things are taken into account when negotiating the rental of a vehicle for which we prepare this segment, with which we want to give answers to the most frequent questions that our customers have. With this, you can get the best possible service, the benefits it [...]","protected":false},"author":1,"featured_media":0,"parent":0,"menu_order":0,"comment_status":"closed","ping_status":"closed","template":"","meta":{"_joinchat":[],"footnotes":""},"class_list":["post-1665","page","type-page","status-publish"],"_links":{"self":[{"href":"https:\/\/marbellarentacar.es\/de\/wp-json\/wp\/v2\/pages\/1665","targetHints":{"allow":["GET"]}}],"collection":[{"href":"https:\/\/marbellarentacar.es\/de\/wp-json\/wp\/v2\/pages"}],"about":[{"href":"https:\/\/marbellarentacar.es\/de\/wp-json\/wp\/v2\/types\/page"}],"author":[{"embeddable":true,"href":"https:\/\/marbellarentacar.es\/de\/wp-json\/wp\/v2\/users\/1"}],"replies":[{"embeddable":true,"href":"https:\/\/marbellarentacar.es\/de\/wp-json\/wp\/v2\/comments?post=1665"}],"version-history":[{"count":0,"href":"https:\/\/marbellarentacar.es\/de\/wp-json\/wp\/v2\/pages\/1665\/revisions"}],"wp:attachment":[{"href":"https:\/\/marbellarentacar.es\/de\/wp-json\/wp\/v2\/media?parent=1665"}],"curies":[{"name":"wp","href":"https:\/\/api.w.org\/{rel}","templated":true}]}}