{"id":1574,"date":"2018-02-07T14:37:16","date_gmt":"2018-02-07T14:37:16","guid":{"rendered":"http:\/\/marbellarentacar.es\/?page_id=1574"},"modified":"2023-06-09T20:24:54","modified_gmt":"2023-06-09T18:24:54","slug":"datenschutz-bestimmungen","status":"publish","type":"page","link":"https:\/\/marbellarentacar.es\/de\/datenschutz-bestimmungen\/","title":{"rendered":"Datenschutzbestimmungen"},"content":{"rendered":"<div class=\"wpb-content-wrapper\"><div class=\"vc_row wpb_row vc_row-fluid\"><div class=\"wpb_column vc_column_container vc_col-sm-12\"><div class=\"vc_column-inner\"><div class=\"wpb_wrapper\">\n\t<div class=\"wpb_text_column wpb_content_element txt_justify\" >\n\t\t<div class=\"wpb_wrapper\">\n\t\t\t<div class=\"page\" title=\"Seite 28\">\n<div class=\"layoutArea\">\n<div class=\"column\">\n<h2>1. BENUTZERINFORMATIONEN<\/h2>\n<\/div>\n<\/div>\n<div class=\"layoutArea\">\n<div class=\"column\">\n<p>MARBELLA RENT A CAR, nachfolgend der DATENVERANTWORTLICHE, ist f\u00fcr die Verarbeitung der personenbezogenen Daten des Nutzers verantwortlich und informiert Sie dar\u00fcber, dass diese Daten gem\u00e4\u00df den Bestimmungen der Verordnung (EU) 2016\/679 vom 27. April 2016 (GDPR) zum Schutz nat\u00fcrlicher Personen bei der Verarbeitung personenbezogener Daten und zum freien Datenverkehr verarbeitet werden, weshalb Ihnen diese Informationen \u00fcber die Verarbeitung zur Verf\u00fcgung gestellt werden:<\/p>\n<p>Zweck der Verarbeitung: Aufrechterhaltung einer Gesch\u00e4ftsbeziehung mit dem Nutzer. Die geplanten Verarbeitungsvorg\u00e4nge sind:<\/p>\n<p>Das Versenden von kommerziellen Werbemitteilungen per E-Mail, Fax, SMS, MMS, soziale Netzwerke oder \u00fcber jedes andere gegenw\u00e4rtige oder zuk\u00fcnftige elektronische oder physische Mittel, das die Durchf\u00fchrung von kommerziellen Mitteilungen erm\u00f6glicht. Diese Mitteilungen werden vom DATENVERANTWORTLICHEN verschickt und beziehen sich auf seine Produkte und Dienstleistungen oder die seiner Partner oder Lieferanten, mit denen er eine Werbevereinbarung getroffen hat. In diesem Fall haben die Dritten niemals Zugang zu den personenbezogenen Daten.<\/p>\n<p>Durchf\u00fchrung von statistischen Studien.<\/p>\n<p>Bearbeitung von Auftr\u00e4gen, Anfragen oder Anfragen jeglicher Art, die vom Nutzer \u00fcber eine der verf\u00fcgbaren Kontaktm\u00f6glichkeiten gestellt werden.<\/p>\n<p>Versendung des Newsletters der Website.<br \/>\nRechtsgrundlage der Behandlung: Zustimmung der betroffenen Person.<\/p>\n<p>Kriterien f\u00fcr die Datenaufbewahrung: Die Daten werden aufbewahrt, solange ein beiderseitiges Interesse an der Aufrechterhaltung des Zwecks der Verarbeitung besteht; wenn dieser Zweck nicht mehr erforderlich ist, werden die Daten unter Anwendung geeigneter Sicherheitsma\u00dfnahmen gel\u00f6scht, um ihre Pseudonymisierung oder vollst\u00e4ndige Vernichtung zu gew\u00e4hrleisten.<\/p>\n<p>Weitergabe von Daten: Die Daten werden nicht an Dritte weitergegeben, es sei denn, es besteht eine gesetzliche Verpflichtung dazu. Rechte des Nutzers:<\/p>\n<p>Recht auf jederzeitigen Widerruf der Einwilligung.<\/p>\n<p>Recht auf Zugang, Berichtigung, \u00dcbertragbarkeit und L\u00f6schung Ihrer Daten sowie auf Einschr\u00e4nkung oder Widerspruch gegen deren Verarbeitung.<\/p>\n<p>Sie haben das Recht, eine Beschwerde bei der spanischen Aufsichtsbeh\u00f6rde (www.aepd.es) einzureichen, wenn Sie der Meinung sind, dass die Verarbeitung nicht den geltenden Rechtsvorschriften entspricht.<\/p>\n<p>Kontaktinformationen f\u00fcr die Wahrnehmung Ihrer Rechte:<\/p>\n<p>Postanschrift: <a class=\"wpil_keyword_link\" href=\"https:\/\/marbellarentacar.es\/de\/\"   title=\"MARBELLA EIN AUTO MIETEN\" data-wpil-keyword-link=\"linked\">MARBELLA EIN AUTO MIETEN<\/a> pol.ind. Villarosa ctra Guadalmar, 4-6 - 29004 MALAGA (MALAGA). E-Mail: ricardo.xalma@marbellarentacar.es<\/p>\n<div class=\"page\" title=\"Seite 29\">\n<div class=\"layoutArea\">\n<div class=\"column\">\n<h3>2. OBLIGATORISCHER ODER FAKULTATIVER CHARAKTER DER VOM NUTZER BEREITGESTELLTEN INFORMATIONEN<\/h3>\n<p>Durch Ankreuzen der entsprechenden K\u00e4stchen und Eingabe der Daten in die mit einem Sternchen (*) gekennzeichneten Felder im Kontaktformular oder in den Download-Formularen akzeptieren die Nutzer ausdr\u00fccklich und auf freie und unmissverst\u00e4ndliche Weise, dass ihre Daten f\u00fcr den Anbieter notwendig sind, um ihre Anfrage zu erf\u00fcllen, indem sie ihre Daten freiwillig in die \u00fcbrigen Felder eintragen. Der Nutzer versichert, dass die pers\u00f6nlichen Daten, die er dem DATA CONTROLLER zur Verf\u00fcgung stellt, der Wahrheit entsprechen, und ist daf\u00fcr verantwortlich, etwaige \u00c4nderungen dieser Daten mitzuteilen.<\/p>\n<p>Der DATENVERANTWORTLICHE informiert die Nutzer und sichert ihnen ausdr\u00fccklich zu, dass ihre pers\u00f6nlichen Daten unter keinen Umst\u00e4nden an Dritte weitergegeben werden und dass bei jeder Art der Weitergabe von pers\u00f6nlichen Daten die ausdr\u00fcckliche, informierte und unmissverst\u00e4ndliche Zustimmung der Nutzer im Voraus eingeholt wird. Alle \u00fcber die Website angeforderten Daten sind obligatorisch, da sie f\u00fcr die Bereitstellung eines optimalen Dienstes f\u00fcr den Nutzer erforderlich sind. Falls nicht alle Daten angegeben werden, kann nicht garantiert werden, dass die bereitgestellten Informationen und Dienstleistungen vollst\u00e4ndig an Ihre Bed\u00fcrfnisse angepasst werden.<\/p>\n<h3>3. SICHERHEITSMASSNAHMEN<\/h3>\n<p>dass der DATENVERANTWORTLICHE in \u00dcbereinstimmung mit den Bestimmungen der geltenden Vorschriften zum Schutz personenbezogener Daten alle Bestimmungen der DSGVO f\u00fcr die Verarbeitung der personenbezogenen Daten, f\u00fcr die er verantwortlich ist, einh\u00e4lt und offensichtlich die in Artikel 5 der DSGVO beschriebenen Grunds\u00e4tze einh\u00e4lt, wonach die Daten auf rechtm\u00e4\u00dfige, faire und transparente Weise in Bezug auf die betroffene Person verarbeitet werden und f\u00fcr die Zwecke, f\u00fcr die sie verarbeitet werden, angemessen, relevant und auf das Notwendige beschr\u00e4nkt sind.<\/p>\n<p>Der DATENVERANTWORTLICHE garantiert, dass alle geeigneten technischen und organisatorischen Ma\u00dfnahmen ergriffen wurden, um die von der DSGVO festgelegten Sicherheitsma\u00dfnahmen anzuwenden, um die Rechte und Freiheiten der Nutzer zu sch\u00fctzen, und dass er ihnen die entsprechenden Informationen mitgeteilt hat, damit sie ihre Rechte und Freiheiten aus\u00fcben k\u00f6nnen.<\/p>\n<\/div>\n<\/div>\n<\/div>\n<\/div>\n<\/div>\n<\/div>\n\n\t\t<\/div>\n\t<\/div>\n\n\t<div class=\"wpb_text_column wpb_content_element txt_justify\" >\n\t\t<div class=\"wpb_wrapper\">\n\t\t\t\n\t\t<\/div>\n\t<\/div>\n<\/div><\/div><\/div><\/div>\n<\/div>","protected":false},"excerpt":{"rendered":"1. BENUTZERINFORMATIONEN MARBELLA RENT A CAR, im Folgenden der DATENVERANTWORTLICHE, ist f\u00fcr die Verarbeitung der personenbezogenen Daten des Benutzers verantwortlich und informiert Sie dar\u00fcber, dass diese Daten gem\u00e4\u00df den Bestimmungen der Verordnung (EU) 2016\/679 vom 27. April 2016 (GDPR) zum Schutz nat\u00fcrlicher Personen bei der Verarbeitung [...] verarbeitet werden.","protected":false},"author":1,"featured_media":0,"parent":0,"menu_order":0,"comment_status":"closed","ping_status":"closed","template":"","meta":{"_joinchat":[],"footnotes":""},"class_list":["post-1574","page","type-page","status-publish"],"_links":{"self":[{"href":"https:\/\/marbellarentacar.es\/de\/wp-json\/wp\/v2\/pages\/1574","targetHints":{"allow":["GET"]}}],"collection":[{"href":"https:\/\/marbellarentacar.es\/de\/wp-json\/wp\/v2\/pages"}],"about":[{"href":"https:\/\/marbellarentacar.es\/de\/wp-json\/wp\/v2\/types\/page"}],"author":[{"embeddable":true,"href":"https:\/\/marbellarentacar.es\/de\/wp-json\/wp\/v2\/users\/1"}],"replies":[{"embeddable":true,"href":"https:\/\/marbellarentacar.es\/de\/wp-json\/wp\/v2\/comments?post=1574"}],"version-history":[{"count":0,"href":"https:\/\/marbellarentacar.es\/de\/wp-json\/wp\/v2\/pages\/1574\/revisions"}],"wp:attachment":[{"href":"https:\/\/marbellarentacar.es\/de\/wp-json\/wp\/v2\/media?parent=1574"}],"curies":[{"name":"wp","href":"https:\/\/api.w.org\/{rel}","templated":true}]}}