{"id":10077,"date":"2020-10-26T11:03:53","date_gmt":"2020-10-26T10:03:53","guid":{"rendered":"https:\/\/marbellarentacar.es\/?page_id=10077"},"modified":"2023-06-23T21:34:07","modified_gmt":"2023-06-23T19:34:07","slug":"shuttle-bus-service","status":"publish","type":"page","link":"https:\/\/marbellarentacar.es\/de\/shuttle-bus-service\/","title":{"rendered":"Shuttle-Bus-Service"},"content":{"rendered":"<div class=\"wpb-content-wrapper\"><div class=\"vc_row wpb_row vc_row-fluid\"><div class=\"wpb_column vc_column_container vc_col-sm-6\"><div class=\"vc_column-inner vc_custom_1461081838715\"><div class=\"wpb_wrapper\"><div class=\"wpb_gmaps_widget wpb_content_element\"><h2 class=\"wpb_heading wpb_map_heading\">Standort<\/h2><div class=\"wpb_wrapper\"><div class=\"wpb_map_wraper\"><iframe src=\"https:\/\/www.google.com\/maps\/embed?pb=!1m18!1m12!1m3!1d3200.0964324860233!2d-4.477837449005518!3d36.672182382496544!2m3!1f0!2f0!3f0!3m2!1i1024!2i768!4f13.1!3m3!1m2!1s0xd72fa226676d7b5%3A0x83c501999b0af897!2sMarbella+Rent+a+Car+-+Oficina+Aeropuerto+M%C3%A1laga!5e0!3m2!1ses!2ses!4v1518010405086\"  height=\"670\" frameborder=\"0\" style=\"border:0\" allowfullscreen><\/iframe><\/div><\/div><\/div><div class=\"vc_empty_space\"   style=\"height: 32px\"><span class=\"vc_empty_space_inner\"><\/span><\/div><div class=\"vc_message_box vc_message_box-standard vc_message_box-rounded vc_color-alert-info vc_do_message\" ><div class=\"vc_message_box-icon\"><i class=\"fa fa-map-marker\"><\/i><\/div><p>Pol\u00edgono Industrial Villarosa<br \/>\nCarretera Guadalmar, 4 und 6<br \/>\nE-29004 M\u00e1laga (Flughafenbereich)<\/p>\n<\/div><div class=\"vc_btn3-container  botoncomollegar vc_btn3-center vc_custom_1526652705280 vc_do_btn\" ><a class=\"vc_general vc_btn3 vc_btn3-size-lg vc_btn3-shape-rounded vc_btn3-style-3d vc_btn3-block vc_btn3-icon-left vc_btn3-color-primary\" href=\"https:\/\/www.google.es\/maps\/dir\/Ctra.+Guadalmar,+36,+29004+M%C3%A1laga\/Aeropuerto,+M%C3%A1laga\/@36.671118,-4.4890702,15z\/data=!3m1!4b1!4m13!4m12!1m5!1m1!1s0xd72f98e79236757:0x6799e977aa2dca4!2m2!1d-4.4718578!2d36.6710831!1m5!1m1!1s0xd72fa3faf59669b:0xa244f8681e5b670!2m2!1d-4.4928531!2d36.6732025\" title=\"Google Maps\" target=\"_blank\" rel=\"noopener\"><i class=\"vc_btn3-icon fa fa-map-marker\"><\/i> Wie man vom Flughafen kommt<\/a><\/div><\/div><\/div><\/div><div class=\"wpb_column vc_column_container vc_col-sm-6\"><div class=\"vc_column-inner\"><div class=\"wpb_wrapper\"><div class=\"vc_empty_space\"   style=\"height: 32px\"><span class=\"vc_empty_space_inner\"><\/span><\/div><div id=\"ultimate-heading-261869e5e1a19d17d\" class=\"uvc-heading ult-adjust-bottom-margin ultimate-heading-261869e5e1a19d17d uvc-7650\" data-hspacer=\"no_spacer\"  data-halign=\"left\" style=\"text-align:left\"><div class=\"uvc-heading-spacer no_spacer\" style=\"top\"><\/div><div class=\"uvc-main-heading ult-responsive\"  data-ultimate-target='.uvc-heading.ultimate-heading-261869e5e1a19d17d h2'  data-responsive-json-new='{\"font-size\":\"\",\"line-height\":\"\"}' ><h2 style=\"font-weight:normal;\">ABHOLEN:<\/h2><\/div><div class=\"uvc-sub-heading ult-responsive\"  data-ultimate-target='.uvc-heading.ultimate-heading-261869e5e1a19d17d .uvc-sub-heading '  data-responsive-json-new='{\"font-size\":\"\",\"line-height\":\"\"}'  style=\"font-weight:normal;\">Verlassen Sie die Ankunftshalle durch den Haupteingang und gehen Sie etwa 20 Meter geradeaus.<br \/>\n\u00dcberqueren Sie den Fu\u00dfg\u00e4nger\u00fcberweg und gehen Sie ca. 30 Meter geradeaus in Richtung Bahnhof.<br \/>\nGleich hinter dem Bahnhof befindet sich die Haltestelle f\u00fcr die Minibusse.<br \/>\nBitte warten Sie am Schild \"Shuttle Bus\/ Courtesy Bus\/ minib\u00fas de cortes\u00eda\".<br \/>\nSie erkennen unseren blauen Linienbus an dem Logo von <a class=\"wpil_keyword_link\" href=\"https:\/\/marbellarentacar.es\/de\/\" title=\"MARBELLA EIN AUTO MIETEN\" data-wpil-keyword-link=\"linked\">MARBELLA EIN AUTO MIETEN<\/a> <\/div><\/div><div class=\"vc_separator wpb_content_element vc_separator_align_center vc_sep_width_100 vc_sep_border_width_3 vc_sep_pos_align_center vc_separator_no_text vc_custom_1603706889672 wpb_content_element  vc_custom_1603706889672 wpb_content_element\" ><span class=\"vc_sep_holder vc_sep_holder_l\"><span style=\"border-color:#0073aa;\" class=\"vc_sep_line\"><\/span><\/span><span class=\"vc_sep_holder vc_sep_holder_r\"><span style=\"border-color:#0073aa;\" class=\"vc_sep_line\"><\/span><\/span>\n<\/div><div id=\"ultimate-heading-425769e5e1a19d457\" class=\"uvc-heading ult-adjust-bottom-margin ultimate-heading-425769e5e1a19d457 uvc-6784\" data-hspacer=\"no_spacer\"  data-halign=\"left\" style=\"text-align:left\"><div class=\"uvc-heading-spacer no_spacer\" style=\"top\"><\/div><div class=\"uvc-main-heading ult-responsive\"  data-ultimate-target='.uvc-heading.ultimate-heading-425769e5e1a19d457 h2'  data-responsive-json-new='{\"font-size\":\"\",\"line-height\":\"\"}' ><h2 style=\"font-weight:normal;\">DROP OFF:<\/h2><\/div><div class=\"uvc-sub-heading ult-responsive\"  data-ultimate-target='.uvc-heading.ultimate-heading-425769e5e1a19d457 .uvc-sub-heading '  data-responsive-json-new='{\"font-size\":\"\",\"line-height\":\"\"}'  style=\"font-weight:normal;\">Tag und Uhrzeit der R\u00fcckgabe sind bei der Ankunft mit MARBELLA RENT A CAR abzustimmen oder, falls dies nicht m\u00f6glich ist, einen Tag vor der R\u00fcckgabe telefonisch zu best\u00e4tigen.<br \/>\ndas Auto, das neueste. Die Abgabestelle befindet sich in unserem Depot in der N\u00e4he des Flughafens. Sobald Sie ausgecheckt haben, werden Sie zum Abflugort gebracht.<br \/>\nTerminal wieder mit dem Shuttlebus zu erreichen.<br \/>\nSollten Sie uns aus irgendeinem Grund nicht finden, rufen Sie uns bitte an (+34 685 985 728).<\/div><\/div><div class=\"vc_separator wpb_content_element vc_separator_align_center vc_sep_width_100 vc_sep_border_width_3 vc_sep_pos_align_center vc_separator_no_text vc_custom_1603706884294 wpb_content_element  vc_custom_1603706884294 wpb_content_element\" ><span class=\"vc_sep_holder vc_sep_holder_l\"><span style=\"border-color:#0073aa;\" class=\"vc_sep_line\"><\/span><\/span><span class=\"vc_sep_holder vc_sep_holder_r\"><span style=\"border-color:#0073aa;\" class=\"vc_sep_line\"><\/span><\/span>\n<\/div>\n\t<div  class=\"wpb_single_image wpb_content_element vc_align_center wpb_content_element wpb_animate_when_almost_visible wpb_fadeInRight fadeInRight\">\n\t\t\n\t\t<figure class=\"wpb_wrapper vc_figure\">\n\t\t\t<div class=\"vc_single_image-wrapper   vc_box_border_grey\"><img decoding=\"async\" width=\"533\" height=\"297\" src=\"https:\/\/marbellarentacar.es\/wp-content\/uploads\/2018\/05\/BUS-01A.jpg\" class=\"vc_single_image-img attachment-full\" alt=\"Renta a Car\" title=\"Renta a Car\" srcset=\"https:\/\/marbellarentacar.es\/wp-content\/uploads\/2018\/05\/BUS-01A.jpg 533w, https:\/\/marbellarentacar.es\/wp-content\/uploads\/2018\/05\/BUS-01A-300x167.jpg 300w\" sizes=\"(max-width: 533px) 100vw, 533px\" \/><\/div>\n\t\t<\/figure>\n\t<\/div>\n<div class=\"vc_message_box vc_message_box-standard vc_message_box-rounded vc_color-info vc_custom_1548242129520 vc_do_message\" ><div class=\"vc_message_box-icon\"><i class=\"fas fa-info-circle\"><\/i><\/div><h6>Nur Abholung am Flughafen Malaga AGP, dieser Service ist komplett <span style=\"color: #ff0000;\">kostenlos<\/span> au\u00dfer bei Fahrten au\u00dferhalb der \u00d6ffnungszeiten. Mehr Informationen <a style=\"text-decoration: underline;\" href=\"https:\/\/marbellarentacar.es\/de\/extras\/\" target=\"_blank\" rel=\"noopener noreferrer\">hier<\/a>.<\/h6>\n<\/div><\/div><\/div><\/div><\/div><div class=\"vc_row wpb_row vc_row-fluid\"><div class=\"wpb_column vc_column_container vc_col-sm-12\"><div class=\"vc_column-inner\"><div class=\"wpb_wrapper\"><div class=\"vc_empty_space\"   style=\"height: 32px\"><span class=\"vc_empty_space_inner\"><\/span><\/div><div class=\"vc_separator wpb_content_element vc_separator_align_center vc_sep_width_100 vc_sep_border_width_3 vc_sep_pos_align_center vc_separator_no_text wpb_content_element  wpb_content_element\" ><span class=\"vc_sep_holder vc_sep_holder_l\"><span style=\"border-color:#116ebf;\" class=\"vc_sep_line\"><\/span><\/span><span class=\"vc_sep_holder vc_sep_holder_r\"><span style=\"border-color:#116ebf;\" class=\"vc_sep_line\"><\/span><\/span>\n<\/div><div class=\"vc_empty_space\"   style=\"height: 32px\"><span class=\"vc_empty_space_inner\"><\/span><\/div><\/div><\/div><\/div><\/div><div class=\"vc_row wpb_row vc_row-fluid\"><div class=\"wpb_column vc_column_container vc_col-sm-2\"><div class=\"vc_column-inner\"><div class=\"wpb_wrapper\"><\/div><\/div><\/div><div class=\"wpb_column vc_column_container vc_col-sm-8\"><div class=\"vc_column-inner\"><div class=\"wpb_wrapper\">\n\t<div  class=\"wpb_single_image wpb_content_element vc_align_right wpb_content_element\">\n\t\t\n\t\t<figure class=\"wpb_wrapper vc_figure\">\n\t\t\t<div class=\"vc_single_image-wrapper   vc_box_border_grey\"><img decoding=\"async\" width=\"1024\" height=\"702\" src=\"https:\/\/marbellarentacar.es\/wp-content\/uploads\/2023\/06\/BUS-4.jpg\" class=\"vc_single_image-img attachment-full\" alt=\"Bus\" title=\"BUS-4\" srcset=\"https:\/\/marbellarentacar.es\/wp-content\/uploads\/2023\/06\/BUS-4.jpg 1024w, https:\/\/marbellarentacar.es\/wp-content\/uploads\/2023\/06\/BUS-4-300x206.jpg 300w, https:\/\/marbellarentacar.es\/wp-content\/uploads\/2023\/06\/BUS-4-768x527.jpg 768w, https:\/\/marbellarentacar.es\/wp-content\/uploads\/2023\/06\/BUS-4-18x12.jpg 18w\" sizes=\"(max-width: 1024px) 100vw, 1024px\" \/><\/div>\n\t\t<\/figure>\n\t<\/div>\n<\/div><\/div><\/div><div class=\"wpb_column vc_column_container vc_col-sm-2\"><div class=\"vc_column-inner\"><div class=\"wpb_wrapper\"><\/div><\/div><\/div><\/div><div class=\"vc_row wpb_row vc_row-fluid\"><div class=\"wpb_column vc_column_container vc_col-sm-3\"><div class=\"vc_column-inner\"><div class=\"wpb_wrapper\"><\/div><\/div><\/div><div class=\"wpb_column vc_column_container vc_col-sm-6\"><div class=\"vc_column-inner\"><div class=\"wpb_wrapper\"><div class=\"vc_btn3-container  wpb_animate_when_almost_visible wpb_fadeInDown fadeInDown vc_btn3-center vc_do_btn\" ><a class=\"vc_general vc_btn3 vc_btn3-size- vc_btn3-shape-rounded vc_btn3-style-classic vc_btn3-block vc_btn3-icon-left vc_btn3-color-primary\" href=\"http:\/\/m.me\/marbellarentacahelp\" title=\"\" target=\"_blank\" rel=\"nofollow\"><i class=\"vc_btn3-icon fa fa-comment\"><\/i> Senden Sie an einen Messenger, in Echtzeit.<\/a><\/div><\/div><\/div><\/div><div class=\"wpb_column vc_column_container vc_col-sm-3\"><div class=\"vc_column-inner\"><div class=\"wpb_wrapper\"><\/div><\/div><\/div><\/div><div class=\"vc_row wpb_row vc_row-fluid vc_custom_1518009491496\"><div class=\"wpb_column vc_column_container vc_col-sm-12\"><div class=\"vc_column-inner\"><div class=\"wpb_wrapper\"><div class=\"vc_icon_element vc_icon_element-outer vc_do_icon contact_icon wpb_animate_when_almost_visible wpb_flipInX flipInX vc_icon_element-align-center vc_icon_element-have-style\"><div class=\"vc_icon_element-inner vc_icon_element-color-white vc_icon_element-have-style-inner vc_icon_element-size-md vc_icon_element-style-rounded vc_icon_element-background vc_icon_element-background-color-secondary_color_background\" ><span class=\"vc_icon_element-icon fa fa-map-marker\" ><\/span><\/div><\/div>\n\t<div class=\"wpb_text_column wpb_content_element vc_custom_1552562721317\" >\n\t\t<div class=\"wpb_wrapper\">\n\t\t\t<h3 style=\"text-align: center;\"><span style=\"font-weight: 900;\">M\u00c1LAGA Flughafen<\/span><\/h3>\n<h5 style=\"text-align: center;\"><span style=\"font-weight: 900;\">Zentralb\u00fcro<\/span><\/h5>\n<p style=\"text-align: center;\">Industriegebiet Villarosa<br \/>\nCarretera Guadalmar, 4 und 6<br \/>\nE-29004 M\u00e1laga (Flughafenbereich)<\/p>\n\n\t\t<\/div>\n\t<\/div>\n<div class=\"vc_btn3-container  wpb_animate_when_almost_visible wpb_fadeInDown fadeInDown vc_btn3-center vc_custom_1518009645569 vc_do_btn\" ><a class=\"vc_general vc_btn3 vc_btn3-size-md vc_btn3-shape-rounded vc_btn3-style-modern vc_btn3-block vc_btn3-icon-left vc_btn3-color-default\" href=\"tel:+34952241288\" title=\"\"><i class=\"vc_btn3-icon fa fa-phone-square\"><\/i> +34 952 24 12 88<\/a><\/div><div class=\"vc_btn3-container  wpb_animate_when_almost_visible wpb_fadeInDown fadeInDown vc_btn3-center vc_custom_1528447454604 vc_do_btn\" ><a class=\"vc_general vc_btn3 vc_btn3-size-md vc_btn3-shape-rounded vc_btn3-style-modern vc_btn3-block vc_btn3-icon-left vc_btn3-color-default\" href=\"https:\/\/api.whatsapp.com\/send?phone=34685985728\" title=\"\" target=\"_blank\" rel=\"noopener\"><i class=\"vc_btn3-icon fa fa-whatsapp\"><\/i> +34 685 985 728<\/a><\/div><\/div><\/div><\/div><\/div>\n<\/div>","protected":false},"excerpt":{"rendered":"LagePol\u00edgono Industrial Villarosa Carretera Guadalmar, 4 y 6 E-29004 M\u00e1laga (Flughafenbereich) Anfahrt vom FlughafenAbholung:Verlassen Sie die Ankunftshalle durch den Haupteingang und gehen Sie etwa 20 Meter geradeaus. \u00dcberqueren Sie den Fu\u00dfg\u00e4nger\u00fcberweg und gehen Sie ca. 30 Meter geradeaus in Richtung Bahnhof. Gleich hinter [...]","protected":false},"author":1,"featured_media":0,"parent":0,"menu_order":0,"comment_status":"closed","ping_status":"closed","template":"","meta":{"_joinchat":[],"footnotes":""},"class_list":["post-10077","page","type-page","status-publish"],"_links":{"self":[{"href":"https:\/\/marbellarentacar.es\/de\/wp-json\/wp\/v2\/pages\/10077","targetHints":{"allow":["GET"]}}],"collection":[{"href":"https:\/\/marbellarentacar.es\/de\/wp-json\/wp\/v2\/pages"}],"about":[{"href":"https:\/\/marbellarentacar.es\/de\/wp-json\/wp\/v2\/types\/page"}],"author":[{"embeddable":true,"href":"https:\/\/marbellarentacar.es\/de\/wp-json\/wp\/v2\/users\/1"}],"replies":[{"embeddable":true,"href":"https:\/\/marbellarentacar.es\/de\/wp-json\/wp\/v2\/comments?post=10077"}],"version-history":[{"count":0,"href":"https:\/\/marbellarentacar.es\/de\/wp-json\/wp\/v2\/pages\/10077\/revisions"}],"wp:attachment":[{"href":"https:\/\/marbellarentacar.es\/de\/wp-json\/wp\/v2\/media?parent=10077"}],"curies":[{"name":"wp","href":"https:\/\/api.w.org\/{rel}","templated":true}]}}